{"id":600,"date":"2024-03-05T09:23:18","date_gmt":"2024-03-05T08:23:18","guid":{"rendered":"https:\/\/www.servicepraxis.com\/plugins\/?page_id=600"},"modified":"2025-05-23T07:52:57","modified_gmt":"2025-05-23T05:52:57","slug":"photoswipe-fuer-kuenstler","status":"publish","type":"page","link":"https:\/\/www.servicepraxis.com\/plugins\/lightbox\/photoswipe-fuer-kuenstler\/","title":{"rendered":"Photoswipe f\u00fcr K\u00fcnstler"},"content":{"rendered":"\n<p>Die Kombination von Photoswipe und Masonry hat die Standards f\u00fcr Bildergalerien im Web angehoben und eine neue \u00c4ra der Bildanzeige eingeleitet. Mit beeindruckender \u00c4sthetik, erstklassiger Benutzererfahrung und responsiver Funktionalit\u00e4t setzen die beiden Bibliotheken die Messlatte f\u00fcr die Zukunft der Bildpr\u00e4sentation im digitalen Raum, gerade f\u00fcr K\u00fcnstler und Galeristen.<\/p>\n\n\n\n<h3 class=\"wp-block-heading\">Werkpr\u00e4sentation Fallbeispiel<\/h3>\n\n\n\n<p>Unterschiedliche Formate von Bildern und Objekte k\u00f6nnen durch den Effekt eines Mauerwerks visualisiert werden. Angeklickt kann man diese vergr\u00f6\u00dfern. Informationen dazu gibt es in der Bildunterschrift. Nach Wunsch mit Verlinkung zu einem Anfrageformular, das Seite und Name der Bilddatei eindeutig angibt. Im Formular hat man dann auch nochmal die M\u00f6glichkeit, sich das gew\u00fcnschte Werk anzuschauen.<\/p>\n\n\n\n<div class=\"wp-block-group card-container-group d-print-none data-aos_zoom-in data-aos-delay_200 data-aos-duration_400 aos-init\"><div class=\"wp-block-group__inner-container\">\n<p class=\"small\"><strong>Anna Thorwest<\/strong><\/p>\n\n\n\n<p class=\"small\">\u00bb1928 in Arad, Ungarn, in eine gut b\u00fcrgerliche Familie geboren, war es nicht opportun, dass Anna Thorwest Bildhauerin werden wollte. So schloss sie sich, wann immer m\u00f6glich, f\u00fcr l\u00e4ngere Zeit ins Badezimmer ein (was M\u00e4dchen d\u00fcrfen oder sogar sollen) und formte dort Figuren aus heimlich besorgtem Ton. 1946 setzte sie sich durch und begann ihre Ausbildung bei Prof. Ferenczi Beni an der Kunstakademie in Budapest.\u00ab Eva Mueller Kunstberatung <a title=\"www.kunstberatung.de\" href=\"https:\/\/www.kunstberatung.de\" target=\"_blank\" rel=\"noreferrer noopener\">www.kunstberatung.de <img loading=\"lazy\" decoding=\"async\" alt=\"weiter lesen\" width=\"10\" height=\"10\" style=\"opacity: 0.8;\" src=\"\/wp-content\/themes\/tourismustv\/fonts\/icons\/arrow-up-right.svg\"><\/a><\/p>\n\n\n\n<figure class=\"wp-block-gallery has-nested-images columns-5\">\n<figure class=\"wp-block-image size-large\"><a href=\"https:\/\/www.servicepraxis.com\/plugins\/wp-content\/uploads\/sites\/6\/blg6_gal_thorwest_0010.jpg\" data-lbwps-gid=\"2\" data-lbwps-width=\"1927\" data-lbwps-height=\"847\" data-lbwps-srcsmall=\"https:\/\/www.servicepraxis.com\/plugins\/wp-content\/uploads\/sites\/6\/blg6_gal_thorwest_0010.jpg\"><img loading=\"lazy\" decoding=\"async\" width=\"1927\" height=\"847\" data-id=\"598\" src=\"https:\/\/www.servicepraxis.com\/plugins\/wp-content\/uploads\/sites\/6\/blg6_gal_thorwest_0010.jpg\" alt=\"Skulptur Vorderansicht 40x70 cm o.J. Anna Thorwest \u00a9 mit freundlicher Genehmigung Eva Mueller Kunstberatung\" class=\"wp-image-598 img-fluid \" srcset=\"https:\/\/www.servicepraxis.com\/plugins\/wp-content\/uploads\/sites\/6\/\/blg6_gal_thorwest_0010.jpg 1927w, https:\/\/www.servicepraxis.com\/plugins\/wp-content\/uploads\/sites\/6\/\/blg6_gal_thorwest_0010-768x338.jpg 768w, https:\/\/www.servicepraxis.com\/plugins\/wp-content\/uploads\/sites\/6\/\/blg6_gal_thorwest_0010-1536x675.jpg 1536w\" sizes=\"auto, (max-width: 1927px) 100vw, 1927px\" \/><\/a><figcaption class=\"wp-element-caption\">Skulptur Vorderansicht 40&#215;70 cm o.J. Anna Thorwest \u00a9 mit freundlicher Genehmigung Eva Mueller Kunstberatung<\/figcaption><\/figure>\n\n\n\n<figure class=\"wp-block-image size-large\"><a href=\"https:\/\/www.servicepraxis.com\/plugins\/wp-content\/uploads\/sites\/6\/blg6_gal_thorwest_009.jpg\" data-lbwps-gid=\"2\" data-lbwps-width=\"4032\" data-lbwps-height=\"3024\" data-lbwps-srcsmall=\"https:\/\/www.servicepraxis.com\/plugins\/wp-content\/uploads\/sites\/6\/blg6_gal_thorwest_009.jpg\"><img decoding=\"async\" data-id=\"597\" src=\"https:\/\/www.servicepraxis.com\/plugins\/wp-content\/uploads\/sites\/6\/blg6_gal_thorwest_009.jpg\" alt=\"Zeichnung o.T. o.J. Anna Thorwest \u00a9 mit freundlicher Genehmigung Eva Mueller Kunstberatung\" class=\"wp-image-597 img-fluid \"\/><\/a><figcaption class=\"wp-element-caption\">Zeichnung o.T. o.J. Anna Thorwest \u00a9 mit freundlicher Genehmigung Eva Mueller Kunstberatung<\/figcaption><\/figure>\n\n\n\n<figure class=\"wp-block-image size-large\"><a href=\"https:\/\/www.servicepraxis.com\/plugins\/wp-content\/uploads\/sites\/6\/blg6_gal_thorwest_008.jpg\" data-lbwps-gid=\"2\" data-lbwps-width=\"1234\" data-lbwps-height=\"1246\" data-lbwps-srcsmall=\"https:\/\/www.servicepraxis.com\/plugins\/wp-content\/uploads\/sites\/6\/blg6_gal_thorwest_008.jpg\"><img loading=\"lazy\" decoding=\"async\" width=\"1234\" height=\"1246\" data-id=\"596\" src=\"https:\/\/www.servicepraxis.com\/plugins\/wp-content\/uploads\/sites\/6\/blg6_gal_thorwest_008.jpg\" alt=\"Zeichnung o.T. 50x50 cm o.J. Anna Thorwest \u00a9 mit freundlicher Genehmigung Eva Mueller Kunstberatung\" class=\"wp-image-596 img-fluid \" srcset=\"https:\/\/www.servicepraxis.com\/plugins\/wp-content\/uploads\/sites\/6\/\/blg6_gal_thorwest_008.jpg 1234w, https:\/\/www.servicepraxis.com\/plugins\/wp-content\/uploads\/sites\/6\/\/blg6_gal_thorwest_008-768x775.jpg 768w, https:\/\/www.servicepraxis.com\/plugins\/wp-content\/uploads\/sites\/6\/\/blg6_gal_thorwest_008-150x150.jpg 150w\" sizes=\"auto, (max-width: 1234px) 100vw, 1234px\" \/><\/a><figcaption class=\"wp-element-caption\">Zeichnung o.T. 50&#215;50 cm o.J. Anna Thorwest \u00a9 mit freundlicher Genehmigung Eva Mueller Kunstberatung<\/figcaption><\/figure>\n\n\n\n<figure class=\"wp-block-image size-large\"><a href=\"https:\/\/www.servicepraxis.com\/plugins\/wp-content\/uploads\/sites\/6\/blg6_gal_thorwest_007.jpg\" data-lbwps-gid=\"2\" data-lbwps-width=\"1296\" data-lbwps-height=\"1318\" data-lbwps-srcsmall=\"https:\/\/www.servicepraxis.com\/plugins\/wp-content\/uploads\/sites\/6\/blg6_gal_thorwest_007.jpg\"><img loading=\"lazy\" decoding=\"async\" width=\"1296\" height=\"1318\" data-id=\"595\" src=\"https:\/\/www.servicepraxis.com\/plugins\/wp-content\/uploads\/sites\/6\/blg6_gal_thorwest_007.jpg\" alt=\"Zeichnung o.T. 40x50 cm o.J. Anna Thorwest \u00a9 mit freundlicher Genehmigung Eva Mueller Kunstberatung\" class=\"wp-image-595 img-fluid \" srcset=\"https:\/\/www.servicepraxis.com\/plugins\/wp-content\/uploads\/sites\/6\/\/blg6_gal_thorwest_007.jpg 1296w, https:\/\/www.servicepraxis.com\/plugins\/wp-content\/uploads\/sites\/6\/\/blg6_gal_thorwest_007-768x781.jpg 768w\" sizes=\"auto, (max-width: 1296px) 100vw, 1296px\" \/><\/a><figcaption class=\"wp-element-caption\">Zeichnung o.T. 40&#215;50 cm o.J. Anna Thorwest \u00a9 mit freundlicher Genehmigung Eva Mueller Kunstberatung<\/figcaption><\/figure>\n\n\n\n<figure class=\"wp-block-image size-large\"><a href=\"https:\/\/www.servicepraxis.com\/plugins\/wp-content\/uploads\/sites\/6\/blg6_gal_thorwest_006.jpg\" data-lbwps-gid=\"2\" data-lbwps-width=\"1518\" data-lbwps-height=\"1318\" data-lbwps-srcsmall=\"https:\/\/www.servicepraxis.com\/plugins\/wp-content\/uploads\/sites\/6\/blg6_gal_thorwest_006.jpg\"><img loading=\"lazy\" decoding=\"async\" width=\"1518\" height=\"1318\" data-id=\"594\" src=\"https:\/\/www.servicepraxis.com\/plugins\/wp-content\/uploads\/sites\/6\/blg6_gal_thorwest_006.jpg\" alt=\"Collage Schwarz-Wei\u00df o.T. 50x70 cm o.J. Anna Thorwest \u00a9 mit freundlicher Genehmigung Eva Mueller Kunstberatung\" class=\"wp-image-594 img-fluid \" srcset=\"https:\/\/www.servicepraxis.com\/plugins\/wp-content\/uploads\/sites\/6\/\/blg6_gal_thorwest_006.jpg 1518w, https:\/\/www.servicepraxis.com\/plugins\/wp-content\/uploads\/sites\/6\/\/blg6_gal_thorwest_006-768x667.jpg 768w\" sizes=\"auto, (max-width: 1518px) 100vw, 1518px\" \/><\/a><figcaption class=\"wp-element-caption\">Collage Schwarz-Wei\u00df o.T. 50&#215;70 cm o.J. Anna Thorwest \u00a9 mit freundlicher Genehmigung Eva Mueller Kunstberatung<\/figcaption><\/figure>\n\n\n\n<figure class=\"wp-block-image size-large\"><a href=\"https:\/\/www.servicepraxis.com\/plugins\/wp-content\/uploads\/sites\/6\/blg6_gal_thorwest_005.jpg\" data-lbwps-gid=\"2\" data-lbwps-width=\"1174\" data-lbwps-height=\"1194\" data-lbwps-srcsmall=\"https:\/\/www.servicepraxis.com\/plugins\/wp-content\/uploads\/sites\/6\/blg6_gal_thorwest_005.jpg\"><img loading=\"lazy\" decoding=\"async\" width=\"1174\" height=\"1194\" data-id=\"593\" src=\"https:\/\/www.servicepraxis.com\/plugins\/wp-content\/uploads\/sites\/6\/blg6_gal_thorwest_005.jpg\" alt=\"Collage Quadrat o.T. 50x50 cm o.J. Anna Thorwest \u00a9 mit freundlicher Genehmigung Eva Mueller Kunstberatung\" class=\"wp-image-593 img-fluid \" srcset=\"https:\/\/www.servicepraxis.com\/plugins\/wp-content\/uploads\/sites\/6\/\/blg6_gal_thorwest_005.jpg 1174w, https:\/\/www.servicepraxis.com\/plugins\/wp-content\/uploads\/sites\/6\/\/blg6_gal_thorwest_005-768x781.jpg 768w\" sizes=\"auto, (max-width: 1174px) 100vw, 1174px\" \/><\/a><figcaption class=\"wp-element-caption\">Collage Quadrat o.T. 50&#215;50 cm o.J. Anna Thorwest \u00a9 mit freundlicher Genehmigung Eva Mueller Kunstberatung<\/figcaption><\/figure>\n\n\n\n<figure class=\"wp-block-image size-large\"><a href=\"https:\/\/www.servicepraxis.com\/plugins\/wp-content\/uploads\/sites\/6\/blg6_gal_thorwest_004.jpg\" data-lbwps-gid=\"2\" data-lbwps-width=\"1518\" data-lbwps-height=\"3882\" data-lbwps-srcsmall=\"https:\/\/www.servicepraxis.com\/plugins\/wp-content\/uploads\/sites\/6\/blg6_gal_thorwest_004.jpg\"><img decoding=\"async\" data-id=\"592\" src=\"https:\/\/www.servicepraxis.com\/plugins\/wp-content\/uploads\/sites\/6\/blg6_gal_thorwest_004.jpg\" alt=\"Skulptur Acryl 30x70 cm o.J. Anna Thorwest \u00a9 mit freundlicher Genehmigung Eva Mueller Kunstberatung\" class=\"wp-image-592 img-fluid \"\/><\/a><figcaption class=\"wp-element-caption\">Skulptur Acryl 30&#215;70 cm o.J. Anna Thorwest \u00a9 mit freundlicher Genehmigung Eva Mueller Kunstberatung<\/figcaption><\/figure>\n\n\n\n<figure class=\"wp-block-image size-large\"><a href=\"https:\/\/www.servicepraxis.com\/plugins\/wp-content\/uploads\/sites\/6\/blg6_gal_thorwest_003.jpg\" data-lbwps-gid=\"2\" data-lbwps-width=\"1740\" data-lbwps-height=\"1237\" data-lbwps-srcsmall=\"https:\/\/www.servicepraxis.com\/plugins\/wp-content\/uploads\/sites\/6\/blg6_gal_thorwest_003.jpg\"><img loading=\"lazy\" decoding=\"async\" width=\"1740\" height=\"1237\" data-id=\"591\" src=\"https:\/\/www.servicepraxis.com\/plugins\/wp-content\/uploads\/sites\/6\/blg6_gal_thorwest_003.jpg\" alt=\"Zeichnung o.T. 50x70 cm o.J. Anna Thorwest \u00a9 mit freundlicher Genehmigung Eva Mueller Kunstberatung\" class=\"wp-image-591 img-fluid \" srcset=\"https:\/\/www.servicepraxis.com\/plugins\/wp-content\/uploads\/sites\/6\/\/blg6_gal_thorwest_003.jpg 1740w, https:\/\/www.servicepraxis.com\/plugins\/wp-content\/uploads\/sites\/6\/\/blg6_gal_thorwest_003-768x546.jpg 768w, https:\/\/www.servicepraxis.com\/plugins\/wp-content\/uploads\/sites\/6\/\/blg6_gal_thorwest_003-1536x1092.jpg 1536w\" sizes=\"auto, (max-width: 1740px) 100vw, 1740px\" \/><\/a><figcaption class=\"wp-element-caption\">Zeichnung o.T. 50&#215;70 cm o.J. Anna Thorwest \u00a9 mit freundlicher Genehmigung Eva Mueller Kunstberatung<\/figcaption><\/figure>\n\n\n\n<figure class=\"wp-block-image size-large\"><a href=\"https:\/\/www.servicepraxis.com\/plugins\/wp-content\/uploads\/sites\/6\/blg6_gal_thorwest_002.jpg\" data-lbwps-gid=\"2\" data-lbwps-width=\"3024\" data-lbwps-height=\"4032\" data-lbwps-srcsmall=\"https:\/\/www.servicepraxis.com\/plugins\/wp-content\/uploads\/sites\/6\/blg6_gal_thorwest_002.jpg\"><img decoding=\"async\" data-id=\"590\" src=\"https:\/\/www.servicepraxis.com\/plugins\/wp-content\/uploads\/sites\/6\/blg6_gal_thorwest_002.jpg\" alt=\"Skulptur Stahl 4x33 cm o.J. Anna Thorwest \u00a9 mit freundlicher Genehmigung Eva Mueller Kunstberatung\" class=\"wp-image-590 img-fluid \"\/><\/a><figcaption class=\"wp-element-caption\">Skulptur Stahl 4&#215;33 cm o.J. Anna Thorwest \u00a9 mit freundlicher Genehmigung Eva Mueller Kunstberatung<\/figcaption><\/figure>\n\n\n\n<figure class=\"wp-block-image size-large\"><a href=\"https:\/\/www.servicepraxis.com\/plugins\/wp-content\/uploads\/sites\/6\/blg6_gal_thorwest_001.jpg\" data-lbwps-gid=\"2\" data-lbwps-width=\"939\" data-lbwps-height=\"690\" data-lbwps-srcsmall=\"https:\/\/www.servicepraxis.com\/plugins\/wp-content\/uploads\/sites\/6\/blg6_gal_thorwest_001.jpg\"><img loading=\"lazy\" decoding=\"async\" width=\"939\" height=\"690\" data-id=\"589\" src=\"https:\/\/www.servicepraxis.com\/plugins\/wp-content\/uploads\/sites\/6\/blg6_gal_thorwest_001.jpg\" alt=\"Gelbblau 30x40 cm o.J. Anna Thorwest \u00a9 mit freundlicher Genehmigung Eva Mueller Kunstberatung\" class=\"wp-image-589 img-fluid \" srcset=\"https:\/\/www.servicepraxis.com\/plugins\/wp-content\/uploads\/sites\/6\/\/blg6_gal_thorwest_001.jpg 939w, https:\/\/www.servicepraxis.com\/plugins\/wp-content\/uploads\/sites\/6\/\/blg6_gal_thorwest_001-768x564.jpg 768w\" sizes=\"auto, (max-width: 939px) 100vw, 939px\" \/><\/a><figcaption class=\"wp-element-caption\">Gelbblau 30&#215;40 cm o.J. Anna Thorwest \u00a9 mit freundlicher Genehmigung Eva Mueller Kunstberatung<\/figcaption><\/figure>\n<\/figure>\n<\/div><\/div>\n\n\n\n<h3 class=\"wp-block-heading\">Perfekte Kombination mit Photoswipe und Masonry<\/h3>\n\n\n\n<p>Bildergalerien sind ein wesentlicher Bestandteil vieler Websites, da sie Inhalte ansprechend und attraktiv pr\u00e4sentieren. Die Fusion aus beeindruckenden Gestensteuerungen und dynamischen Layouts bietet K\u00fcnstlern und Galerien die M\u00f6glichkeit, ihre nicht nur Werke \u00e4sthetisch ansprechend zu pr\u00e4sentieren, sondern Besuchern auch eine erstklassige Benutzererfahrung zur erm\u00f6glichen.<\/p>\n\n\n\n<div class=\"card-container-group mb-4 d-print-none data-aos_zoom-in data-aos-delay_200 data-aos-duration_400\">\n <div class=\"banderole\">\n  <span class=\"exkurs\">Tipps<\/span>\n  <div class=\"card-container\">\n\t<div class=\"card\">\t\t\n\t\t<h3>Aktualit\u00e4t statt Retrospektive<\/h3>\n\t\t<p>Pr\u00e4sentieren Sie Ihr Werk \u00fcbersichtlich in wenige Kategorien unterteilt. Bevorzugen Sie Bilder, Objekte und Skulpturen die auch tats\u00e4chlich lieferbar sind. Vergriffenes, Retrospektiven, bebilderte R\u00fcckblicke auf Ausstellungen u.\u00a0\u00e4. k\u00f6nnen stattdessen in einem Archiv anspruchsvoll dargestellt werden.<\/p>\n\t<\/div>\n  <\/div>\n <\/div>\n<\/div>\n\n\n\n<p>Mit einer Vielzahl von Funktionen wie Vollbildmodus, Bildunterschriften und Zoom bietet <strong>Photoswipe<\/strong> eine umfassende L\u00f6sung f\u00fcr die Bildanzeige auf verschiedenen Plattformen und Ger\u00e4ten. Im Gegensatz zu traditionellen Rasterlayouts erlaubt <strong>Masonry<\/strong> eine flexiblere und organischere Anordnung, die sich nahtlos an verschiedene Bildgr\u00f6\u00dfen anpasst und eine optimale Nutzung des verf\u00fcgbaren Bildschirmplatzes erm\u00f6glicht.<\/p>\n\n\n\n<p>Durch die <strong>Kombination von Photoswipe und Masonry<\/strong> entsteht eine leistungsstarke Synergie. W\u00e4hrend Photoswipe f\u00fcr die Bildanzeige und Navigation verantwortlich ist, \u00fcbernimmt Masonry die Aufgabe der dynamischen Anordnung der Bilder. Das Ergebnis sind Bildergalerien, die nicht nur visuell ansprechend sind, sondern auch eine reibungslose und intuitive Benutzererfahrung bieten.<\/p>\n\n\n\n<h3 class=\"wp-block-heading\">Vielf\u00e4ltige Vorteile<\/h3>\n\n\n\n<p>Die dynamische Anordnung der Bilder durch Masonry in Kombination mit den eleganten Gestensteuerungen von Photoswipe schafft eine <strong>\u00e4sthetisch ansprechende Bildergalerie<\/strong>, die die Aufmerksamkeit der Benutzer auf sich zieht.<\/p>\n\n\n\n<p>Durch die nahtlose Integration von Photoswipe und Masonry wird eine <strong>exzellente Benutzererfahrung<\/strong> gew\u00e4hrleistet. Besucher:innen k\u00f6nnen Bilder intuitiv durchbl\u00e4ttern, zoomen und in den Vollbildmodus wechseln, w\u00e4hrend das dynamische Layout von Masonry eine optimale Pr\u00e4sentation sicherstellt.<\/p>\n\n\n\n<div class=\"wp-block-group card-container-group d-print-none data-aos_zoom-in data-aos-delay_200 data-aos-duration_400\"><div class=\"wp-block-group__inner-container\">\n<div class=\"wp-block-group call-to-action-group d-print-none\"><div class=\"wp-block-group__inner-container\">\n<p class=\"call-to-action-text\">Sie wollen Ideen f\u00fcr Ihre Werkpr\u00e4sentation kennenlernen?<br>Sichern Sie sich Ihr kostenfreies Vorgespr\u00e4ch<\/p>\n\n\n<div class=\"wp-bootstrap-blocks-button\">\n\t<a\n\t\thref=\"\/kontakt\/\"\n\t\t\t\t\t\tclass=\"btn call-to-action-button btn-secondary\"\n\t>\n\t\tTelefontermin vereinbaren\t<\/a>\n<\/div>\n<\/div><\/div>\n<\/div><\/div>\n\n\n\n<p>Die Kombination aus Photoswipe und Masonry ist vollst\u00e4ndig responsiv und passt sich automatisch an <strong>verschiedene Bildschirmgr\u00f6\u00dfen<\/strong> und Ger\u00e4te an. Dadurch wird sichergestellt, dass die Bildergalerie auf Desktops, Tablets und Smartphones gleicherma\u00dfen gut funktioniert.<\/p>\n\n\n\n<p>Trotz der komplexen Funktionalit\u00e4t wird eine <strong>erstklassige Leistung und Geschwindigkeit<\/strong> geboten. Die Galerie l\u00e4dt schnell und reagiert fl\u00fcssig, selbst bei einer gro\u00dfen Anzahl von Bildern.<\/p>\n\n\n\n\n","protected":false},"excerpt":{"rendered":"<p>Die Kombination von Photoswipe und Masonry hat die Standards f\u00fcr Bildergalerien im Web angehoben und eine neue \u00c4ra der Bildanzeige eingeleitet. Mit beeindruckender \u00c4sthetik, erstklassiger Benutzererfahrung und responsiver Funktionalit\u00e4t setzen die beiden Bibliotheken die Messlatte f\u00fcr die Zukunft der Bildpr\u00e4sentation im digitalen Raum, gerade f\u00fcr K\u00fcnstler und Galeristen. Werkpr\u00e4sentation Fallbeispiel Unterschiedliche Formate von Bildern und [&hellip;]<\/p>\n","protected":false},"author":1,"featured_media":588,"parent":342,"menu_order":24,"comment_status":"closed","ping_status":"closed","template":"","meta":{"_acf_changed":false,"footnotes":""},"tags":[6],"class_list":["post-600","page","type-page","status-publish","has-post-thumbnail","hentry","tag-bildergalerien"],"acf":[],"_links":{"self":[{"href":"https:\/\/www.servicepraxis.com\/plugins\/wp-json\/wp\/v2\/pages\/600","targetHints":{"allow":["GET"]}}],"collection":[{"href":"https:\/\/www.servicepraxis.com\/plugins\/wp-json\/wp\/v2\/pages"}],"about":[{"href":"https:\/\/www.servicepraxis.com\/plugins\/wp-json\/wp\/v2\/types\/page"}],"author":[{"embeddable":true,"href":"https:\/\/www.servicepraxis.com\/plugins\/wp-json\/wp\/v2\/users\/1"}],"replies":[{"embeddable":true,"href":"https:\/\/www.servicepraxis.com\/plugins\/wp-json\/wp\/v2\/comments?post=600"}],"version-history":[{"count":0,"href":"https:\/\/www.servicepraxis.com\/plugins\/wp-json\/wp\/v2\/pages\/600\/revisions"}],"up":[{"embeddable":true,"href":"https:\/\/www.servicepraxis.com\/plugins\/wp-json\/wp\/v2\/pages\/342"}],"wp:featuredmedia":[{"embeddable":true,"href":"https:\/\/www.servicepraxis.com\/plugins\/wp-json\/wp\/v2\/media\/588"}],"wp:attachment":[{"href":"https:\/\/www.servicepraxis.com\/plugins\/wp-json\/wp\/v2\/media?parent=600"}],"wp:term":[{"taxonomy":"post_tag","embeddable":true,"href":"https:\/\/www.servicepraxis.com\/plugins\/wp-json\/wp\/v2\/tags?post=600"}],"curies":[{"name":"wp","href":"https:\/\/api.w.org\/{rel}","templated":true}]}}