{"id":578,"date":"2023-11-14T08:40:05","date_gmt":"2023-11-14T07:40:05","guid":{"rendered":"https:\/\/www.servicepraxis.com\/plugins\/?page_id=578"},"modified":"2025-06-06T15:45:18","modified_gmt":"2025-06-06T13:45:18","slug":"backups","status":"publish","type":"page","link":"https:\/\/www.servicepraxis.com\/plugins\/wartung-und-sicherheit\/backups\/","title":{"rendered":"Datensicherung Pflicht statt blo\u00dfer K\u00fcr"},"content":{"rendered":"\n<p>Clouds und Server leisten wertvolle Dienste im Alltag, oft genug verl\u00e4sst man sich jedoch blind darauf, dass alles funktioniert, statt eine eigene Sicherung der Daten vorzunehmen. Festplatten k\u00f6nnen aufgrund eines technischen Defekts ausfallen, Hostingbetreiber in Insolvenz gehen und auch Feuchtigkeitsregulierung, Brandfr\u00fcherkennung und Stickstoffl\u00f6schung bieten in Rechenzentren keinen absoluten Schutz gegen Schadensereignisse. F\u00fcr umso wichtiger halte ich entsprechende <strong>Backups<\/strong>, nicht nur von lokalen Dateien im Office, sondern auch von externen Daten.<\/p>\n\n\n\n<h3 class=\"wp-block-heading\">WordPress<\/h3>\n\n\n\n<p>Die <strong>Sicherung<\/strong> besteht grob aus zwei Teilen, der Konfiguration sowie den Dateien im Verzeichnis des Contents, im Wesentlichen w\u00e4ren das Plugins, Themes und Uploads sowie der Datenbank. Manuell kann man dies mit einem Programm wie FileZilla f\u00fcr die Dateien und einem Verwaltungstool f\u00fcr Datenbanken wie PhpMyAdmin erledigen.<\/p>\n\n\n\n<p>Wesentlich komfortabler ist ein <strong>Plugin<\/strong>, im Alltag hat sich<strong> BackWPup<\/strong> bew\u00e4hrt. Es bietet eine Vielzahl von Funktionen, um Backups von Websites zu erstellen, diese zu planen und auf verschiedene Speicherorten zu sichern.<\/p>\n\n\n\n<div class=\"wp-block-group card-container-group data-aos_zoom-in data-aos-delay_200 data-aos-duration_400\"><div class=\"wp-block-group__inner-container\">\n<div class=\"wp-block-columns card-container p-0\">\n<div class=\"wp-block-column card card-featured-with-border card3x3featuredtxt d-flex align-items-stretch\">\n<div class=\"wp-block-group card-body\"><div class=\"wp-block-group__inner-container\">\n<h4 class=\"wp-block-heading card-title\">Plugin Funktionen<\/h4>\n\n\n\n<p class=\"card-text\">Erstellung von vollst\u00e4ndigen Website-Backups, einschlie\u00dflich der Datenbank und aller Dateien einer Installation unter WordPress, darunter vollst\u00e4ndige Sicherungen, Datenbank-Backups, Dateisicherungen und mehr.<\/p>\n<\/div><\/div>\n<\/div>\n\n\n\n<div class=\"wp-block-column card card-featured-with-border card3x3featuredtxt d-flex align-items-stretch\">\n<div class=\"wp-block-group card-body\"><div class=\"wp-block-group__inner-container\">\n<h4 class=\"wp-block-heading card-title\">Vorteile BackWPup<\/h4>\n\n\n\n<p class=\"card-text\">Benutzerfreundliche Oberfl\u00e4che, die es auch Einsteigern erm\u00f6glicht, ihre Website zu sichern. Automatisierte Backups nach Zeitplan helfen, regelm\u00e4\u00dfige Sicherungen zu gew\u00e4hrleisten.<\/p>\n<\/div><\/div>\n<\/div>\n\n\n\n<div class=\"wp-block-column card card-featured-with-border card3x3featuredtxt d-flex align-items-stretch\">\n<div class=\"wp-block-group card-body\"><div class=\"wp-block-group__inner-container\">\n<h4 class=\"wp-block-heading card-title\">Nachteile BackWPup<\/h4>\n\n\n\n<p class=\"card-text\">Die Vielfalt der Funktionen kann \u2013 trotz Benutzerfreundlichkeit \u2013 f\u00fcr einige Nutzer:innen etwas \u00fcberw\u00e4ltigend sein.<\/p>\n<\/div><\/div>\n<\/div>\n<\/div>\n<\/div><\/div>\n\n\n\n<h3 class=\"wp-block-heading\">E-Mails<\/h3>\n\n\n\n<p>Die beiden Protokolle <em>Post Office Protocol 3<\/em> und <em>Internet Message Access Protocol<\/em> werden f\u00fcr den <strong>Abruf von E-Mails von einem Mailserver<\/strong> verwendet. Der Hauptunterschied zwischen ihnen liegt in der Art und Weise, wie sie E-Mails verwalten und auf Ger\u00e4ten der Benutzer:innen synchronisieren.<\/p>\n\n\n\n<div class=\"wp-block-group card-container-group data-aos_zoom-in data-aos-delay_200 data-aos-duration_400\"><div class=\"wp-block-group__inner-container\">\n<div class=\"wp-block-columns card-container p-0\">\n<div class=\"wp-block-column card card-featured-with-border card3x3featuredtxt d-flex align-items-stretch\">\n<div class=\"wp-block-group card-body\"><div class=\"wp-block-group__inner-container\">\n<h4 class=\"wp-block-heading card-title\">POP3 (Post Office Protocol 3 Standard-Protokoll)<\/h4>\n\n\n\n<p class=\"card-text\">Zu den Vorteilen geh\u00f6rt der Umstand, dass E-Mails i.&nbsp;d.&nbsp;R. von einem Mailserver heruntergeladen und lokal auf dem Ger\u00e4t des Benutzers gespeichert werden. Dadurch k\u00f6nnen Sie auch offline auf Ihre E-Mails zugreifen.  Einfach einzurichten und zu verwenden. Geringerer Speicherplatzbedarf auf dem Server, da E-Mails lokal gespeichert werden.<br>Nachteilig empfinden manche, dass standardm\u00e4\u00dfig E-Mails normalerweise vom Server gel\u00f6scht werden, sobald sie heruntergeladen wurden (l\u00e4sst sich aber \u00e4ndern). Dies kann zu Problemen f\u00fchren, wenn Sie von verschiedenen Ger\u00e4ten aus auf Ihre E-Mails zugreifen m\u00f6chten. Es bestehen begrenzte Synchronisierungsm\u00f6glichkeiten: Wenn Sie E-Mails auf einem Ger\u00e4t l\u00f6schen, wirkt sich das nicht auf Ihre anderen Ger\u00e4te aus. Begrenzte Unterst\u00fctzung f\u00fcr Ordner und Organisation auf dem Server.<\/p>\n<\/div><\/div>\n<\/div>\n\n\n\n<div class=\"wp-block-column card card-featured-with-border card3x3featuredtxt d-flex align-items-stretch\">\n<div class=\"wp-block-group card-body\"><div class=\"wp-block-group__inner-container\">\n<h4 class=\"wp-block-heading card-title\">IMAP (Internet Message Access Protocol)<\/h4>\n\n\n\n<p class=\"card-text\">Als gr\u00f6\u00dfter Vorteil bietet diese Methode an, dass E-Mails auf dem Server verbleiben und lokal synchronisiert werden. Dadurch k\u00f6nnen Sie von verschiedenen Ger\u00e4ten aus auf Ihre E-Mails zugreifen, und \u00c4nderungen an E-Mails werden auf allen Ger\u00e4ten reflektiert. Bessere Unterst\u00fctzung f\u00fcr Ordner und Organisation von E-Mails auf dem Server. Unterst\u00fctzt das gleichzeitige Arbeiten mit E-Mails auf verschiedenen Ger\u00e4ten.<br>Zu den Nachteilen geh\u00f6rt, dass eine kontinuierliche Internetverbindung ben\u00f6tigt wird, da die E-Mails auf dem Server liegen und nur als Vorschauen oder tempor\u00e4re Kopien auf dem Ger\u00e4t des Benutzers gespeichert werden (vollst\u00e4ndiger Download ist einstellbar und m\u00f6glich). Kann mehr Speicherplatz auf dem Server beanspruchen, insbesondere wenn gro\u00dfe Anh\u00e4nge oder viele E-Mails auf dem Server verbleiben.<\/p>\n<\/div><\/div>\n<\/div>\n\n\n\n<div class=\"wp-block-column card card-featured-with-border card3x3featuredtxt d-flex align-items-stretch\">\n<div class=\"wp-block-group card-body\"><div class=\"wp-block-group__inner-container\">\n<h4 class=\"wp-block-heading card-title\">Protokolle nach Ihren W\u00fcnschen oder die Wahl der Qual<\/h4>\n\n\n\n<p class=\"card-text\">Die Wahl des gew\u00fcnschten Protokolls h\u00e4ngt von Ihren spezifischen Anforderungen ab. IMAP eignet sich gut, wenn Sie von verschiedenen Ger\u00e4ten aus auf Ihre E-Mails zugreifen und sie synchron halten m\u00f6chten. Wenn Sie haupts\u00e4chlich von einem Ger\u00e4t aus auf E-Mails zugreifen und diese lokal speichern m\u00f6chten, kann ein POP3 mehr als ausreichen.<\/p>\n<\/div><\/div>\n<\/div>\n<\/div>\n<\/div><\/div>\n\n\n\n<p>Egal welches Protokoll verwendet wird, zumindest auf einem <strong>Hauptger\u00e4t empfehle ich alle Mails herunterzuladen<\/strong>, statt immer auf Server bzw. Cloud verharren zu lassen. F\u00fcr ein Backup eignet sich in beiden F\u00e4llen die Programme Mail Store (Home bzw. Server).<\/p>\n\n\n\n<div class=\"wp-block-group card-container-group mt-4 d-print-none data-aos_zoom-in data-aos-delay_200 data-aos-duration_400\"><div class=\"wp-block-group__inner-container\">\n<div class=\"accordion\" id=\"accordionPattern\">\n  <div class=\"accordion-item\">\n    <div class=\"accordion-header\" id=\"headingOne\">\n      <button class=\"accordion-button collapsed\" type=\"button\" data-bs-toggle=\"collapse\" data-bs-target=\"#collapseOne\" aria-expanded=\"false\" aria-controls=\"collapseOne\">\n        TLS- versus SSL-Verbindung im Mailclient\n      <\/button>\n    <\/div>\n    <div id=\"collapseOne\" class=\"accordion-collapse collapse\" aria-labelledby=\"headingOne\" data-bs-parent=\"#accordionPattern\">\n      <div class=\"accordion-body\">\nUm eine verschl\u00fcsselte Verbindung aufzubauen gibt es zwei Ans\u00e4tze. Bei TLS (Transport Layer Security) erfolgt die Verschl\u00fcsselung nach dem Verbindungsaufbau. Zun\u00e4chst wird eine Verbindung mit den Standardports unverschl\u00fcsselt aufgebaut und dann, direkt nach dem Handshake, der Befehl &#8220;STARTTLS&#8221; abgesetzt. Hier wird dann die Verschl\u00fcsselung ausgehandelt und erst danach wird der Login \u00fcbertragen.\n<br>\nBei SSL (Secure Sockets Layer) erfolgt bereits im Verbindungsaufbau die Aushandlung der Verschl\u00fcsselung, erst danach beginnt der Protokollhandshake. SSL nutzt daher separate Ports f\u00fcr die Verbindung, oft wird zur Unterscheidung an die Protokollbezeichnung ein &#8220;S&#8221; angeh\u00e4ngt: SMTPS 465, POP3S: 995 bzw. IMAPS: 993\n<br>\nZus\u00e4tzlich gibt es f\u00fcr verschl\u00fcsselte SMTP-Verbindungen noch den sogenannten Submission-Port 587. Hier komt auch SMTP zum Einsatz und es wird STARTTLS verwendet. Dieser zus\u00e4tzliche Port wird verwendet, da einige Provider keine ausgehenden Verbindungen auf den Zielport 25 zulassen. Damit soll der Betrieb eines Mailrelays f\u00fcr den SPAM-Versand unterbunden werden. In diesem Fall sind dann f\u00fcr ausgehende Mails nur die Ports 465 (SMTPS) bzw.  587 (Submission) relevant. \n<br>\nHeutzutage wird pr\u00e4feriert auf die TLS-L\u00f6sung zur\u00fcckgegriffen, da SSL in diesem Kontext als veraltet gelten. Unverschl\u00fcsselte Verbindungen werden generell nicht mehr unterst\u00fctzt.\n      <\/div>\n    <\/div>\n  <\/div>\n  <div class=\"accordion-item\">\n    <div class=\"accordion-header\" id=\"headingTwo\">\n      <button class=\"accordion-button collapsed\" type=\"button\" data-bs-toggle=\"collapse\" data-bs-target=\"#collapseTwo\" aria-expanded=\"false\" aria-controls=\"collapseTwo\">\n        Desaster-Recovery f\u00fcr E-Mails\n      <\/button>\n    <\/div>\n    <div id=\"collapseTwo\" class=\"accordion-collapse collapse\" aria-labelledby=\"headingTwo\" data-bs-parent=\"#accordionPattern\">\n      <div class=\"accordion-body\">\nF\u00fcr meine Kund:innen besteht die M\u00f6glichkeit einer Desaster-Recovery-L\u00f6sung ohne zus\u00e4tzliche Kosten f\u00fcr die E-Mail-Postf\u00e4cher, um Datenverluste aufgrund einer St\u00f6rung m\u00f6glichst ausschlie\u00dfen zu k\u00f6nnen. Die E-Mails werden dabei ausschlie\u00dflich f\u00fcr den Desaster-Fall t\u00e4glich, d.\u00a0h. alle 24-Stunden, mit einer Vorhaltezeit von maximal sieben Tagen, mit einer AES-256-Verschl\u00fcsselung gesichert. Sofern Sie nicht auf diese Leistung verzichten, werden Ihre Daten in dieser Sicherung ber\u00fccksichtigt. Sie haben nat\u00fcrlich die M\u00f6glichkeit, uns jederzeit dar\u00fcber zu informieren, damit wir Sie aus der Sicherungsroutine entfernen.\n      <\/div>\n    <\/div>\n  <\/div>\n<\/div>\n<\/div><\/div>\n\n\n\n<div class=\"wp-block-group call-to-action-group\"><div class=\"wp-block-group__inner-container\">\n<div class=\"wp-bootstrap-blocks-button\">\n<a href=\"#myModalBackUpLinks\" role=\"button\" data-bs-toggle=\"modal\" data-bs-target=\"#myModalBackUpLinks\" class=\"btn call-to-action-button btn-primary d-print-none\">Links zum Thema<\/a>\n<\/div>\n<\/div><\/div>\n\n\n\n<p>Wesentlicher Bestandteil ist auch eine Kontrolle des Backups, denn die sch\u00f6nste Datensicherung n\u00fctzt nicht viel, wenn Daten vergessen wurden oder falsche Ordner bzw. Dateien in das Backup einflie\u00dfen.<\/p>\n\n\n\n\n","protected":false},"excerpt":{"rendered":"<p>Clouds und Server leisten wertvolle Dienste im Alltag, oft genug verl\u00e4sst man sich jedoch blind darauf, dass alles funktioniert, statt eine eigene Sicherung der Daten vorzunehmen. Festplatten k\u00f6nnen aufgrund eines technischen Defekts ausfallen, Hostingbetreiber in Insolvenz gehen und auch Feuchtigkeitsregulierung, Brandfr\u00fcherkennung und Stickstoffl\u00f6schung bieten in Rechenzentren keinen absoluten Schutz gegen Schadensereignisse. F\u00fcr umso wichtiger halte [&hellip;]<\/p>\n","protected":false},"author":1,"featured_media":577,"parent":470,"menu_order":4,"comment_status":"closed","ping_status":"closed","template":"","meta":{"_acf_changed":false,"footnotes":""},"tags":[9],"class_list":["post-578","page","type-page","status-publish","has-post-thumbnail","hentry","tag-wartung-und-optimierung"],"acf":[],"_links":{"self":[{"href":"https:\/\/www.servicepraxis.com\/plugins\/wp-json\/wp\/v2\/pages\/578","targetHints":{"allow":["GET"]}}],"collection":[{"href":"https:\/\/www.servicepraxis.com\/plugins\/wp-json\/wp\/v2\/pages"}],"about":[{"href":"https:\/\/www.servicepraxis.com\/plugins\/wp-json\/wp\/v2\/types\/page"}],"author":[{"embeddable":true,"href":"https:\/\/www.servicepraxis.com\/plugins\/wp-json\/wp\/v2\/users\/1"}],"replies":[{"embeddable":true,"href":"https:\/\/www.servicepraxis.com\/plugins\/wp-json\/wp\/v2\/comments?post=578"}],"version-history":[{"count":0,"href":"https:\/\/www.servicepraxis.com\/plugins\/wp-json\/wp\/v2\/pages\/578\/revisions"}],"up":[{"embeddable":true,"href":"https:\/\/www.servicepraxis.com\/plugins\/wp-json\/wp\/v2\/pages\/470"}],"wp:featuredmedia":[{"embeddable":true,"href":"https:\/\/www.servicepraxis.com\/plugins\/wp-json\/wp\/v2\/media\/577"}],"wp:attachment":[{"href":"https:\/\/www.servicepraxis.com\/plugins\/wp-json\/wp\/v2\/media?parent=578"}],"wp:term":[{"taxonomy":"post_tag","embeddable":true,"href":"https:\/\/www.servicepraxis.com\/plugins\/wp-json\/wp\/v2\/tags?post=578"}],"curies":[{"name":"wp","href":"https:\/\/api.w.org\/{rel}","templated":true}]}}