{"id":563,"date":"2023-07-14T08:33:04","date_gmt":"2023-07-14T06:33:04","guid":{"rendered":"https:\/\/www.servicepraxis.com\/plugins\/?page_id=563"},"modified":"2026-02-23T10:09:36","modified_gmt":"2026-02-23T09:09:36","slug":"tabellen-und-termine","status":"publish","type":"page","link":"https:\/\/www.servicepraxis.com\/plugins\/tabellen\/tabellen-und-termine\/","title":{"rendered":"Tabellen mit Datum"},"content":{"rendered":"\n<p>Das Plugin TablePress f\u00fcr WordPress ist eines der beliebtesten und mit am besten bewerteten Erg\u00e4nzungen f\u00fcr Tabellen. Es erm\u00f6glicht ganz einfach sch\u00f6ne und interaktive Tabellen auf einer Website zu nutzen. Ganz unabh\u00e4ngig wie Tabellen dargestellt werden, gibt es gerade, wenn diese Termine abbilden, den Wunsch nur aktuelle Veranstaltungen anzuzeigen.<\/p>\n\n\n\n<div class=\"wp-block-group card-container-group d-print-none data-aos_zoom-in data-aos-delay_200 data-aos-duration_400\"><div class=\"wp-block-group__inner-container\">\n<div class=\"wp-block-group card-container\"><div class=\"wp-block-group__inner-container\">\n<div class=\"row g-0 p-0\">\n\t<div class=\"card newsarchiveslider\">\n\t\t<div id=\"carouselShortcodeWithIndicators\" class=\"carousel slide\">\n                    <div class=\"carousel-inner\">\n                        <div class=\"carousel-item active\">\n                            <div class=\"row\">\n                                <div class=\"col-md-6 div-l\">\n                                    <div class=\"carousel-img img1 hide-md\" style=\"background-image: url(\/wp-content\/uploads\/sites\/6\/blg6_newstabelle_001.jpg);\">\n                                    <\/div>\n                                <\/div>\n                                <div class=\"col-md-6 div-r\">\n                                    <span class=\"h3\">Darstellung aller Termine<\/span>\n                                    <hr class=\"is-style-wide hide-md\">\n                                    <p>Standardm\u00e4\u00dfig werden alle Veranstaltungen, sortiert nach Datum in der dritten Spalte ausgegeben. Wunsch war jedoch abgelaufene Termine nicht anzuzeigen.<\/p>\n                                <\/div>\n                            <\/div>                                \n                        <\/div>\n                        <div class=\"carousel-item\">\n                            <div class=\"row\">\n                                <div class=\"col-md-6 div-l\">\n                                    <div class=\"carousel-img img2 hide-md\" style=\"background-image: url(\/wp-content\/uploads\/sites\/6\/blg6_newstabelle_002.jpg);\">\n                                    <\/div>\n                                <\/div>\n                                <div class=\"col-md-6 div-r\">\n                                    <span class=\"h3\">Darstellung aktueller Termine<\/span>\n                                    <hr class=\"is-style-wide hide-md\">\n                                    <p>Durch einen Abgleich zwischen dem Datum der Veranstaltung und dem heutigen Tag werden Besucher:innen nur aktuelle bzw. k\u00fcnftige Termine angezeigt.<\/p>\n                                <\/div>\n                            <\/div>\n                        <\/div>\n                    <\/div>\n\t\t\t\t<div class=\"row g-0 p-0\" style=\"margin-top: -35px;\">\t\t\t\t\t\n\t\t\t\t  <div class=\"carousel-indicators\">\n\t\t\t\t\t<button type=\"button\" data-bs-target=\"#carouselShortcodeWithIndicators\" data-bs-slide-to=\"0\" class=\"active\" aria-current=\"true\" aria-label=\"Slide 1\"><\/button>\n\t\t\t\t\t<button type=\"button\" data-bs-target=\"#carouselShortcodeWithIndicators\" data-bs-slide-to=\"1\" aria-label=\"Slide 2\"><\/button>\n\t\t\t\t  <\/div>\n\t\t\t\t<\/div>\t\t\n\t\t\t<button class=\"carousel-control-prev\" type=\"button\" data-bs-target=\"#carouselShortcodeWithIndicators\" data-bs-slide=\"prev\">\n\t\t\t<span class=\"carousel-control-prev-icon\" aria-hidden=\"true\"><\/span>\n\t\t\t<span class=\"visually-hidden\">Zur\u00fcck<\/span>\n\t\t\t<\/button>\n\t\t\t<button class=\"carousel-control-next\" type=\"button\" data-bs-target=\"#carouselShortcodeWithIndicators\" data-bs-slide=\"next\">\n\t\t\t<span class=\"carousel-control-next-icon\" aria-hidden=\"true\"><\/span>\n\t\t\t<span class=\"visually-hidden\">Weiter<\/span>\n\t\t\t<\/button>\t\t\t\t\n\t\t<\/div>\n\t<\/div>\n<\/div>\n<\/div><\/div>\n<\/div><\/div>\n\n\n\n<p class=\"mt-4 mb-4\">Das JavaScript im Beispiel verwendet jQuery, um jede Zelle in der dritten Spalte (class=column-3) der (TablePress-) Tabelle zu durchlaufen. Es vergleicht das Datum in jeder Zelle mit dem aktuellen Datum und blendet die gesamte Zeile (&lt;tr>) aus, wenn das Datum \u00e4lter als das heutige ist.<\/p>\n\n\n\n<div class=\"wp-block-columns card-container-group data-aos_zoom-in data-aos-delay_200 data-aos-duration_400\">\n<div class=\"wp-block-column card-container p-0\" style=\"flex-basis:100%\">\n<div class=\"wp-block-columns card-container p-0\">\n<div class=\"wp-block-column card card2x70zu30txtlink d-flex align-items-stretch\" style=\"flex-basis:33.33%\">\n<div class=\"wp-block-group card-body\"><div class=\"wp-block-group__inner-container\">\n<h3 class=\"wp-block-heading card-title\">Tabellen im Web<\/h3>\n\n\n\n<p>Manche Informationen ben\u00f6tigen zur optischen Visualisierung eine Tabelle. Was tun, wenn die Bordmittel von WordPress nicht ausreichen? Wie lassen sich Tabellen am besten auf dem Mobiltelefon darstellen? Inhalte auf einer Website, die mittels einer Tabelle dargestellt werden, bed\u00fcrfen der besonderen Aufmerksamkeit, denn Tabellen und kleine Displays sind zwei Welten, die nicht sonderlich gut zusammen passen.<\/p>\n<\/div><\/div>\n\n\n\n<div class=\"wp-block-group card-footer\"><div class=\"wp-block-group__inner-container\">\n<p class=\"card-link d-print-none\"><a href=\"\/plugins\/tabellen\/\">Mehr<\/a><\/p>\n<\/div><\/div>\n<\/div>\n\n\n\n<div class=\"wp-block-column card card2x70zu30txtlink d-flex align-items-stretch\" style=\"flex-basis:33.33%\">\n<div class=\"wp-block-group card-body\"><div class=\"wp-block-group__inner-container\">\n<h3 class=\"wp-block-heading card-title\">Plugin TablePress<\/h3>\n\n\n\n<p>Das Plugin TablePress erm\u00f6glicht in WordPress das zentrale Erstellen und Verwalten von responsiven, auch f\u00fcr Mobilger\u00e4te geeigneten Tabellen in Artikeln und Seiten. Mit mehreren Millionen Downloads geh\u00f6rt das Plugin f\u00fcr mich zum besten, was Tabellenverwaltung unter WordPress betrifft.<\/p>\n<\/div><\/div>\n\n\n\n<div class=\"wp-block-group card-footer\"><div class=\"wp-block-group__inner-container\">\n<p class=\"card-link d-print-none\"><a href=\"\/plugins\/tabellen\/tabellen-in-wordpress\/\">Mehr<\/a><\/p>\n<\/div><\/div>\n<\/div>\n\n\n\n<div class=\"wp-block-column card card2x70zu30txtlink d-flex align-items-stretch\" style=\"flex-basis:33.33%\">\n<div class=\"wp-block-group card-body\"><div class=\"wp-block-group__inner-container\">\n<h3 class=\"wp-block-heading card-title\">Mit Tabellen arbeiten<\/h3>\n\n\n\n<p>Tabellen k\u00f6nnen jede Art von Daten enthalten, wie Zahlen, Text, Bilder, Links und sogar mathematische Formeln. Dar\u00fcber hinaus ist durch Integration einer JavaScript Bibliothek die Aktivierung von Funktionen wie Sortierung, Paginierung, Suche und mehr f\u00fcr Besucher:innen der Website m\u00f6glich.<\/p>\n<\/div><\/div>\n\n\n\n<div class=\"wp-block-group card-footer\"><div class=\"wp-block-group__inner-container\">\n<p class=\"card-link d-print-none\"><a href=\"\/faq\/how-to\/wie-ersetzt-man-eine-tabelle-mit-tablepress\/\">Mehr<\/a><\/p>\n<\/div><\/div>\n<\/div>\n<\/div>\n<\/div>\n<\/div>\n\n\n\n<p class=\"has-drop-cap d-print-none\">Statt viel lesen schnell einmal in einem pers\u00f6nlichen Gespr\u00e4ch mehr erfahren? Lassen Sie uns ganz unkompliziert einen kostenfreien Termin zu einer telefonischen Erstberatung <a style=\"border-bottom: 1px dotted;\" title=\"Kontakt\" href=\"\/kontakt\/\">hier<\/a> vereinbaren.<\/p>\n\n\n\n\n","protected":false},"excerpt":{"rendered":"<p>Das Plugin TablePress f\u00fcr WordPress ist eines der beliebtesten und mit am besten bewerteten Erg\u00e4nzungen f\u00fcr Tabellen. Es erm\u00f6glicht ganz einfach sch\u00f6ne und interaktive Tabellen auf einer Website zu nutzen. Ganz unabh\u00e4ngig wie Tabellen dargestellt werden, gibt es gerade, wenn diese Termine abbilden, den Wunsch nur aktuelle Veranstaltungen anzuzeigen. Darstellung aller Termine Standardm\u00e4\u00dfig werden alle [&hellip;]<\/p>\n","protected":false},"author":1,"featured_media":560,"parent":189,"menu_order":11,"comment_status":"closed","ping_status":"closed","template":"","meta":{"_acf_changed":false,"footnotes":""},"tags":[],"class_list":["post-563","page","type-page","status-publish","has-post-thumbnail","hentry"],"acf":[],"_links":{"self":[{"href":"https:\/\/www.servicepraxis.com\/plugins\/wp-json\/wp\/v2\/pages\/563","targetHints":{"allow":["GET"]}}],"collection":[{"href":"https:\/\/www.servicepraxis.com\/plugins\/wp-json\/wp\/v2\/pages"}],"about":[{"href":"https:\/\/www.servicepraxis.com\/plugins\/wp-json\/wp\/v2\/types\/page"}],"author":[{"embeddable":true,"href":"https:\/\/www.servicepraxis.com\/plugins\/wp-json\/wp\/v2\/users\/1"}],"replies":[{"embeddable":true,"href":"https:\/\/www.servicepraxis.com\/plugins\/wp-json\/wp\/v2\/comments?post=563"}],"version-history":[{"count":0,"href":"https:\/\/www.servicepraxis.com\/plugins\/wp-json\/wp\/v2\/pages\/563\/revisions"}],"up":[{"embeddable":true,"href":"https:\/\/www.servicepraxis.com\/plugins\/wp-json\/wp\/v2\/pages\/189"}],"wp:featuredmedia":[{"embeddable":true,"href":"https:\/\/www.servicepraxis.com\/plugins\/wp-json\/wp\/v2\/media\/560"}],"wp:attachment":[{"href":"https:\/\/www.servicepraxis.com\/plugins\/wp-json\/wp\/v2\/media?parent=563"}],"wp:term":[{"taxonomy":"post_tag","embeddable":true,"href":"https:\/\/www.servicepraxis.com\/plugins\/wp-json\/wp\/v2\/tags?post=563"}],"curies":[{"name":"wp","href":"https:\/\/api.w.org\/{rel}","templated":true}]}}