{"id":541,"date":"2023-06-08T11:18:56","date_gmt":"2023-06-08T09:18:56","guid":{"rendered":"https:\/\/www.servicepraxis.com\/plugins\/?page_id=541"},"modified":"2025-05-30T07:25:47","modified_gmt":"2025-05-30T05:25:47","slug":"aktuelles","status":"publish","type":"page","link":"https:\/\/www.servicepraxis.com\/plugins\/blog\/aktuelles\/","title":{"rendered":"Blogs und Websites aktuell halten"},"content":{"rendered":"\n<p>Kennen wir alle! Sie suchen nach einem aktuellen Thema \u00fcber Ihren Suchdienst \u2013 oder direkt auf einer Website. Und dann sind die versprochenen Inhalte nicht greifbar. Besucher:innen sind genervt oder gleich verschwunden. Das muss aber nicht sein! Eine Rubrik, die News verspricht, muss auch entsprechend aktuell sein. Nutzer:innen sollten nicht suchen m\u00fcssen. Das Neuste geh\u00f6rt nach oben und nicht nach unten.<\/p>\n\n\n\n<div class=\"wp-block-group card-container-group data-aos_zoom-in data-aos-delay_200 data-aos-duration_400\"><div class=\"wp-block-group__inner-container\">\n<div class=\"wp-block-group row g-0 p-0\"><div class=\"wp-block-group__inner-container\">\n<div id=\"myCaseStudyCarousel\" class=\"carousel\"> \n\t<div class=\"carousel-inner\"> \n\t\t<div class=\"carousel-item active\"> <div class=\"d-block w-100\"><h3>Fallbeispiel Arztpraxis<\/h3><p>Planbare Arbeiten wie <b>Praxisvertretungen w\u00e4hrend Urlaubszeiten<\/b> werden von mir entsprechend vorbereitet. Vertretende Kolleg:innen der <i>Hausarztpraxis Nothnagel<\/i> sind bereits als wieder verwendbare Bl\u00f6cke hinterlegt, der Aufwand bei der Wartung ist minimal. Die entsprechende Seite wurde mit einem Datumsfeld versehen. Diese deaktiviert sich selbst\u00e4ndig mit Ende des Urlaubs und liegt f\u00fcr den n\u00e4chsten Einsatz im Hintergrund bereit. Besucher:innen werden, w\u00e4hrend die Seite nicht aktiv ist, automatisch mittels einer hinterlegten (tempor\u00e4ren) Umleitung, auf die Homepage geleitet. Gleichzeitig wird, um das Rad nicht immer neu erfinden zu m\u00fcssen, der Ausleger f\u00fcr die Praxisr\u00e4ume zum Ausdrucken ebenfalls \u00fcber diese Seite generiert.<\/p><\/div> <\/div> \n\t\t<div class=\"carousel-item\"> <div class=\"d-block w-100\"><h3>Fallbeispiel Newsletter<\/h3><p>Der viel beachtete, w\u00f6chentliche Newsletter, die <i>Eva Muellers Weekly Visionary Sunday Post<\/i>, wird auch in der Multisiteumgebung von WordPress der Kundin bereitgehalten, da dieser oft genug <b>Themen mit Evergreen Content<\/b> bietet. Manchmal m\u00fcssen Beitr\u00e4ge aber auch nach einer gewissen Zeit \u00fcberarbeitet werden. Da wir sowieso das Plugin Advanced Custom Fields (ACF) nutzen, wurde ein entsprechendes Feld angelegt. \u00dcber einen Kalender kann die Kundin w\u00e4hlen, wann der Newsletter von \u00d6ffentlich auf Privat geschaltet werden soll. Dies geschieht dann ebenso automatisch wie eine Benachrichtigung per E-Mail. Nach \u00dcberarbeitung kann der Beitrag dann ohne Datum wieder online gehen.<\/p><\/div> <\/div> \n\t\t<div class=\"carousel-item\"> <div class=\"d-block w-100\"><h3>Fallbeispiel Ausstellungen<\/h3><p>Die K\u00fcnstlerin <i>Beatriz von Eidlitz<\/i> informiert auf ihrer zweisprachigen Website unter der Rubrik News regelm\u00e4\u00dfig \u00fcber ihre <b>Einzel- und Gemeinschaftsausstellungen<\/b>. Um die Kategorie immer auf Stand zu halten, werden hier Beitr\u00e4ge mit Ende einer Ausstellung automatisiert deaktiviert. Gleiches gilt f\u00fcr alle Verweise in der Navigation bzw. den einzelnen Kategorien. Posts werden anschlie\u00dfend \u00fcberarbeitet, ggf. mit Fotos, die w\u00e4hrend der Ausstellung entstanden sind, erg\u00e4nzt und wandern dann in die Rubrik Archiv, wo sich der neuste Beitrag immer oben befindet. Zur \u00dcberwachung von Beitr\u00e4gen, die von News in das Archiv auf der Website wandern, kann auch die entsprechende Funktion des Plugin <a title=\"Plugin Redirection f\u00fcr WordPress\" href=\"\/plugins\/redirections\/\">Redirection f\u00fcr WordPress<\/a> verwendet werden.<\/p><\/div> <\/div>  \n\t<\/div> \n\t<ol class=\"carousel-indicators list-inline d-print-none\"> \n\t\t<li class=\"list-inline-item\"> \n\t\t\t<a title=\"Fallbeispiel Hausarztpraxis\" id=\"carousel-selector-0\" class=\"active\" data-bs-slide-to=\"0\" data-bs-target=\"#myCaseStudyCarousel\"> \n\t\t\t\t<span class=\"display-3 hide-md\">Fallbeispiel<\/span><br>\n\t\t\t\t<span class=\"list-item\"><span class=\"hide-lg\">Haus<\/span>arztpraxis<\/span>\n\t\t\t<\/a>\n\t\t<\/li> \n\t\t<li class=\"list-inline-item\"> \n\t\t\t<a title=\"Fallbeispiel Newsletter\" id=\"carousel-selector-1\" data-bs-slide-to=\"1\" data-bs-target=\"#myCaseStudyCarousel\"> \n\t\t\t\t<span class=\"display-3 hide-md\">Fallbeispiel<\/span><br>\n\t\t\t\t<span class=\"list-item\">Newsletter<\/span>\n\t\t\t<\/a> \n\t\t<\/li> \n\t\t<li class=\"list-inline-item\"> \n\t\t\t<a title=\"Fallbeispiel Ausstellungen mit Archiv\" id=\"carousel-selector-2\" data-bs-slide-to=\"2\" data-bs-target=\"#myCaseStudyCarousel\"> \n\t\t\t\t<span class=\"display-3 hide-md\">Fallbeispiel<\/span><br>\n\t\t\t\t<span class=\"list-item\">Ausstellungen<span class=\"hide-lg\"> mit Archiv<\/span><\/span>\n\t\t\t<\/a> \n\t\t<\/li>\t\n\t<\/ol> \n<\/div>\n<\/div><\/div>\n<\/div><\/div>\n\n\n\n<div class=\"wp-block-group card-container-group data-aos_zoom-in data-aos-delay_200 data-aos-duration_400\"><div class=\"wp-block-group__inner-container\">\n<div class=\"wp-block-group card-container\"><div class=\"wp-block-group__inner-container\">\n<div class=\"wp-block-group card card-featured-with-border\"><div class=\"wp-block-group__inner-container\">\n<div class=\"wp-block-group card-body\"><div class=\"wp-block-group__inner-container\">\n<h2 class=\"wp-block-heading\">Best Practice<\/h2>\n\n\n\n<p class=\"has-medium-font-size\">Das Vorgehen in den Fallbeispielen f\u00fcr WordPress umfasst im Wesentlichen f\u00fcnf Schritte. Der entsprechende Code kann auch in einem Plugin angelegt werden. <\/p>\n\n\n\n<div class=\"wp-block-group nummerierte-liste\"><div class=\"wp-block-group__inner-container\">\n<ol class=\"wp-block-list\">\n<li>Einmaliges Anlegen eines Feldes f\u00fcr das Ablaufdatum des Beitrags.<\/li>\n\n\n\n<li>Ein Cronjob vergleicht das aktuelle Datum mit dem Ablaufdatum und \u00e4ndert dann ggf. den Status.<\/li>\n\n\n\n<li>Parallel wird in einem solchen Fall eine E-Mail an Administrator und zust\u00e4ndigen Redakteur gesendet.<\/li>\n\n\n\n<li>Solange der Beitrag nicht von au\u00dfen zug\u00e4nglich ist, erfolgt f\u00fcr Besucher:innen eine passende Umleitung.<\/li>\n\n\n\n<li>Der Post wird \u00fcberarbeitet und wieder scharf geschaltet.<\/li>\n<\/ol>\n<\/div><\/div>\n<\/div><\/div>\n\n\n\n<div class=\"wp-block-group card-footer\"><div class=\"wp-block-group__inner-container\">\n<p class=\"card-link\"><a href=\"\/plugins\/blog\/aktuelles\/news-archive\/\">Mehr Details<\/a><\/p>\n<\/div><\/div>\n<\/div><\/div>\n<\/div><\/div>\n<\/div><\/div>\n\n\n\n<div class=\"card-container-group mb-4 data-aos_zoom-in data-aos-delay_200 data-aos-duration_400\">\n <div class=\"banderole\">\n  <span class=\"exkurs\">Exkurs<\/span>\n  <div class=\"card-container\">\n\t<div class=\"card\">\t\t\n\t\t<h3>Status eines Beitrags in WordPress<\/h3>\n\t\t<p>WordPress bietet je nach installierten Plugins bzw. Funktionen des Themes verschiedene Optionen f\u00fcr den Status. Zu den g\u00e4ngigsten geh\u00f6ren Entwurf bzw. geplante Beitr\u00e4ge, ver\u00f6ffentlicht bzw. published, d.\u00a0h. ein Post, der auf der Website f\u00fcr Besucher sichtbar ist. Als privat gekennzeichnete Seiten sind nur f\u00fcr angemeldete Benutzer mit bestimmten Berechtigungen sichtbar. Passwortgesch\u00fctztes ist zwar \u00f6ffentlich sichtbar, aber es wird ein entsprechender Login ben\u00f6tigt.<\/p>\n\t<\/div>\n  <\/div>\n <\/div>\n<\/div>\n\n\n\n<h3 class=\"wp-block-heading\">Planung und Beratung<\/h3>\n\n\n\n<p>Idealerweise sollten wir uns schon im Rahmen der <strong>Architektur der Website<\/strong> Gedanken machen, wo News und Aktuelles platziert werden. Ebenso legen wir gemeinsam im Zuge einer <strong>Contentstrategie<\/strong> u.\u00a0a. fest, f\u00fcr wen, wer, wo, wann, welche Beitr\u00e4ge erstellt bzw. \u00fcberarbeitet. Sie suchen Ideen f\u00fcr Ihre Webseiten? Ich berate Sie gerne bei einem <a style=\"border-bottom: 1px dotted;\" href=\"https:\/\/www.servicepraxis.com\/kontakt\/\">kostenfreien telefonischen Erstgespr\u00e4ch<\/a>.<\/p>\n\n\n\n\n","protected":false},"excerpt":{"rendered":"<p>Kennen wir alle! Sie suchen nach einem aktuellen Thema \u00fcber Ihren Suchdienst \u2013 oder direkt auf einer Website. Und dann sind die versprochenen Inhalte nicht greifbar. Besucher:innen sind genervt oder gleich verschwunden. Das muss aber nicht sein! Eine Rubrik, die News verspricht, muss auch entsprechend aktuell sein. Nutzer:innen sollten nicht suchen m\u00fcssen. Das Neuste geh\u00f6rt [&hellip;]<\/p>\n","protected":false},"author":1,"featured_media":540,"parent":246,"menu_order":13,"comment_status":"closed","ping_status":"closed","template":"","meta":{"_acf_changed":false,"footnotes":""},"tags":[],"class_list":["post-541","page","type-page","status-publish","has-post-thumbnail","hentry"],"acf":[],"_links":{"self":[{"href":"https:\/\/www.servicepraxis.com\/plugins\/wp-json\/wp\/v2\/pages\/541","targetHints":{"allow":["GET"]}}],"collection":[{"href":"https:\/\/www.servicepraxis.com\/plugins\/wp-json\/wp\/v2\/pages"}],"about":[{"href":"https:\/\/www.servicepraxis.com\/plugins\/wp-json\/wp\/v2\/types\/page"}],"author":[{"embeddable":true,"href":"https:\/\/www.servicepraxis.com\/plugins\/wp-json\/wp\/v2\/users\/1"}],"replies":[{"embeddable":true,"href":"https:\/\/www.servicepraxis.com\/plugins\/wp-json\/wp\/v2\/comments?post=541"}],"version-history":[{"count":0,"href":"https:\/\/www.servicepraxis.com\/plugins\/wp-json\/wp\/v2\/pages\/541\/revisions"}],"up":[{"embeddable":true,"href":"https:\/\/www.servicepraxis.com\/plugins\/wp-json\/wp\/v2\/pages\/246"}],"wp:featuredmedia":[{"embeddable":true,"href":"https:\/\/www.servicepraxis.com\/plugins\/wp-json\/wp\/v2\/media\/540"}],"wp:attachment":[{"href":"https:\/\/www.servicepraxis.com\/plugins\/wp-json\/wp\/v2\/media?parent=541"}],"wp:term":[{"taxonomy":"post_tag","embeddable":true,"href":"https:\/\/www.servicepraxis.com\/plugins\/wp-json\/wp\/v2\/tags?post=541"}],"curies":[{"name":"wp","href":"https:\/\/api.w.org\/{rel}","templated":true}]}}