{"id":535,"date":"2023-05-31T11:35:00","date_gmt":"2023-05-31T09:35:00","guid":{"rendered":"https:\/\/www.servicepraxis.com\/plugins\/?page_id=535"},"modified":"2025-06-06T15:47:25","modified_gmt":"2025-06-06T13:47:25","slug":"fehlerseiten","status":"publish","type":"page","link":"https:\/\/www.servicepraxis.com\/plugins\/redirections\/fehlerseiten\/","title":{"rendered":"Nutzerfreundliche Fehlerseiten"},"content":{"rendered":"\n<p>Eine sogenannte Error-404-Seite wird angezeigt, wenn Benutzer:innen versuchen, auf eine bestimmte Webseite zuzugreifen, die jedoch nicht gefunden werden kann. In solchen F\u00e4llen wird der <strong>Statuscode 404<\/strong> verwendet, um anzuzeigen, dass die <strong>angeforderte Ressource nicht verf\u00fcgbar<\/strong> ist. Dies ist in den meisten F\u00e4llen dann der Fall, wenn falsch verlinkt wurde bzw. der Link veraltet ist oder sich Tippfehler eingeschlichen haben. H\u00e4ufig wurde auch die entsprechende Seite bzw. in einem Shop das Produkt ggf. gel\u00f6scht oder verschoben.<\/p>\n\n\n\n<h3 class=\"wp-block-heading\">G\u00e4ngige Arten von Fehlerseiten<\/h3>\n\n\n\n<p>Egal ob ironisch, mit einem Augenzwinkern oder eine seri\u00f6se Sitemap bzw. im Falle eines Shops oder einer Reiseseite mit einer Suchfunktion \u2013 das wichtigste ist Nutzer:innen unserer Website weiterzuhelfen, und sei es nur mit einem Call-to-Action, statt diese vor den Kopf zu sto\u00dfen, denn dann haben wir den Benutzer verloren.<\/p>\n\n\n\n<div class=\"wp-block-group card-container-group d-print-none data-aos_zoom-in data-aos-delay_200 data-aos-duration_400\"><div class=\"wp-block-group__inner-container\">\n<div class=\"wp-block-group row g-0 p-0\"><div class=\"wp-block-group__inner-container\">\n<div id=\"myPreviewCarousel\" class=\"carousel slide\"> \n\t<div class=\"carousel-inner\"> \n\t\t<div class=\"carousel-item active\"> <img decoding=\"async\" src=\"\/wp-content\/uploads\/sites\/6\/blg6_fehlerseiten_bsp_004.jpg\" class=\"d-block w-100 rounded\" alt=\"Nutzerfreundliche Fehlerseiten nicht nur f\u00fcr WordPress \u00a9 Internet-Marketing\"> <\/div> \n\t\t<div class=\"carousel-item\"> <img decoding=\"async\" src=\"\/wp-content\/uploads\/sites\/6\/blg6_fehlerseiten_bsp_003.jpg\" class=\"d-block w-100 rounded\" alt=\"Nutzerfreundliche Fehlerseiten nicht nur f\u00fcr WordPress \u00a9 Internet-Marketing\"> <\/div> \n\t\t<div class=\"carousel-item\"> <img decoding=\"async\" src=\"\/wp-content\/uploads\/sites\/6\/blg6_fehlerseiten_bsp_002.jpg\" class=\"d-block w-100 rounded\" alt=\"Nutzerfreundliche Fehlerseiten nicht nur f\u00fcr WordPress \u00a9 Internet-Marketing\"> <\/div> \n\t\t<div class=\"carousel-item\"> <img decoding=\"async\" src=\"\/wp-content\/uploads\/sites\/6\/blg6_fehlerseiten_bsp_001.jpg\" class=\"d-block w-100 rounded\" alt=\"Nutzerfreundliche Fehlerseiten nicht nur f\u00fcr WordPress \u00a9 Internet-Marketing\"> <\/div> \n\t<\/div> \n\t<ol class=\"carousel-indicators list-inline\"> \n\t\t<li class=\"list-inline-item\"> \n\t\t\t<a title=\"Fallbeispiel Produktionsconsulting\" id=\"carousel-selector-0\" class=\"active\" data-bs-slide-to=\"0\" data-bs-target=\"#myPreviewCarousel\"> \n\t\t\t\t<img decoding=\"async\" src=\"\/wp-content\/uploads\/sites\/6\/blg6_fehlerseiten_bsp_004.jpg\" class=\"img-fluid rounded\" alt=\"Nutzerfreundliche Fehlerseiten nicht nur f\u00fcr WordPress \u00a9 Internet-Marketing\"> \n\t\t\t<\/a>\n\t\t<\/li> \n\t\t<li class=\"list-inline-item\"> \n\t\t\t<a title=\"Fallbeispiel Kunstberatung\" id=\"carousel-selector-1\" data-bs-slide-to=\"1\" data-bs-target=\"#myPreviewCarousel\"> \n\t\t\t\t<img decoding=\"async\" src=\"\/wp-content\/uploads\/sites\/6\/blg6_fehlerseiten_bsp_003.jpg\" class=\"img-fluid rounded\" alt=\"Nutzerfreundliche Fehlerseiten nicht nur f\u00fcr WordPress \u00a9 Internet-Marketing\"> \n\t\t\t<\/a> \n\t\t<\/li> \n\t\t<li class=\"list-inline-item\"> \n\t\t\t<a title=\"Fallbeispiel Arztpraxis\" id=\"carousel-selector-2\" data-bs-slide-to=\"2\" data-bs-target=\"#myPreviewCarousel\"> \n\t\t\t\t<img decoding=\"async\" src=\"\/wp-content\/uploads\/sites\/6\/blg6_fehlerseiten_bsp_002.jpg\" class=\"img-fluid rounded\" alt=\"Nutzerfreundliche Fehlerseiten nicht nur f\u00fcr WordPress \u00a9 Internet-Marketing\"> \n\t\t\t<\/a> \n\t\t<\/li>\n\t\t<li class=\"list-inline-item\"> \n\t\t\t<a title=\"Fallbeispiel Ingenieurb\u00fcro\" id=\"carousel-selector-3\" data-bs-slide-to=\"3\" data-bs-target=\"#myPreviewCarousel\"> \n\t\t\t\t<img decoding=\"async\" src=\"\/wp-content\/uploads\/sites\/6\/blg6_fehlerseiten_bsp_001.jpg\" class=\"img-fluid rounded\" alt=\"Nutzerfreundliche Fehlerseiten nicht nur f\u00fcr WordPress \u00a9 Internet-Marketing\"> \n\t\t\t<\/a> \n\t\t<\/li>\t\t\n\t<\/ol> \n<\/div>\n<div style=\"margin-top: -2rem; color: #969696;\" class=\"float-end small\">Webservice aus der Praxis www.servicepraxis.com\/plugins\/redirections\/fehlerseiten<\/div>\n<\/div><\/div>\n<\/div><\/div>\n\n\n\n<p>Die Art, die verwendet wird, h\u00e4ngt von den Zielen und dem Design der jeweiligen Website ab. Im Focus steht jedoch immer die <strong>Verbesserung der Benutzererfahrung<\/strong>. <em>Standardseiten<\/em> als grundlegende Variante informieren \u00fcber den Fehler, ggf. mit zus\u00e4tzlichen Informationen. Ich bevorzuge stattdessen <em>individuelle Fehlerseiten<\/em> im Stil und Design der jeweiligen Website. Je nach Art und Ziel u.\u00a0a. mit den wichtigsten Topics, einer Sitemap, Suchfunktion oder Kontaktm\u00f6glichkeit. Bei brandneuen, sehr kleinen Websites kann man auch durch eine entsprechende Funktion Besucher direkt <em>auf die Homepage weiterleiten<\/em>, ohne dass diese jemals eine Fehlerseite zu Gesicht bekommen.<\/p>\n\n\n\n<div class=\"wp-block-group call-to-action-group d-print-none\"><div class=\"wp-block-group__inner-container\">\n<p class=\"call-to-action-text\">Sie wollen Ideen f\u00fcr Ihre Fehlerseite kennenlernen?<br>Sichern Sie sich Ihr kostenfreies Vorgespr\u00e4ch!<\/p>\n\n\n<div class=\"wp-bootstrap-blocks-button\">\n\t<a\n\t\thref=\"https:\/\/www.servicepraxis.com\/kontakt\/\"\n\t\t\t\t\t\tclass=\"btn call-to-action-button btn-secondary\"\n\t>\n\t\tTelefontermin vereinbaren\t<\/a>\n<\/div>\n<\/div><\/div>\n\n\n\n<p>Auch im Hinblick auf die <strong>Suchmaschinenoptimierung (SEO)<\/strong> sollte immer ein Augenmerk auf eine zum Projekt passende Fehlerseite gelegt werden. Suchdienste verstehen, dass die Seite nicht existiert. Eine benutzerfreundliche Seite mit klaren Informationen und Links zu den relevanten Inhalten k\u00f6nnen evtl. negative Auswirkungen auf das Ranking minimieren. Eine umfangreiche L\u00f6sung f\u00fcr <strong>Weiterleitungen unter WordPress<\/strong> bietet das <a style=\"border-bottom: 1px dotted;\" href=\"https:\/\/www.servicepraxis.com\/plugins\/redirections\/\">Plugin Redirection<\/a>.<\/p>\n\n\n\n\n","protected":false},"excerpt":{"rendered":"<p>Eine sogenannte Error-404-Seite wird angezeigt, wenn Benutzer:innen versuchen, auf eine bestimmte Webseite zuzugreifen, die jedoch nicht gefunden werden kann. In solchen F\u00e4llen wird der Statuscode 404 verwendet, um anzuzeigen, dass die angeforderte Ressource nicht verf\u00fcgbar ist. Dies ist in den meisten F\u00e4llen dann der Fall, wenn falsch verlinkt wurde bzw. der Link veraltet ist oder [&hellip;]<\/p>\n","protected":false},"author":1,"featured_media":530,"parent":253,"menu_order":16,"comment_status":"closed","ping_status":"closed","template":"","meta":{"_acf_changed":false,"footnotes":""},"tags":[9],"class_list":["post-535","page","type-page","status-publish","has-post-thumbnail","hentry","tag-wartung-und-optimierung"],"acf":[],"_links":{"self":[{"href":"https:\/\/www.servicepraxis.com\/plugins\/wp-json\/wp\/v2\/pages\/535","targetHints":{"allow":["GET"]}}],"collection":[{"href":"https:\/\/www.servicepraxis.com\/plugins\/wp-json\/wp\/v2\/pages"}],"about":[{"href":"https:\/\/www.servicepraxis.com\/plugins\/wp-json\/wp\/v2\/types\/page"}],"author":[{"embeddable":true,"href":"https:\/\/www.servicepraxis.com\/plugins\/wp-json\/wp\/v2\/users\/1"}],"replies":[{"embeddable":true,"href":"https:\/\/www.servicepraxis.com\/plugins\/wp-json\/wp\/v2\/comments?post=535"}],"version-history":[{"count":0,"href":"https:\/\/www.servicepraxis.com\/plugins\/wp-json\/wp\/v2\/pages\/535\/revisions"}],"up":[{"embeddable":true,"href":"https:\/\/www.servicepraxis.com\/plugins\/wp-json\/wp\/v2\/pages\/253"}],"wp:featuredmedia":[{"embeddable":true,"href":"https:\/\/www.servicepraxis.com\/plugins\/wp-json\/wp\/v2\/media\/530"}],"wp:attachment":[{"href":"https:\/\/www.servicepraxis.com\/plugins\/wp-json\/wp\/v2\/media?parent=535"}],"wp:term":[{"taxonomy":"post_tag","embeddable":true,"href":"https:\/\/www.servicepraxis.com\/plugins\/wp-json\/wp\/v2\/tags?post=535"}],"curies":[{"name":"wp","href":"https:\/\/api.w.org\/{rel}","templated":true}]}}