{"id":493,"date":"2023-04-28T07:46:08","date_gmt":"2023-04-28T05:46:08","guid":{"rendered":"https:\/\/www.servicepraxis.com\/plugins\/?page_id=493"},"modified":"2023-04-28T09:38:23","modified_gmt":"2023-04-28T07:38:23","slug":"multisite","status":"publish","type":"page","link":"https:\/\/www.servicepraxis.com\/plugins\/multisite\/","title":{"rendered":"Multisite in WordPress"},"content":{"rendered":"\n<p>WordPress Multisite ist eine Funktion, die es erm\u00f6glicht, mehrere <strong>separate Websites unter WordPress zentralisiert zu managen<\/strong>. Statt f\u00fcr jede Site eine separate Installation anzulegen, k\u00f6nnen alle Projekte gemeinsam innerhalb eines Netzwerks verwaltet werden, indem sie gemeinsam unter einer Administrationsoberfl\u00e4che, dem Dashboard, zusammengef\u00fchrt werden.<\/p>\n\n\n\n<h3 class=\"wp-block-heading\">Vor- und Nachteile von Multisites<\/h3>\n\n\n\n<p>Bei der Verwaltung von mehreren Websites, Landing- bzw. Microsites u.s.w kann Multisite eine gro\u00dfartige Option sein. Vor der Entscheidung, ob f\u00fcr Ihre Bed\u00fcrfnisse bzw. Projekte WordPress Multisite geeignet ist, gilt es, die Vor- und Nachteile abzuw\u00e4gen, wobei erstere \u00fcberwiegen! Die Nachteile lassen sich schnell beseitigen.<\/p>\n\n\n\n<div class=\"wp-block-group card-container-group mt-4 d-print-none data-aos_zoom-in data-aos-delay_200 data-aos-duration_400\"><div class=\"wp-block-group__inner-container\">\n<div class=\"wp-block-columns\">\n<div class=\"wp-block-column card p-3\">\n<h4 class=\"wp-block-heading\">Vorteile<\/h4>\n\n\n\n<ol class=\"wp-block-list\">\n<li>Websites innerhalb desselben Netzwerks k\u00f6nnen <strong>zentral unter einem Dashboard<\/strong> verwaltet werden, was Zeit und Ressourcen spart.<\/li>\n\n\n\n<li>Durch das Hosting innerhalb einer Installation kann dies je nach Komplexit\u00e4t zu einer <strong>Kostenersparnis<\/strong> bei Hosting- und insbesondere den Wartungskosten f\u00fchren.<\/li>\n\n\n\n<li>Dadurch, dass alle Websites innerhalb des Netzwerks auf die gleiche Weise verwaltet werden, wird eine <strong>konsistente Erfahrung f\u00fcr die Benutzer:innen <\/strong>gew\u00e4hrleistet.<\/li>\n\n\n\n<li>Benutzerkonten k\u00f6nnen innerhalb des Netzwerks zentral verwaltet werden, was die Einrichtung von neuen <strong>Benutzern <\/strong>deutlich erleichtert.<\/li>\n<\/ol>\n<\/div>\n\n\n\n<div class=\"wp-block-column card p-3\">\n<h4 class=\"wp-block-heading\">Nachteile<\/h4>\n\n\n\n<ol class=\"wp-block-list\">\n<li>Das Einrichten und Verwalten von Multisite kann <strong>komplex<\/strong> sein und erfordert  fortgeschrittene technische Kenntnisse.<\/li>\n\n\n\n<li>Nicht alle Plugins sind mit Multisite <strong>kompatibel<\/strong>, was die Funktionalit\u00e4t  beeintr\u00e4chtigen kann bzw. ggf. m\u00fcssen Erweiterungen je Blog bzw. Site freigeschaltet werden, was aber auch eine Bereicherung sein kann.<\/li>\n\n\n\n<li>Umfangreiche Installationen k\u00f6nnen die <strong>Performance<\/strong>, vornehmlich die Ladezeiten beeintr\u00e4chtigen und die Serverressourcen belasten.<\/li>\n\n\n\n<li>Die <strong>Datenbank<\/strong> des Netzwerks kann schnell wachsen, was m\u00f6glicherweise zus\u00e4tzliche Serverressourcen erfordert.<\/li>\n<\/ol>\n<\/div>\n<\/div>\n<\/div><\/div>\n\n\n\n<h3 class=\"wp-block-heading\">Wof\u00fcr sich Multisite in WordPress nutzen l\u00e4sst<\/h3>\n\n\n\n<p>Multisite kann f\u00fcr verschiedene Anwendungsf\u00e4lle genutzt werden. Einige der h\u00e4ufigsten Verwendungsm\u00f6glichkeiten in WordPress sind beispielsweise Unternehmen mit mehreren Standorten, die eine separate Website f\u00fcr jeden Standort ggf. mit eigener Domain oder Subdomain ben\u00f6tigen. <\/p>\n\n\n\n<div class=\"wp-block-group card-container-group mt-4 d-print-none data-aos_zoom-in data-aos-delay_200 data-aos-duration_400\"><div class=\"wp-block-group__inner-container\">\n<div class=\"wp-block-group tab-container\"><div class=\"wp-block-group__inner-container\">\n<ul class=\"nav nav-fill nav-tabs nav-justified flex-column flex-sm-row\" id=\"myTab\" role=\"tablist\">\n<li class=\"nav-item flex-sm-fill\" role=\"presentation\">\n\t<button class=\"active nav-link ps-3 pt-2 pb-2\" id=\"step-one-tab\" data-bs-toggle=\"tab\" data-bs-target=\"#step-one\" type=\"button\" role=\"tab\" aria-controls=\"step-one\" aria-selected=\"true\"> \n\t\t<svg xmlns=\"http:\/\/www.w3.org\/2000\/svg\" width=\"16\" height=\"16\" fill=\"currentColor\" class=\"pe-1 bi bi-house-add-fill\" viewBox=\"0 0 16 16\">\n  <path d=\"M12.5 16a3.5 3.5 0 1 0 0-7 3.5 3.5 0 0 0 0 7Zm.5-5v1h1a.5.5 0 0 1 0 1h-1v1a.5.5 0 1 1-1 0v-1h-1a.5.5 0 1 1 0-1h1v-1a.5.5 0 0 1 1 0Z\"><\/path>\n  <path d=\"M8.707 1.5a1 1 0 0 0-1.414 0L.646 8.146a.5.5 0 0 0 .708.708L8 2.207l6.646 6.647a.5.5 0 0 0 .708-.708L13 5.793V2.5a.5.5 0 0 0-.5-.5h-1a.5.5 0 0 0-.5.5v1.293L8.707 1.5Z\"><\/path>\n  <path d=\"m8 3.293 4.712 4.712A4.5 4.5 0 0 0 8.758 15H3.5A1.5 1.5 0 0 1 2 13.5V9.293l6-6Z\"><\/path>\n<\/svg> Grundlagen \n\t<\/button> \n<\/li>\n<li class=\"nav-item flex-sm-fill\" role=\"presentation\"> \n\t<button class=\"nav-link ps-3 pt-2 pb-2\" id=\"step-two-tab\" data-bs-toggle=\"tab\" data-bs-target=\"#step-two\" type=\"button\" role=\"tab\" aria-controls=\"step-two\" aria-selected=\"false\"> \n\t\t<svg xmlns=\"http:\/\/www.w3.org\/2000\/svg\" width=\"16\" height=\"16\" fill=\"currentColor\" class=\"pe-1 bi bi-wordpress\" viewBox=\"0 0 16 16\">\n  <path d=\"M12.633 7.653c0-.848-.305-1.435-.566-1.892l-.08-.13c-.317-.51-.594-.958-.594-1.48 0-.63.478-1.218 1.152-1.218.02 0 .039.002.058.003l.031.003A6.838 6.838 0 0 0 8 1.137 6.855 6.855 0 0 0 2.266 4.23c.16.005.313.009.442.009.717 0 1.828-.087 1.828-.087.37-.022.414.521.044.565 0 0-.371.044-.785.065l2.5 7.434 1.5-4.506-1.07-2.929c-.369-.022-.719-.065-.719-.065-.37-.022-.326-.588.043-.566 0 0 1.134.087 1.808.087.718 0 1.83-.087 1.83-.087.37-.022.413.522.043.566 0 0-.372.043-.785.065l2.48 7.377.684-2.287.054-.173c.27-.86.469-1.495.469-2.046zM1.137 8a6.864 6.864 0 0 0 3.868 6.176L1.73 5.206A6.837 6.837 0 0 0 1.137 8z\"><\/path>\n  <path d=\"M6.061 14.583 8.121 8.6l2.109 5.78c.014.033.03.064.049.094a6.854 6.854 0 0 1-4.218.109zm7.96-9.876c.03.219.047.453.047.706 0 .696-.13 1.479-.522 2.458l-2.096 6.06a6.86 6.86 0 0 0 2.572-9.224z\"><\/path>\n  <path fill-rule=\"evenodd\" d=\"M0 8c0-4.411 3.589-8 8-8 4.41 0 8 3.589 8 8s-3.59 8-8 8c-4.411 0-8-3.589-8-8zm.367 0c0 4.209 3.424 7.633 7.633 7.633 4.208 0 7.632-3.424 7.632-7.633C15.632 3.79 12.208.367 8 .367 3.79.367.367 3.79.367 8z\"><\/path>\n<\/svg> Einrichtung\n\t<\/button> \n<\/li>  \n<li class=\"nav-item flex-sm-fill\" role=\"presentation\"> \n\t<button class=\"nav-link ps-3 pt-2 pb-2\" id=\"step-three-tab\" data-bs-toggle=\"tab\" data-bs-target=\"#step-three\" type=\"button\" role=\"tab\" aria-controls=\"step-three\" aria-selected=\"false\"> \n\t\t<svg xmlns=\"http:\/\/www.w3.org\/2000\/svg\" width=\"16\" height=\"16\" fill=\"currentColor\" class=\"bi bi-gear-fill\" viewBox=\"0 0 16 16\">\n  <path d=\"M9.405 1.05c-.413-1.4-2.397-1.4-2.81 0l-.1.34a1.464 1.464 0 0 1-2.105.872l-.31-.17c-1.283-.698-2.686.705-1.987 1.987l.169.311c.446.82.023 1.841-.872 2.105l-.34.1c-1.4.413-1.4 2.397 0 2.81l.34.1a1.464 1.464 0 0 1 .872 2.105l-.17.31c-.698 1.283.705 2.686 1.987 1.987l.311-.169a1.464 1.464 0 0 1 2.105.872l.1.34c.413 1.4 2.397 1.4 2.81 0l.1-.34a1.464 1.464 0 0 1 2.105-.872l.31.17c1.283.698 2.686-.705 1.987-1.987l-.169-.311a1.464 1.464 0 0 1 .872-2.105l.34-.1c1.4-.413 1.4-2.397 0-2.81l-.34-.1a1.464 1.464 0 0 1-.872-2.105l.17-.31c.698-1.283-.705-2.686-1.987-1.987l-.311.169a1.464 1.464 0 0 1-2.105-.872l-.1-.34zM8 10.93a2.929 2.929 0 1 1 0-5.86 2.929 2.929 0 0 1 0 5.858z\"><\/path>\n<\/svg> Potenzielle H\u00fcrden\n\t<\/button> \n<\/li> \n<li class=\"nav-item flex-sm-fill\" role=\"presentation\"> \n\t<button class=\"nav-link ps-3 pt-2 pb-2\" id=\"step-four-tab\" data-bs-toggle=\"tab\" data-bs-target=\"#step-four\" type=\"button\" role=\"tab\" aria-controls=\"step-four\" aria-selected=\"false\"> \n\t\t<svg xmlns=\"http:\/\/www.w3.org\/2000\/svg\" width=\"16\" height=\"16\" fill=\"currentColor\" class=\"bi bi-server\" viewBox=\"0 0 16 16\">\n  <path d=\"M1.333 2.667C1.333 1.194 4.318 0 8 0s6.667 1.194 6.667 2.667V4c0 1.473-2.985 2.667-6.667 2.667S1.333 5.473 1.333 4V2.667z\"><\/path>\n  <path d=\"M1.333 6.334v3C1.333 10.805 4.318 12 8 12s6.667-1.194 6.667-2.667V6.334a6.51 6.51 0 0 1-1.458.79C11.81 7.684 9.967 8 8 8c-1.966 0-3.809-.317-5.208-.876a6.508 6.508 0 0 1-1.458-.79z\"><\/path>\n  <path d=\"M14.667 11.668a6.51 6.51 0 0 1-1.458.789c-1.4.56-3.242.876-5.21.876-1.966 0-3.809-.316-5.208-.876a6.51 6.51 0 0 1-1.458-.79v1.666C1.333 14.806 4.318 16 8 16s6.667-1.194 6.667-2.667v-1.665z\"><\/path>\n<\/svg> Arbeitsalltag\n\t<\/button> \n<\/li>\n<\/ul> \n<div class=\"border-grey bg p-3 tab-content\"> \n\t<div class=\"tab-pane fade show active\" id=\"step-one\" role=\"tabpanel\" aria-labelledby=\"step-one-tab\"> \n\t\t<p>Es wird im Gegensatz zu den Anf\u00e4ngen von WordPress <b>kein Plugin ben\u00f6tigt<\/b>, da die Funktionalit\u00e4t bereits in den aktuellen Versionen integriert ist. Voraussetzung ist eine voll funktionsf\u00e4hige Installation. Grunds\u00e4tzlich ist es wie immer mehr als empfehlenswert, zun\u00e4chst eine vollst\u00e4ndige Sicherungskopie zu erstellen.<\/p>\n\t<\/div> \n\t<div class=\"tab-pane fade\" id=\"step-two\" role=\"tabpanel\" aria-labelledby=\"step-two-tab\"> \n\t\t<p>Der Code in den Dateien <b>wp-config.php<\/b> und <b>.htaccess<\/b> muss in zwei Schritten entsprechend erg\u00e4nzt werden, um Multisite zu freizuschalten. Anschlie\u00dfend kann man im Backend das Feature aktivieren und die Einstellungen konfigurieren, um die Struktur des Netzwerks sowie die gew\u00fcnschten Funktionen wie z.&nbsp;B. Layouts bzw. Themes und Plugins oder die Verwaltung von Benutzern final einzurichten.<\/p>\n\t<\/div> \t\n\t<div class=\"tab-pane fade\" id=\"step-three\" role=\"tabpanel\" aria-labelledby=\"step-three-tab\"> \n\t\t<p>Die Einrichtung einer Multisite in WordPress erfordert ein grundlegendes Verst\u00e4ndnis der Installation und einige <b>technische Kenntnisse<\/b> wie beispielsweise die Unterscheidung von (Sub-) Domains und Unterverzeichnissen. Im ersten Fall muss i.&nbsp;d.&nbsp;R. auch der entsprechende Eintrag in der Verwaltung des (Name-) Servers vorgenommen werden.<\/p>\n\t<\/div> \n\t<div class=\"tab-pane fade\" id=\"step-four\" role=\"tabpanel\" aria-labelledby=\"step-four-tab\"> \n\t\t<p>Mittels der Funktion <b>get_current_blog_id()<\/b> wird in einer entsprechenden Umgebung der gew\u00fcnschte Blog bzw. Website angerufen. Hiermit kann dann auf spezifische Inhalte, Einstellungen oder Datenbanktabellen zugegriffen werden. Wichtig ist dabei den Kontext zu kennen, um sicherzustellen, dass alle Funktionen und Aktionen auf dem richtigen Blog ausgef\u00fchrt werden.<\/p>\n\t<\/div><\/div>\n<\/div><\/div>\n<\/div><\/div>\n\n\n\n<p>Ebenfalls eignet sich die Nutzung f\u00fcr jede Art von Projekten aus mehreren Sites, die sich an unterschiedliche Zielgruppen wenden, sei es beispielsweise ein Unternehmen, eine Bildungseinrichtung oder ein Netzwerk von Blogs oder Magazinen. Im Bereich des E-Commerce ist eine Nutzung f\u00fcr verschiedene Produktkategorien oder Zielgruppen denkbar.<\/p>\n\n\n\n<h3 class=\"mt-4 wp-block-heading\">Multisites im Alltag<\/h3>\n\n\n\n<p>Theoretisch ist es m\u00f6glich eine <strong>unbegrenzte Anzahl von Websites<\/strong> zu erstellen, die alle unter derselben Installation von WordPress gehostet werden. Statt eines Unterverzeichnisses kann jeder Site innerhalb des Netzwerkes eine eigene Domain oder Subdomain zugeordnet werden, die auf sie verweist.<\/p>\n\n\n\n<h4 class=\"wp-block-heading\">Fallbeispiele aus meiner Praxis <\/h4>\n\n\n\n<p>M\u00f6gliche <strong>Einsatzszenarien<\/strong> sind blog\u00fcbergreifende Inhalte wie Suche, Inhaltsverzeichnis, Darstellung letzter Beitr\u00e4ge. Des Weiteren eignet sich die Technik f\u00fcr mehrsprachige Sites, Websites mit Newsletterarchiv und Microsites ebenso wie f\u00fcr Blogs und Landingpages. Auch im Intranet oder als passwortgesch\u00fctztes Extranet bieten sich Multisites an.<\/p>\n\n\n\n<div class=\"wp-block-group row g-0 m-0 p-0\"><div class=\"wp-block-group__inner-container\">\n<div class=\"wp-block-group card-container-group d-print-none data-aos_zoom-in data-aos-delay_200 data-aos-duration_400\"><div class=\"wp-block-group__inner-container\">\n<div class=\"wp-block-group card-container\"><div class=\"wp-block-group__inner-container\">\n<div class=\"wp-block-group slider-container\"><div class=\"wp-block-group__inner-container\">\n<div class=\"slider\">\n  <figure class=\"slider__item\"><img decoding=\"async\" loading=\"lazy\" width=\"1490\" height=\"900\" class=\"slider__image img-fluid\" alt=\"Microsite\" src=\"\/wp-content\/uploads\/sites\/6\/blg6_multi_bsp_001.png\">\n    <figcaption class=\"slider__caption\">Microsite www.kunstberatung.de\/wir-brauchen-kunst<\/figcaption>\n  <\/figure>\n  <figure class=\"slider__item\"><img decoding=\"async\" loading=\"lazy\" width=\"1490\" height=\"900\" class=\"slider__image img-fluid\" alt=\"Landingpage\" src=\"\/wp-content\/uploads\/sites\/6\/blg6_multi_bsp_002.png\">\n    <figcaption class=\"slider__caption\">Landingpage www.boutique-resorts.de<\/figcaption>\n  <\/figure>\n  <figure class=\"slider__item\"><img decoding=\"async\" loading=\"lazy\" width=\"1490\" height=\"900\" class=\"slider__image img-fluid\" alt=\"Blogs und Magazine\" src=\"\/wp-content\/uploads\/sites\/6\/blg6_multi_bsp_003.png\">\n    <figcaption class=\"slider__caption\">Blogs und Magazine www.yoursingapore.de<\/figcaption>\n  <\/figure>\n  <figure class=\"slider__item\"><img decoding=\"async\" loading=\"lazy\" width=\"1490\" height=\"900\" class=\"slider__image img-fluid\" alt=\"Mehrsprachige Webseiten\" src=\"\/wp-content\/uploads\/sites\/6\/blg6_multi_bsp_004.png\">\n    <figcaption class=\"slider__caption\">Mehrsprachige Website www.eidlitz.de bzw. www.eidlitz.com<\/figcaption>\n  <\/figure>\n  <figure class=\"slider__item\"><img decoding=\"async\" loading=\"lazy\" width=\"1490\" height=\"900\" class=\"slider__image img-fluid\" alt=\"Newsletter\" src=\"\/wp-content\/uploads\/sites\/6\/blg6_multi_bsp_005.png\">\n    <figcaption class=\"slider__caption\">Newsletter www.kunstberatung.de\/newsletter<\/figcaption>\n  <\/figure> \n  <figure class=\"slider__item\"><img decoding=\"async\" loading=\"lazy\" width=\"1490\" height=\"900\" class=\"slider__image img-fluid\" alt=\"Suchfunktion\" src=\"\/wp-content\/uploads\/sites\/6\/blg6_multi_bsp_006.png\">\n    <figcaption class=\"slider__caption\">Suchfunktion \u00fcber vier Sites hinweg www.servicepraxis.com\/search<\/figcaption>\n  <\/figure>\n  <figure class=\"slider__item\"><img decoding=\"async\" loading=\"lazy\" width=\"1490\" height=\"900\" class=\"slider__image img-fluid\" alt=\"Neue Beitr\u00e4ge\" src=\"\/wp-content\/uploads\/sites\/6\/blg6_multi_bsp_007.png\">\n    <figcaption class=\"slider__caption\">Neuste Beitr\u00e4ge aus einer anderen Site www.servicepraxis.com\/updates<\/figcaption>\n  <\/figure>\n  <figure class=\"slider__item\"><img decoding=\"async\" loading=\"lazy\" width=\"1490\" height=\"900\" class=\"slider__image img-fluid\" alt=\"Inhaltsverzeichnis\" src=\"\/wp-content\/uploads\/sites\/6\/blg6_multi_bsp_008.png\">\n\t<figcaption class=\"slider__caption\">Inhaltsverzeichnis aus insgesamt drei Websites www.servicepraxis.com\/siteindex<\/figcaption>\n  <\/figure>\n  <figure class=\"slider__item\"><img decoding=\"async\" loading=\"lazy\" width=\"1490\" height=\"900\" class=\"slider__image img-fluid\" alt=\"Einsprungseite\" src=\"\/wp-content\/uploads\/sites\/6\/blg6_multi_bsp_009.png\">\n    <figcaption class=\"slider__caption\">Einsprungseite nach \u00c4nderung des Unternehmenszwecks www.imup.de<\/figcaption>\n  <\/figure>   \n<\/div>\n<div class=\"slider__btn\"><\/div>\n<\/div><\/div>\n<\/div><\/div>\n<\/div><\/div>\n<\/div><\/div>\n\n\n\n<p>Aufgrund der <strong>zentralen Verwaltung<\/strong> \u00fcber ein gemeinsames Dashboard sparen wir gemeinsam Zeit und Ressourcen und k\u00f6nnen uns auf die eigentlichen Kernkompetenzen sowie die Weiterentwicklung der Websites konzentrieren. Da desselben Netzwerks gehostet k\u00f6nnen gemeinsam Funktionen sowie Plugins und Themes genutzt werden. Jede Homepage innerhalb des Netzwerks kann selbstverst\u00e4ndlich auf bestimmte Inhalte und Designs zugeschnitten sein. Gerne berate ich Sie kostenlos und unverbindlich bei einem <a style=\"border-bottom: 1px dotted;\" href=\"\/kontakt\/\">Erstgespr\u00e4ch<\/a>.<\/p>\n\n\n","protected":false},"excerpt":{"rendered":"<p>WordPress Multisite ist eine Funktion, die es erm\u00f6glicht, mehrere separate Websites unter WordPress zentralisiert zu managen. Statt f\u00fcr jede Site eine separate Installation anzulegen, k\u00f6nnen alle Projekte gemeinsam innerhalb eines Netzwerks verwaltet werden, indem sie gemeinsam unter einer Administrationsoberfl\u00e4che, dem Dashboard, zusammengef\u00fchrt werden. Vor- und Nachteile von Multisites Bei der Verwaltung von mehreren Websites, Landing- [&hellip;]<\/p>\n","protected":false},"author":1,"featured_media":492,"parent":0,"menu_order":27,"comment_status":"closed","ping_status":"closed","template":"","meta":{"_acf_changed":false,"footnotes":""},"tags":[],"class_list":["post-493","page","type-page","status-publish","has-post-thumbnail","hentry"],"acf":[],"_links":{"self":[{"href":"https:\/\/www.servicepraxis.com\/plugins\/wp-json\/wp\/v2\/pages\/493","targetHints":{"allow":["GET"]}}],"collection":[{"href":"https:\/\/www.servicepraxis.com\/plugins\/wp-json\/wp\/v2\/pages"}],"about":[{"href":"https:\/\/www.servicepraxis.com\/plugins\/wp-json\/wp\/v2\/types\/page"}],"author":[{"embeddable":true,"href":"https:\/\/www.servicepraxis.com\/plugins\/wp-json\/wp\/v2\/users\/1"}],"replies":[{"embeddable":true,"href":"https:\/\/www.servicepraxis.com\/plugins\/wp-json\/wp\/v2\/comments?post=493"}],"version-history":[{"count":0,"href":"https:\/\/www.servicepraxis.com\/plugins\/wp-json\/wp\/v2\/pages\/493\/revisions"}],"wp:featuredmedia":[{"embeddable":true,"href":"https:\/\/www.servicepraxis.com\/plugins\/wp-json\/wp\/v2\/media\/492"}],"wp:attachment":[{"href":"https:\/\/www.servicepraxis.com\/plugins\/wp-json\/wp\/v2\/media?parent=493"}],"wp:term":[{"taxonomy":"post_tag","embeddable":true,"href":"https:\/\/www.servicepraxis.com\/plugins\/wp-json\/wp\/v2\/tags?post=493"}],"curies":[{"name":"wp","href":"https:\/\/api.w.org\/{rel}","templated":true}]}}