{"id":470,"date":"2023-04-17T15:40:14","date_gmt":"2023-04-17T13:40:14","guid":{"rendered":"https:\/\/www.servicepraxis.com\/plugins\/?page_id=470"},"modified":"2025-06-06T15:43:46","modified_gmt":"2025-06-06T13:43:46","slug":"wartung-und-sicherheit","status":"publish","type":"page","link":"https:\/\/www.servicepraxis.com\/plugins\/wartung-und-sicherheit\/","title":{"rendered":"Zuverl\u00e4ssigkeit, Wartung und Sicherheit"},"content":{"rendered":"\n<p>Immer mehr umgeben wir uns mit vermeintlicher, oft tr\u00fcgerischer Sicherheit. Alarmanlagen boomen ebenso wie \u00dcberwachungskameras. Werbung suggeriert, wie praktisch es sei zu erfahren, wer gerade bei uns an der Haust\u00fcr klingelt, auch wenn wir nicht da sein sollten. Websites, das erlebe ich leider in meiner t\u00e4glichen Praxis, werden dagegen oft genug hinsichtlich Wartung, Erg\u00e4nzung und Optimierung str\u00e4flich vernachl\u00e4ssigt.<\/p>\n\n\n\n<h3 class=\"wp-block-heading\">Wartung von WordPress<\/h3>\n\n\n\n<p>Die regelm\u00e4\u00dfige Wartung von WordPress ist ein wichtiger Aspekt, um sicherzustellen, dass Ihre Website sicher und stabil bleibt und eine optimale Leistung bietet. Stellen Sie sicher, dass sie schnell und reaktionsf\u00e4hig bleibt. Optimieren Sie Medien, um die Ladezeit zu reduzieren.<\/p>\n\n\n\n<div class=\"wp-block-group card-container-group  data-aos_zoom-in data-aos-delay_200 data-aos-duration_400\"><div class=\"wp-block-group__inner-container\">\n<div class=\"wp-block-group card-container\"><div class=\"wp-block-group__inner-container\">\n<div class=\"wartung-und-sicherheit-container\">\n<h4 class=\"d-none d-md-block\" style=\"margin-left: 2rem;\"><span style=\" color: #fff;\">F\u00fcnf-Schritte Programm<\/span><\/h4>\n<ol>\n    <li style=\"--accent-color:#8e873a\">\n        <div class=\"icon hide-md pt-4 pb-5\"><svg xmlns=\"http:\/\/www.w3.org\/2000\/svg\" width=\"32\" height=\"32\" fill=\"currentColor\" class=\"bi bi-wordpress\" viewBox=\"0 0 16 16\">\n\t\t<path d=\"M12.633 7.653c0-.848-.305-1.435-.566-1.892l-.08-.13c-.317-.51-.594-.958-.594-1.48 0-.63.478-1.218 1.152-1.218.02 0 .039.002.058.003l.031.003A6.838 6.838 0 0 0 8 1.137 6.855 6.855 0 0 0 2.266 4.23c.16.005.313.009.442.009.717 0 1.828-.087 1.828-.087.37-.022.414.521.044.565 0 0-.371.044-.785.065l2.5 7.434 1.5-4.506-1.07-2.929c-.369-.022-.719-.065-.719-.065-.37-.022-.326-.588.043-.566 0 0 1.134.087 1.808.087.718 0 1.83-.087 1.83-.087.37-.022.413.522.043.566 0 0-.372.043-.785.065l2.48 7.377.684-2.287.054-.173c.27-.86.469-1.495.469-2.046zM1.137 8a6.864 6.864 0 0 0 3.868 6.176L1.73 5.206A6.837 6.837 0 0 0 1.137 8z\"><\/path>\n\t\t<path d=\"M6.061 14.583 8.121 8.6l2.109 5.78c.014.033.03.064.049.094a6.854 6.854 0 0 1-4.218.109zm7.96-9.876c.03.219.047.453.047.706 0 .696-.13 1.479-.522 2.458l-2.096 6.06a6.86 6.86 0 0 0 2.572-9.224z\"><\/path>\n\t\t<path fill-rule=\"evenodd\" d=\"M0 8c0-4.411 3.589-8 8-8 4.41 0 8 3.589 8 8s-3.59 8-8 8c-4.411 0-8-3.589-8-8zm.367 0c0 4.209 3.424 7.633 7.633 7.633 4.208 0 7.632-3.424 7.632-7.633C15.632 3.79 12.208.367 8 .367 3.79.367.367 3.79.367 8z\"><\/path>\n\t\t<\/svg><\/div>\n        <div class=\"title\">WordPress<\/div>\n        <div class=\"descr\">Es erfolgt eine best\u00e4ndige Weiterentwicklung, um Sicherheit und Stabilit\u00e4t zu verbessern. Die Installation sollte regelm\u00e4\u00dfig auf die neueste Version aktualisiert werden, um hiervon zu profitieren.<\/div>\n    <\/li>\n    <li style=\"--accent-color:#8e873a\">\n        <div class=\"icon hide-md pt-4 pb-5\"><svg xmlns=\"http:\/\/www.w3.org\/2000\/svg\" width=\"32\" height=\"32\" fill=\"currentColor\" class=\"bi bi-plugin\" viewBox=\"0 0 16 16\">\n\t\t<path fill-rule=\"evenodd\" d=\"M1 8a7 7 0 1 1 2.898 5.673c-.167-.121-.216-.406-.002-.62l1.8-1.8a3.5 3.5 0 0 0 4.572-.328l1.414-1.415a.5.5 0 0 0 0-.707l-.707-.707 1.559-1.563a.5.5 0 1 0-.708-.706l-1.559 1.562-1.414-1.414 1.56-1.562a.5.5 0 1 0-.707-.706l-1.56 1.56-.707-.706a.5.5 0 0 0-.707 0L5.318 5.975a3.5 3.5 0 0 0-.328 4.571l-1.8 1.8c-.58.58-.62 1.6.121 2.137A8 8 0 1 0 0 8a.5.5 0 0 0 1 0Z\"><\/path>\n\t\t<\/svg><\/div>\n        <div class=\"title\">Plugins<\/div>\n        <div class=\"descr\">Ebenso wichtig ist es, alle Plugins und Themes upzudaten. Veraltete Plugins und Themes k\u00f6nnen Sicherheitsrisiken darstellen und ggf. auch die Leistung Ihrer Website beeintr\u00e4chtigen.<\/div>\n    <\/li>\n    <li style=\"--accent-color:#8e873a\">\n        <div class=\"icon hide-md pt-4 pb-5\"><svg xmlns=\"http:\/\/www.w3.org\/2000\/svg\" width=\"32\" height=\"32\" fill=\"currentColor\" class=\"bi bi-layer-backward\" viewBox=\"0 0 16 16\">\n\t\t<path d=\"M8.354 15.854a.5.5 0 0 1-.708 0l-3-3a.5.5 0 0 1 0-.708l1-1a.5.5 0 0 1 .708 0l.646.647V4H1a1 1 0 0 1-1-1V1a1 1 0 0 1 1-1h14a1 1 0 0 1 1 1v2a1 1 0 0 1-1 1H9v7.793l.646-.647a.5.5 0 0 1 .708 0l1 1a.5.5 0 0 1 0 .708l-3 3z\"><\/path>\n\t\t<path d=\"M1 9a1 1 0 0 1-1-1V6a1 1 0 0 1 1-1h4.5a.5.5 0 0 1 0 1H1v2h4.5a.5.5 0 0 1 0 1H1zm9.5 0a.5.5 0 0 1 0-1H15V6h-4.5a.5.5 0 0 1 0-1H15a1 1 0 0 1 1 1v2a1 1 0 0 1-1 1h-4.5z\"><\/path>\n\t\t<\/svg><\/div>\n        <div class=\"title\">Backups<\/div>\n        <div class=\"descr\">Es ist ratsam, regelm\u00e4\u00dfige Backup durchzuf\u00fchren, um im Falle eines Datenverlusts die Website wiederherstellen zu k\u00f6nnen. Es gibt verschiedene Plugins, die Ihnen dabei helfen.<\/div>\n    <\/li>\n    <li style=\"--accent-color:#8e873a\">\n        <div class=\"icon hide-md pt-4 pb-5\"><svg xmlns=\"http:\/\/www.w3.org\/2000\/svg\" width=\"32\" height=\"32\" fill=\"currentColor\" class=\"bi bi-building-fill-check\" viewBox=\"0 0 16 16\">\n\t\t<path d=\"M12.5 16a3.5 3.5 0 1 0 0-7 3.5 3.5 0 0 0 0 7Zm1.679-4.493-1.335 2.226a.75.75 0 0 1-1.174.144l-.774-.773a.5.5 0 0 1 .708-.708l.547.548 1.17-1.951a.5.5 0 1 1 .858.514Z\"><\/path>\n\t\t<path d=\"M2 1a1 1 0 0 1 1-1h10a1 1 0 0 1 1 1v7.256A4.493 4.493 0 0 0 12.5 8a4.493 4.493 0 0 0-3.59 1.787A.498.498 0 0 0 9 9.5v-1a.5.5 0 0 0-.5-.5h-1a.5.5 0 0 0-.5.5v1a.5.5 0 0 0 .5.5h1a.5.5 0 0 0 .39-.187A4.476 4.476 0 0 0 8.027 12H6.5a.5.5 0 0 0-.5.5V16H3a1 1 0 0 1-1-1V1Zm2 1.5v1a.5.5 0 0 0 .5.5h1a.5.5 0 0 0 .5-.5v-1a.5.5 0 0 0-.5-.5h-1a.5.5 0 0 0-.5.5Zm3 0v1a.5.5 0 0 0 .5.5h1a.5.5 0 0 0 .5-.5v-1a.5.5 0 0 0-.5-.5h-1a.5.5 0 0 0-.5.5Zm3.5-.5a.5.5 0 0 0-.5.5v1a.5.5 0 0 0 .5.5h1a.5.5 0 0 0 .5-.5v-1a.5.5 0 0 0-.5-.5h-1ZM4 5.5v1a.5.5 0 0 0 .5.5h1a.5.5 0 0 0 .5-.5v-1a.5.5 0 0 0-.5-.5h-1a.5.5 0 0 0-.5.5ZM7.5 5a.5.5 0 0 0-.5.5v1a.5.5 0 0 0 .5.5h1a.5.5 0 0 0 .5-.5v-1a.5.5 0 0 0-.5-.5h-1Zm2.5.5v1a.5.5 0 0 0 .5.5h1a.5.5 0 0 0 .5-.5v-1a.5.5 0 0 0-.5-.5h-1a.5.5 0 0 0-.5.5ZM4.5 8a.5.5 0 0 0-.5.5v1a.5.5 0 0 0 .5.5h1a.5.5 0 0 0 .5-.5v-1a.5.5 0 0 0-.5-.5h-1Z\"><\/path>\n\t\t<\/svg><\/div>\n        <div class=\"title\">Checkup<\/div>\n        <div class=\"descr\">\u00dcberpr\u00fcfen Sie die Website auf Sicherheitsprobleme, um m\u00f6gliche Angriffe zu verhindern.<\/div>\n    <\/li>\n    <li style=\"--accent-color:#8e873a\">\n        <div class=\"icon hide-md pt-4 pb-5\"><svg xmlns=\"http:\/\/www.w3.org\/2000\/svg\" width=\"32\" height=\"32\" fill=\"currentColor\" class=\"bi bi-trash-fill\" viewBox=\"0 0 16 16\">\n\t\t<path d=\"M2.5 1a1 1 0 0 0-1 1v1a1 1 0 0 0 1 1H3v9a2 2 0 0 0 2 2h6a2 2 0 0 0 2-2V4h.5a1 1 0 0 0 1-1V2a1 1 0 0 0-1-1H10a1 1 0 0 0-1-1H7a1 1 0 0 0-1 1H2.5zm3 4a.5.5 0 0 1 .5.5v7a.5.5 0 0 1-1 0v-7a.5.5 0 0 1 .5-.5zM8 5a.5.5 0 0 1 .5.5v7a.5.5 0 0 1-1 0v-7A.5.5 0 0 1 8 5zm3 .5v7a.5.5 0 0 1-1 0v-7a.5.5 0 0 1 1 0z\"><\/path>\n\t\t<\/svg><\/div>\n        <div class=\"title\">M\u00fcll<\/div>\n        <div class=\"descr\">Selbst deaktivierte Plugins, Themes und Layouts k\u00f6nnen Risiken darstellen und die Leistung der Website beeintr\u00e4chtigen, sodass Sie diese l\u00f6schen sollten.<\/div>\n    <\/li>\n<\/ol>\n<div class=\"d-none d-md-block\" style=\"margin-right: 2rem; margin-top: 2rem;\"><span style=\"float: right; text-transform: uppercase; color: #fff;\"><small>Web Service aus der Praxis: www.servicepraxis.com<\/small><\/span><\/div>\n<\/div>\n<\/div><\/div>\n<\/div><\/div>\n\n\n\n<p>Reine Wartungs- und Sicherheits-Updates von WordPress lasse ich automatisch einspielen, gr\u00f6\u00dfere \u00c4nderungen, wenn der Sprung auf eine neue Version erfolgt, werden manuell vorgenommen \u2013 falls noch nicht geschehen nach einem vorherigen Backup \u2013, um die volle Kontrolle zu haben. Hierbei sollten mindestens Datenbank und Layoutvorlagen gesichert werden. Ich empfehle <strong>Plugins, Themes und Uploads<\/strong> wie beispielsweise Bilder sowie die Datenbank vorzuhalten. Eine Sicherung der Konfiguration im Hauptverzeichnis schadet ebenfalls nicht. Falls ein Update, Upgrade oder Plugin Probleme bereitet, kann man so umgehend eingreifen.<\/p>\n\n\n\n<p>F\u00fcr ein gelegentliches Bereinigen und Optimieren der <strong>Datenbank<\/strong> hat sich das Plugin Optimize Database after Deleting Revisions bew\u00e4hrt, f\u00fcr ein umfangreiches Backup, sofern man diese nicht selbst h\u00e4ndisch vornehmen m\u00f6chte, das Plugin BackWpUp.<\/p>\n\n\n\n<h3 class=\"wp-block-heading\">Sicherheit von WordPress<\/h3>\n\n\n\n<p>WordPress ist heute das am meisten eingesetzte Content-Management-System mit einem Marktanteil von \u00fcber sechzig Prozent. Viele leiten daraus ab, dass es deshalb anf\u00e4llig w\u00e4re f\u00fcr Sicherheitsprobleme, doch das Problem ist nicht WordPress, sondern meistens der Mensch, der hinter dem Server bzw. Computer sitzt.<\/p>\n\n\n\n<p>Seit dem <strong>01. Dezember 2022<\/strong> erhalten alle <strong>WordPress-Versionen vor 4.1 keine (Sicherheits-) Updates<\/strong> mehr. Das bedeutet, dass diese nicht mehr sicher sind. Dies betrifft auch alle Themes und Plugins, die f\u00fcr diese Versionen entwickelt wurden. Die Verwendung eines veralteten WordPress stellt ein erhebliches Sicherheitsrisiko dar, da hier gemeinhin bekannte Sicherheitsl\u00fccken vorliegen k\u00f6nnen.<\/p>\n\n\n\n<h4 class=\"wp-block-heading\">Sicherheit erh\u00f6hen, Risiko von Angriffen und Infektionen minimieren<\/h4>\n\n\n\n<p>Backups sowie kontinuierliche Aktualisierung von WordPress und Plugins. Verwendung starker Passw\u00f6rter. Plugins und Themes aus vertrauensw\u00fcrdigen Quellen beziehen. Vermeiden Sie kostenlose Themes und Plugins von unbekannten Quellen, da sie oftmals Sicherheitsrisiken darstellen k\u00f6nnen. Separate Nutzerkonten mit den jeweils erforderlichen Berechtigungen.<\/p>\n\n\n\n<p>Je weniger und je restriktiver <strong>Nutzerrechte<\/strong> vergeben werden, desto h\u00f6her die Sicherheit! Ein Abonnent kann sich nur anmelden und sein Profil verwalten ohne jeglichen Einfluss, ggf. sinnvoll, damit nur registrierte Besucher:innen Kommentare verfassen k\u00f6nnen. Mitarbeiter k\u00f6nnen Beitr\u00e4ge verfassen, aber nicht ver\u00f6ffentlichen, dies bleibt Autoren vorbehalten, die Beitr\u00e4ge, aber keine Seiten ver\u00f6ffentlichen und sie selbst betreffende Kommentare verwalten k\u00f6nnen. Redakteure sind (erfahrene) Nutzer, die Beitr\u00e4ge und Seiten aller anderen \u00e4ndern und freigeben k\u00f6nnen. Administratoren schlie\u00dflich sind quasi Chefredakteure, die alle Aufgaben \u00fcbernehmen k\u00f6nnen und auch \u00c4nderungen an Layout, Plugins sowie s\u00e4mtlichen Einstellungen vornehmen d\u00fcrfen.<\/p>\n\n\n\n<div class=\"wp-block-group alignfull card-container-group d-print-none  data-aos_zoom-in data-aos-delay_200 data-aos-duration_400\"><div class=\"wp-block-group__inner-container\">\n<div class=\"wp-block-group alignfull card-container has-background\" style=\"background:linear-gradient(90deg,rgb(73,96,124) 0%,rgba(73,96,124,0) 63%,rgb(142,135,58) 63%)\"><div class=\"wp-block-group__inner-container\">\n\n<div class=\"wp-block-columns alignfull\" style=\"border-style:none;border-width:0px;padding-top:0;padding-right:0;padding-bottom:0;padding-left:0;font-size:15px\">\n\n<div class=\"wp-block-column is-vertically-aligned-center m-4\" style=\"padding-top:0\">\n\n<p class=\"wp-block-heading\" style=\"font-size:1.5rem\">PHP V. 8 UND H\u00d6HER<\/p>\n\n\n<p class=\"wp-block-heading\" style=\"font-size:2.5rem\">Upgrade nicht vergessen<\/p>\n\n\n<p style=\"line-height:1.4\">Quasi der <strong>Motor der Website<\/strong> und <strong>Systemvoraussetzung f\u00fcr WordPress<\/strong>, dessen Themes und Plugins ist Php. F\u00fcr die Version 7.4, aber auch alle \u00e4lteren, werden seit November 2022 keine Sicherheitsupdates mehr bereitgestellt, die Version 8.0 l\u00e4uft Ende 2023 aus. Eine Aktualisierung ist daher unbedingt zu empfehlen.<\/p>\n\n<div class=\"wp-bootstrap-blocks-button\">\n\t<a\n\t\thref=\"\/plugins\/php\/\"\n\t\t\t\t\t\tclass=\"btn call-to-action-button btn-primary\"\n\t>\n\t\tphp.servicepraxis.com\t<\/a>\n<\/div>\n\n<\/div>\n\n\n<div class=\"wp-block-column is-vertically-aligned-center d-none d-sm-block\">\n\n<div style=\"height:75px\" aria-hidden=\"true\" class=\"wp-block-spacer\"><\/div>\n\n\n<figure class=\"wp-block-image size-full\"><img loading=\"lazy\" decoding=\"async\" width=\"1300\" height=\"975\" src=\"https:\/\/www.servicepraxis.com\/plugins\/wp-content\/uploads\/sites\/6\/blg6_wartung_002.jpg\" alt=\"Was ist beim Upgrade von PHP zu beachten \u00a9 B&amp;N Internet-Marketing\" class=\"wp-image-469 img-fluid \" srcset=\"https:\/\/www.servicepraxis.com\/plugins\/wp-content\/uploads\/sites\/6\/blg6_wartung_002.jpg 1300w, https:\/\/www.servicepraxis.com\/plugins\/wp-content\/uploads\/sites\/6\/blg6_wartung_002-768x576.jpg 768w\" sizes=\"auto, (max-width: 1300px) 100vw, 1300px\" \/><figcaption class=\"wp-element-caption\">Was ist beim Upgrade von PHP zu beachten \u00a9 B&amp;N Internet-Marketing<\/figcaption><\/figure>\n\n\n<div style=\"height:14px\" aria-hidden=\"true\" class=\"wp-block-spacer\"><\/div>\n\n<\/div>\n\n<\/div>\n\n<\/div><\/div>\n<\/div><\/div>\n\n\n\n<p>Um unerw\u00fcnschte Besucher fernzuhalten, die den Versuch unternehmen Administrationsrechte zu erlangen bzw. die Site zu kapern, dr\u00e4ngen sich <strong>Plugins<\/strong> wie beispielsweise Login Lockdown oder Limit Login Attempts Reloaded auf. Beide k\u00f6nnen keinen hundertprozentigen Schutz bieten, leisten aber \u00fcberaus wertvolle Dienste. Erg\u00e4nzt werden kann das ganze um eine Zwei-Faktor-Authentifizierung, wie beispielsweise mit Two-Factor.<\/p>\n\n\n\n<h3 class=\"wp-block-heading\">Hilfe, WordPress wurde gehackt! Was ist jetzt zu tun?<\/h3>\n\n\n\n<p>Zun\u00e4chst muss die Website analysiert werden. Gibt es ungew\u00f6hnliche Aktivit\u00e4ten, unbekannte Dateien, defekte Links oder Fehlermeldungen, die Sie sich nicht erkl\u00e4ren k\u00f6nnen? Es gilt, den sch\u00e4dlichen Code zu identifizieren und zu entfernen. Haben Sie ein Backup, sind Sie bei einfacherer Websites vermutlich schon fein raus. Trotzdem sollten Passw\u00f6rter nicht nur f\u00fcr WordPress, sondern auch f\u00fcr Datenbank und File Transfers ge\u00e4ndert werden.<\/p>\n\n\n\n<div class=\"wp-block-group call-to-action-group d-print-none\"><div class=\"wp-block-group__inner-container\">\n<p class=\"call-to-action-text\">Sie ben\u00f6tigen Unterst\u00fctzung?<br>Sichern Sie sich Ihr kostenfreies Vorgespr\u00e4ch.<\/p>\n\n\n<div class=\"wp-bootstrap-blocks-button\">\n\t<a\n\t\thref=\"https:\/\/www.servicepraxis.com\/kontakt\/\"\n\t\t\t\t\t\tclass=\"btn call-to-action-button btn-primary\"\n\t>\n\t\tSorgenfrei Durchstarten\t<\/a>\n<\/div>\n<\/div><\/div>\n\n\n\n<p>Es ist wichtig, sich bewusst zu sein, dass die <strong>Wiederherstellung einer gehackten Website<\/strong> ein komplexer und zeitaufw\u00e4ndiger Prozess sein kann. Dies gilt insbesondere dann, wenn keine Backups vorliegen und befallene Dateien m\u00fchsam vom Schadcode befreit werden m\u00fcssen. Wenn Sie sich unsicher sind oder Hilfe ben\u00f6tigen, sollten Sie einen Experten oder professionellen Entwickler um Unterst\u00fctzung bitten.<\/p>\n\n\n\n<p>Von Kund:innen bekam ich die Anfrage, dass Hacks und Malware vielleicht nicht so mein Thema seien? Doch nat\u00fcrlich \u2013 aber ganz oben auf meiner Agenda steht eigentlich, dass es erst gar nicht so weit kommt!<\/p>\n\n\n\n\n","protected":false},"excerpt":{"rendered":"<p>Immer mehr umgeben wir uns mit vermeintlicher, oft tr\u00fcgerischer Sicherheit. Alarmanlagen boomen ebenso wie \u00dcberwachungskameras. Werbung suggeriert, wie praktisch es sei zu erfahren, wer gerade bei uns an der Haust\u00fcr klingelt, auch wenn wir nicht da sein sollten. Websites, das erlebe ich leider in meiner t\u00e4glichen Praxis, werden dagegen oft genug hinsichtlich Wartung, Erg\u00e4nzung und [&hellip;]<\/p>\n","protected":false},"author":1,"featured_media":468,"parent":0,"menu_order":3,"comment_status":"closed","ping_status":"closed","template":"","meta":{"_acf_changed":false,"footnotes":""},"tags":[9],"class_list":["post-470","page","type-page","status-publish","has-post-thumbnail","hentry","tag-wartung-und-optimierung"],"acf":[],"_links":{"self":[{"href":"https:\/\/www.servicepraxis.com\/plugins\/wp-json\/wp\/v2\/pages\/470","targetHints":{"allow":["GET"]}}],"collection":[{"href":"https:\/\/www.servicepraxis.com\/plugins\/wp-json\/wp\/v2\/pages"}],"about":[{"href":"https:\/\/www.servicepraxis.com\/plugins\/wp-json\/wp\/v2\/types\/page"}],"author":[{"embeddable":true,"href":"https:\/\/www.servicepraxis.com\/plugins\/wp-json\/wp\/v2\/users\/1"}],"replies":[{"embeddable":true,"href":"https:\/\/www.servicepraxis.com\/plugins\/wp-json\/wp\/v2\/comments?post=470"}],"version-history":[{"count":0,"href":"https:\/\/www.servicepraxis.com\/plugins\/wp-json\/wp\/v2\/pages\/470\/revisions"}],"wp:featuredmedia":[{"embeddable":true,"href":"https:\/\/www.servicepraxis.com\/plugins\/wp-json\/wp\/v2\/media\/468"}],"wp:attachment":[{"href":"https:\/\/www.servicepraxis.com\/plugins\/wp-json\/wp\/v2\/media?parent=470"}],"wp:term":[{"taxonomy":"post_tag","embeddable":true,"href":"https:\/\/www.servicepraxis.com\/plugins\/wp-json\/wp\/v2\/tags?post=470"}],"curies":[{"name":"wp","href":"https:\/\/api.w.org\/{rel}","templated":true}]}}