{"id":290,"date":"2022-10-11T17:37:08","date_gmt":"2022-10-11T15:37:08","guid":{"rendered":"https:\/\/www.servicepraxis.com\/plugins\/?page_id=290"},"modified":"2025-06-06T15:48:53","modified_gmt":"2025-06-06T13:48:53","slug":"suchmaschinenoptimierung","status":"publish","type":"page","link":"https:\/\/www.servicepraxis.com\/plugins\/suchmaschinenoptimierung\/","title":{"rendered":"Suchmaschinenoptimierung in der Praxis"},"content":{"rendered":"\n<p>Ein Plugin ist keine Wunderwaffe, es ist nur so gut wie wir es sind. So wie ein Cookie Consent Tool eine Website noch lange nicht datenschutzkonform macht, so kann uns ein Plugin nur helfen, die Seite f\u00fcr Suchdienste zu optimieren. Hierzu geh\u00f6ren insbesondere die Integration der erforderlichen strukturierten Daten in den Quelltext.<\/p>\n\n\n\n<div class=\"wp-block-group call-to-action-group\"><div class=\"wp-block-group__inner-container\">\n<p class=\"call-to-action-text\">Den Grundstein f\u00fcr jegliche Suchdienstoptimierung m\u00fcssen wir selbst legen. <br>Ganzheitlich statt nur technisch oder inhaltlich!<\/p>\n<\/div><\/div>\n\n\n\n<div id=\"seo\" class=\"wp-block-group card-container-group data-aos_zoom-in data-aos-delay_200 data-aos-duration_400\"><div class=\"wp-block-group__inner-container\">\n<div class=\"wp-block-columns card-container p-0\">\n<div class=\"wp-block-column card card-featured-with-border card3x3featuredtxt d-flex align-items-stretch\">\n<p class=\"card-header\">Technisches Seo<\/p>\n\n\n\n<div class=\"wp-block-group card-body\"><div class=\"wp-block-group__inner-container\">\n<h3 class=\"card-title wp-block-heading\">Programmierung der Website<\/h3>\n\n\n\n<p class=\"card-text\">Wurde die Website sauber und <strong>fehlerfrei<\/strong> programmiert? Wei\u00dft diese eine gute <strong>Ladegeschwindigkeit<\/strong> auf? Kann sie problemlos auf jeder Art von <strong>Endger\u00e4t <\/strong>angezeigt werden (Mobile First)? Kann der <strong>Suchdienst<\/strong> auf diese zugreifen, sie crawlen und indizieren? Ist die <strong>Struktur<\/strong> der Site und die Navigation einfach und nachvollziehbar? Weisen Such- und <strong>Fehlerseite<\/strong> die gleiche Struktur auf wie die restliche Website? Werden <strong>Breadcrumbs<\/strong> eingesetzt, die Nutzer und Suchdienst unterst\u00fctzen, den Aufbau zu verstehen? Sind die <strong>Adressen<\/strong> eindeutig, nicht zu lang und vermitteln einen ersten Eindruck \u00fcber den Inhalt? Haben <strong>Bilder<\/strong> entsprechende textliche Alternativen erhalten, damit diese der Suchdienst versteht?<\/p>\n<\/div><\/div>\n<\/div>\n\n\n\n<div class=\"wp-block-column card card-featured-with-border card3x3featuredtxt d-flex align-items-stretch\">\n<p class=\"card-header\">Content Seo<\/p>\n\n\n\n<div class=\"wp-block-group card-body\"><div class=\"wp-block-group__inner-container\">\n<h3 class=\"card-title wp-block-heading\">Inhalte der Website<\/h3>\n\n\n\n<p class=\"card-text\">Ein guter <strong>Text<\/strong> umfasst rund dreihundert bis achthundert W\u00f6rter, mit Focus auf einen Themenkomplex. Eine saubere <strong>Struktur<\/strong> des Inhalts ist ein Kernelement, dies betrifft insbesondere die mindestens zwanzig Zeichen langen \u00dcberschriften. Zwischen\u00fcberschriften und hierarchischer Aufbau sind unverzichtbar, aber auch Rechtschreibfehler sehen Suchdienste nicht gerne. Optimierung des Titels (Title-Tag) und der inhaltlichen Zusammenfassung mit f\u00fchrendem Focus-Keyword (Meta Description) sind unabdingbar. Diese bilden das sogenannte <strong>Snippet<\/strong>. Eine ma\u00dflose Verwendung von Keywords (sogenanntes Keyword Stuffing) in Metadaten, Flie\u00df- und Ankertexten ist unbedingt zu vermeiden (Keyword und Varianten je einhundert W\u00f6rter maximal zweimal einsetzen).<\/p>\n<\/div><\/div>\n<\/div>\n<\/div>\n<\/div><\/div>\n\n\n\n<div class=\"wp-block-columns card-container-group data-aos_zoom-in data-aos-delay_200 data-aos-duration_400\">\n<div class=\"wp-block-column card-container p-0\">\n<div class=\"wp-block-group card card-header-rotate card-featured-with-border card1x3featuredtxt d-flex align-items-stretch\"><div class=\"wp-block-group__inner-container\">\n<p class=\"card-header\">Service: Praxistipp<\/p>\n\n\n\n<div class=\"wp-block-group card-body\"><div class=\"wp-block-group__inner-container\">\n<h3 class=\"card-title wp-block-heading\">Wettbewerbern ein St\u00fcck voraus!<\/h3>\n\n\n\n<p class=\"card-text\">Sich von Wettbewerbern abheben? Das geht! Beispielsweise durch Nutzung von Sonderzeichen sowie Icons und Emojis, um die Aufmerksamkeit der Nutzer:innen einer Suchmaschine zu erh\u00f6hen. Beim Einsatz von Emojis rate ich aber zur Vorsicht, es sei denn, Sie verkaufen kunterbunte Comics online. Mehr zu Snippets hier \u27a4 <a href=\"https:\/\/www.servicepraxis.com\/hilfe\/\">www.servicepraxis.com\/hilfe<\/a>. Tools und Plugins k\u00f6nnen uns jedoch dabei letztlich nur unterst\u00fctzen, nicht aber die eigene Arbeit zu einer technisch und inhaltlich interessanten, gut durchdachte Websites ersetzen.<\/p>\n<\/div><\/div>\n<\/div><\/div>\n<\/div>\n<\/div>\n\n\n\n<div id=\"plugins\" class=\"wp-block-group card-container-group data-aos_zoom-in data-aos-delay_200 data-aos-duration_400\"><div class=\"wp-block-group__inner-container\">\n<div class=\"wp-block-columns card-container p-0\">\n<div class=\"wp-block-column card card-featured-with-border card3x3featuredtxt d-flex align-items-stretch\">\n<h4 class=\"card-header wp-block-heading\">Yoast Seo<\/h4>\n\n\n\n<div class=\"wp-block-group card-body\"><div class=\"wp-block-group__inner-container\">\n<p class=\"card-text\">Mein Favorit, \u00fcber f\u00fcnf Millionen aktive Installationen, Lesbarkeitsanalyse, Vorschau und deutsche Sprachunterst\u00fctzung sowie Bl\u00f6cke f\u00fcr Breadcrumbs, Frequently Asked Questions und Howto-Inhalte.<\/p>\n<\/div><\/div>\n<\/div>\n\n\n\n<div class=\"wp-block-column card card-featured-with-border card3x3featuredtxt d-flex align-items-stretch\">\n<h4 class=\"card-header wp-block-heading\">All in One Seo<\/h4>\n\n\n\n<div class=\"wp-block-group card-body\"><div class=\"wp-block-group__inner-container\">\n<p class=\"card-text\">\u00dcber drei Millionen aktive Installationen ausprobiert, aber m.E. aus Sicht eines Endkunden ohne gr\u00f6\u00dfere Erfahrung weniger nutzerfreundlich, daf\u00fcr verl\u00e4uft die einmalige Einrichtung wesentlich einfacher.<\/p>\n<\/div><\/div>\n<\/div>\n\n\n\n<div class=\"wp-block-column card card-featured-with-border card3x3featuredtxt d-flex align-items-stretch\">\n<h4 class=\"card-header wp-block-heading\">Rank Math Seo<\/h4>\n\n\n\n<div class=\"wp-block-group card-body\"><div class=\"wp-block-group__inner-container\">\n<p class=\"card-text\">\u00dcber eine Million aktive Installationen, solides Werkzeug mit einem Schritt-f\u00fcr-Schritt-Assistenten und Unterst\u00fctzung von \u00fcber einem Dutzend von Schema Markups sowie u.a. einem Umleitungsmanager.<\/p>\n<\/div><\/div>\n<\/div>\n<\/div>\n<\/div><\/div>\n\n\n\n<div class=\"wp-block-columns card-container-group data-aos_zoom-in data-aos-delay_200 data-aos-duration_400\">\n<div class=\"wp-block-column card-container p-0\">\n<div class=\"wp-block-group card card-featured-with-border card1x3featuredtxt d-flex align-items-stretch\"><div class=\"wp-block-group__inner-container\">\n<p class=\"card-header\">Optimierung in der Praxis, mein Service von Beginn an<\/p>\n\n\n\n<div class=\"wp-block-group card-body\"><div class=\"wp-block-group__inner-container\">\n<h3 class=\"card-title wp-block-heading\">Plugin Yoast f\u00fcr WordPress<\/h3>\n\n\n\n<p class=\"card-text\">Neben einer kostenfreien Variante wird von Yoast eine Premiumversion geboten sowie Erweiterungen u.a. f\u00fcr Websites mit starkem regionalem Bezug, f\u00fcr Newsseiten und f\u00fcr WooCommerce f\u00fcr Shops. Dar\u00fcber hinaus gibt es Erweiterungen durch Dritte. Wer Advanced Custom Fields nutzt, wird beispielsweise das Plugin zur Analyse aller dort hinterlegten Felder zu sch\u00e4tzen wissen.<\/p>\n\n\n\n<p class=\"card-text\">Die Einrichtung von Yoast ist etwas gew\u00f6hnungsbed\u00fcrftig und sollte jemandem mit Erfahrung \u00fcberlassen werden. Im Rahmen eines Webprojekts \u00fcbernehme ich dies und ben\u00f6tige hierf\u00fcr eigentlich nur die Social Media Konten, die Sie bespielen. F\u00fcr Autoren ist die Nutzung dann dank eines Ampelsystems relativ einfach. Einmal eingerichtet \u00fcbernimmt Yoast die <strong>strukturierten Daten<\/strong> und legt eine <strong>Sitemap im Format der Extensible Markup Language<\/strong> an, die Suchdiensten zeigt, was wo zu finden ist.<\/p>\n<\/div><\/div>\n<\/div><\/div>\n<\/div>\n<\/div>\n\n\n\n<h4 class=\"d-print-none has-text-color wp-block-heading\" id=\"yoast-seo\" style=\"color:#c9a821\">Wobei kann das Plugin Yoast Seo noch helfen?<\/h4>\n\n\n\n<div class=\"wp-block-group card-container-group mt-4 d-print-none data-aos_zoom-in data-aos-delay_200 data-aos-duration_400\"><div class=\"wp-block-group__inner-container\">\n<div class=\"accordion\" id=\"accordionSeo\">\n  <div class=\"accordion-item\">\n    <div class=\"accordion-header\" id=\"headingOne\">\n      <button class=\"accordion-button collapsed\" type=\"button\" data-bs-toggle=\"collapse\" data-bs-target=\"#collapseOne\" aria-expanded=\"true\" aria-controls=\"collapseOne\">\n        Focus Keyphrase\n      <\/button>\n    <\/div>\n    <div id=\"collapseOne\" class=\"accordion-collapse collapse\" aria-labelledby=\"headingOne\" data-bs-parent=\"#accordionSeo\">\n      <div class=\"accordion-body\">\n        Hier k\u00f6nnen Sie das <strong>Schl\u00fcsselwort oder die Schl\u00fcsselphrase<\/strong> eingeben, f\u00fcr die die Seite im Suchdienst ranken soll. Das Plugin f\u00fchrt dann eine \u00dcberpr\u00fcfung des Inhalts der Seite durch, um festzustellen, ob Suchmaschinen erkennen, worum es geht. Das wichtigste Keyword sollte in der Meta Description f\u00fcr das Snippet und in den ersten hundertzwanzig Zeichen des Textes enthalten sein sowie idealerweise als Alt-Attribut des Beitragsbildes sowie ggf. innerhalb des Texts fett hervorgehoben sein.\n      <\/div>\n    <\/div>\n  <\/div>\n  <div class=\"accordion-item\">\n    <div class=\"accordion-header\" id=\"headingTwo\">\n      <button class=\"accordion-button collapsed\" type=\"button\" data-bs-toggle=\"collapse\" data-bs-target=\"#collapseTwo\" aria-expanded=\"false\" aria-controls=\"collapseTwo\">\n        Titel\n      <\/button>\n    <\/div>\n    <div id=\"collapseTwo\" class=\"accordion-collapse collapse\" aria-labelledby=\"headingTwo\" data-bs-parent=\"#accordionSeo\">\n      <div class=\"accordion-body\">\n        Dieser l\u00e4sst sich durch diverse Parameter einstellen. Die optimalen Variablen richte ich f\u00fcr Sie ein, sodass Sie an dieser Stelle nur im Ausnahmefall \u00c4nderungen vornehmen sollten. Gerne stehe ich in solchen F\u00e4llen meinen Kund:innen mit Rat und Tat zur Verf\u00fcgung.\n      <\/div>\n    <\/div>\n  <\/div>\n  <div class=\"accordion-item\">\n    <div class=\"accordion-header\" id=\"headingThree\">\n      <button class=\"accordion-button collapsed\" type=\"button\" data-bs-toggle=\"collapse\" data-bs-target=\"#collapseThree\" aria-expanded=\"false\" aria-controls=\"collapseThree\">\n        Titelform\n      <\/button>\n    <\/div>\n    <div id=\"collapseThree\" class=\"accordion-collapse collapse\" aria-labelledby=\"headingThree\" data-bs-parent=\"#accordionSeo\">\n      <div class=\"accordion-body\">\n        Gemeint ist hiermit der letzte Teil des Uniform Resource Locator (URL). Klar, eindeutig, nicht zu lang sollte der <strong>Permalink<\/strong> sein, das Keyword enthalten und Leerzeichen sind durch Bindestriche zu ersetzen. Und bitte an dieser Stelle keine Umlaute.\n      <\/div>\n    <\/div>\n  <\/div>\n  <div class=\"accordion-item\">\n    <div class=\"accordion-header\" id=\"headingFour\">\n      <button class=\"accordion-button collapsed\" type=\"button\" data-bs-toggle=\"collapse\" data-bs-target=\"#collapseFour\" aria-expanded=\"false\" aria-controls=\"collapseFour\">\n        Metabeschreibung\n      <\/button>\n    <\/div>\n    <div id=\"collapseFour\" class=\"accordion-collapse collapse\" aria-labelledby=\"headingFour\" data-bs-parent=\"#accordionSeo\">\n      <div class=\"accordion-body\">\n        Kurze, <strong>attraktive Zusammenfassung<\/strong> worum es geht in einem Satz, der den Benutzer einer Suchmaschine zum Anklicken animiert. Mit Einsatz von Sonderzeichen kann man sich vom Wettbewerber ggf. abheben. Die optimale Meta Decription sollte max. 1000 Pixel L\u00e4nge umfassen, das Plugin zeigt uns das (ungef\u00e4hre) Optimum an. Sollten wir diesen Punkt vergessen, zieht sich das Plugin die ersten Zeichen unseres Textes, oft ist das Ergebnis nicht sch\u00f6n, aber besser als nichts.\n      <\/div>\n    <\/div>\n  <\/div>\n  <div class=\"accordion-item\">\n    <div class=\"accordion-header\" id=\"headingFive\">\n      <button class=\"accordion-button collapsed\" type=\"button\" data-bs-toggle=\"collapse\" data-bs-target=\"#collapseFive\" aria-expanded=\"false\" aria-controls=\"collapseFive\">\n        Analyse durch das Plugin\n      <\/button>\n    <\/div>\n    <div id=\"collapseFive\" class=\"accordion-collapse collapse\" aria-labelledby=\"headingFive\" data-bs-parent=\"#accordionSeo\">\n      <div class=\"accordion-body\">\n        Auf Basis unserer oben gemachten Angaben, unseres Textes und ggf. der Bilder analysiert das Plugin f\u00fcr uns Seite, Text und die dazugeh\u00f6rigen Meta Tags.<br>\n        <strong>Keywords bzw. Keyphrase<\/strong>: Ist die L\u00e4nge in Ordnung? Kommt diese im Titel und Meta Tag, im Permalink sowie im ersten Absatz des Textes vor? Wurde diese schon einmal in unserem Projekt verwendet und ist somit nicht mehr einmalig?<br>\n        <strong>Technisches und Links<\/strong>: Wie viele W\u00f6rter hat unser Text, ist die Textl\u00e4nge in Ordnung? Wie schaut es mit ausgehenden und internen Links aus? Haben Bilder eine kurze Bildbeschreibung (Alt Tag)?<br>\n        <strong>Struktur der Seite<\/strong>: Werden Zwischen\u00fcberschriften verwendet, ist die Absatzl\u00e4nge optimal oder sollten wir diese auftrennen?<br>\n        <strong>Lesbarkeit des Beitrags<\/strong>: Maximal 25&nbsp;% unserer S\u00e4tze k\u00f6nnen mehr als 20 Worte haben, alle andere sollten k\u00fcrzer sein. Wie schaut es mit aufeinanderfolgenden S\u00e4tzen aus? Gibt es genug Abwechslung oder fangen alle S\u00e4tze gleich oder \u00e4hnlich an. Maximal 10&nbsp;% der S\u00e4tze k\u00f6nnen im Passiv formuliert sein, f\u00fcr die restlichen 90&nbsp;% werden aktive S\u00e4tze bevorzugt. \n      <\/div>\n    <\/div>\n  <\/div>\n  <div class=\"accordion-item\">\n    <div class=\"accordion-header\" id=\"headingSix\">\n      <button class=\"accordion-button collapsed\" type=\"button\" data-bs-toggle=\"collapse\" data-bs-target=\"#collapseSix\" aria-expanded=\"false\" aria-controls=\"collapseSix\">\n        Weitere Funktionalit\u00e4ten\n      <\/button>\n    <\/div>\n    <div id=\"collapseSix\" class=\"accordion-collapse collapse\" aria-labelledby=\"headingSix\" data-bs-parent=\"#accordionSeo\">\n      <div class=\"accordion-body\">\n\t\tDas Plugin erstellt uns auf Wunsch Sitemaps f\u00fcr Suchdienste im Format <code>xml<\/code> und tr\u00e4gt diese in die <code>robots.txt<\/code> ein.<br>\n\t\tWer zur Optimierung f\u00fcr Suchmaschinen bereits das Plugin nutzt, findet im Editor von WordPress passende <strong>Bl\u00f6cke f\u00fcr Frequently Asked Questions und Howto-Inhalte<\/strong>.<br>\n\t\tMit etwas Javascript kann man die, Bl\u00f6cke, die von Haus aus als Anker mit Inhaltsverzeichnis ausgegeben werden, auch in ein <strong>Akkordion<\/strong> wie dieses umwandeln. Mehr Infos <a href=\"https:\/\/www.servicepraxis.com\/plugins\/frequently-asked-questions\/\" style=\"border-bottom: 1px dotted;\">hier<\/a>.\n      <\/div>\n    <\/div>\n  <\/div>  \n<\/div>\n<\/div><\/div>\n\n\n\n<div class=\"wp-block-group card-container-group mb-5 data-aos_zoom-in data-aos-delay_200 data-aos-duration_400\"><div class=\"wp-block-group__inner-container\">\n<div class=\"wp-block-group call-to-action-group d-print-none\"><div class=\"wp-block-group__inner-container\">\n<p class=\"call-to-action-text\">Sie brauchen jemanden, der Sie entlastet, statt guter Ratschl\u00e4ge?<br>Lassen Sie uns dar\u00fcber sprechen!<\/p>\n\n\n<div class=\"wp-bootstrap-blocks-button\">\n\t<a\n\t\thref=\"https:\/\/www.servicepraxis.com\/kontakt\/\"\n\t\t\t\t\t\tclass=\"btn call-to-action-button btn-secondary\"\n\t>\n\t\tTelefontermin vereinbaren\t<\/a>\n<\/div>\n<\/div><\/div>\n<\/div><\/div>\n\n\n\n<div id=\"fallbeispiel\" class=\"wp-block-group card-container-group data-aos_zoom-in data-aos-delay_200 data-aos-duration_400\"><div class=\"wp-block-group__inner-container\">\n<div class=\"wp-block-group card card-video\"><div class=\"wp-block-group__inner-container\">\n<figure class=\"wp-block-video\"><video controls src=\"https:\/\/www.servicepraxis.com\/plugins\/wp-content\/uploads\/sites\/6\/blg_6_suchmaschinenoptimierung_001.mp4\" playsinline><\/video><\/figure>\n\n\n\n<div class=\"wp-block-group card-body\"><div class=\"wp-block-group__inner-container\">\n<h3 class=\"wp-block-heading\">In wenigen Schritten zum eigenen Beitrag<\/h3>\n\n\n\n<p class=\"card-text\">Was wir brauchen: Eine <strong>\u00dcberschrift<\/strong>, einen strukturierten <strong>Text<\/strong> mit Zwischen\u00fcberschriften sowie ggf. Aufz\u00e4hlungen, Focus-Keyword bzw. <strong>Keyphrase<\/strong>, Titelform, also der Permalink bzw. die <strong>Adresse<\/strong> unter der unser Beitrag erscheinen wird sowie die <strong>Meta-Beschreibung<\/strong>. Nice to have: Ein Beitragsbild, dies macht nicht nur den Artikel interessanter, sondern hebt diesen auch beim Teilen auf sozialen Medien hervor, da dort unser Bild dann angezeigt wird. Eine Zusammenfassung f\u00fcr den Textauszug, den zumindest ich in vielen Projekten z.B. in Suchergebnis oder Archivseiten verwende.<\/p>\n<\/div><\/div>\n<\/div><\/div>\n<\/div><\/div>\n\n\n\n<div class=\"wp-block-columns card-container-group data-aos_zoom-in data-aos-delay_200 data-aos-duration_400\">\n<div class=\"wp-block-column card-container p-0\">\n<div class=\"wp-block-group card card-featured-with-border card1x3featuredtxt d-flex align-items-stretch\"><div class=\"wp-block-group__inner-container\">\n<p class=\"card-header\">Google, Bing und Co.<\/p>\n\n\n\n<div class=\"wp-block-group card-body\"><div class=\"wp-block-group__inner-container\">\n<h3 class=\"card-title wp-block-heading\">Was denkt ein Suchdienst \u00fcber mich?<\/h3>\n\n\n\n<p class=\"card-text\">Der ein oder andere wird die Suchkonsole von Google nutzen bzw. die Webmastertools von Bing, die ich, sofern ich auch die Wartung Ihrer Website \u00fcbernehme, automatisch f\u00fcr Sie einrichte. Daneben kann man sich die erfassten Seiten einer Website bei den gro\u00dfen Suchdiensten auch mit site:meine-domain.tld auflisten lassen.<\/p>\n<\/div><\/div>\n<\/div><\/div>\n<\/div>\n<\/div>\n\n\n\n<div class=\"wp-block-columns card-container-group data-aos_zoom-in data-aos-delay_200 data-aos-duration_400\">\n<div class=\"wp-block-column card-container p-0\">\n<div class=\"wp-block-group card card-header-rotate card-featured-with-border card1x3featuredtxt d-flex align-items-stretch\"><div class=\"wp-block-group__inner-container\">\n<p class=\"card-header\">Technisches Seo<\/p>\n\n\n\n<div class=\"wp-block-group card-body\"><div class=\"wp-block-group__inner-container\">\n<h3 class=\"card-title wp-block-heading\">Ladezeiten optimieren macht Sinn<\/h3>\n\n\n\n<p class=\"card-text\">Die Geduld von Besucher:innen einer Website ist sehr begrenzt, rund die H\u00e4lfte ist nicht mehr interessiert, wenn die Ladezeit bei \u00fcber drei Sekunden liegt. Die Geschwindigkeit z\u00e4hlt daher nach wie vor zu den wichtigsten Stellschrauben bei der Optimierung einer Website, nicht nur f\u00fcr Suchdienste \u27a4 <a href=\"https:\/\/www.servicepraxis.com\/plugins\/suchmaschinenoptimierung\/ladezeiten\/\">Mehr zu Ladezeiten hier erfahren<\/a>.<\/p>\n<\/div><\/div>\n<\/div><\/div>\n<\/div>\n<\/div>\n\n\n\n\n","protected":false},"excerpt":{"rendered":"<p>Ein Plugin ist keine Wunderwaffe, es ist nur so gut wie wir es sind. So wie ein Cookie Consent Tool eine Website noch lange nicht datenschutzkonform macht, so kann uns ein Plugin nur helfen, die Seite f\u00fcr Suchdienste zu optimieren. Hierzu geh\u00f6ren insbesondere die Integration der erforderlichen strukturierten Daten in den Quelltext. Den Grundstein f\u00fcr [&hellip;]<\/p>\n","protected":false},"author":1,"featured_media":288,"parent":0,"menu_order":18,"comment_status":"closed","ping_status":"closed","template":"","meta":{"_acf_changed":false,"footnotes":""},"tags":[7,9],"class_list":["post-290","page","type-page","status-publish","has-post-thumbnail","hentry","tag-cards-im-webdesign","tag-wartung-und-optimierung"],"acf":[],"_links":{"self":[{"href":"https:\/\/www.servicepraxis.com\/plugins\/wp-json\/wp\/v2\/pages\/290","targetHints":{"allow":["GET"]}}],"collection":[{"href":"https:\/\/www.servicepraxis.com\/plugins\/wp-json\/wp\/v2\/pages"}],"about":[{"href":"https:\/\/www.servicepraxis.com\/plugins\/wp-json\/wp\/v2\/types\/page"}],"author":[{"embeddable":true,"href":"https:\/\/www.servicepraxis.com\/plugins\/wp-json\/wp\/v2\/users\/1"}],"replies":[{"embeddable":true,"href":"https:\/\/www.servicepraxis.com\/plugins\/wp-json\/wp\/v2\/comments?post=290"}],"version-history":[{"count":0,"href":"https:\/\/www.servicepraxis.com\/plugins\/wp-json\/wp\/v2\/pages\/290\/revisions"}],"wp:featuredmedia":[{"embeddable":true,"href":"https:\/\/www.servicepraxis.com\/plugins\/wp-json\/wp\/v2\/media\/288"}],"wp:attachment":[{"href":"https:\/\/www.servicepraxis.com\/plugins\/wp-json\/wp\/v2\/media?parent=290"}],"wp:term":[{"taxonomy":"post_tag","embeddable":true,"href":"https:\/\/www.servicepraxis.com\/plugins\/wp-json\/wp\/v2\/tags?post=290"}],"curies":[{"name":"wp","href":"https:\/\/api.w.org\/{rel}","templated":true}]}}