{"id":253,"date":"2022-09-09T12:08:03","date_gmt":"2022-09-09T10:08:03","guid":{"rendered":"https:\/\/www.servicepraxis.com\/plugins\/?page_id=253"},"modified":"2023-05-31T11:43:33","modified_gmt":"2023-05-31T09:43:33","slug":"redirections","status":"publish","type":"page","link":"https:\/\/www.servicepraxis.com\/plugins\/redirections\/","title":{"rendered":"Redirections unter WordPress"},"content":{"rendered":"\n<p>Fehler passieren! Um Abspr\u00fcnge von Besucher:innen auf einer Website zu vermeiden sind individuelle Error404 bzw. Fehlerseiten z.B. mit \u00dcbersicht, Suchfunktion, Linktree oder einer Sitemap f\u00fcr mich selbstverst\u00e4ndlich.<\/p>\n\n\n\n<h3 class=\"wp-block-heading\"><strong>Fehler reduzieren, Ranking der Website verbessern<\/strong><\/h3>\n\n\n\n<p>Ein Fehler vom Typ 404 ist erst mal kein Grund zur Beunruhigung, da er uns nur anzeigt, dass eine <strong>Ressource auf dem Server nicht gefunden<\/strong> wurde. Die Gr\u00fcnde k\u00f6nnen vielf\u00e4ltig sein:<\/p>\n\n\n\n<ul class=\"list wp-block-list\">\n<li>Beitr\u00e4ge wurden gel\u00f6scht oder deaktiviert.<\/li>\n\n\n\n<li>Suchdienste oder andere externe Websites verweisen noch auf diese.<\/li>\n\n\n\n<li>Nutzer verlinken falsch auf unsere Website oder es liegt ein Tippfehler vor.<\/li>\n\n\n\n<li>Nach einem Relaunch wurde die Struktur der Website ge\u00e4ndert.<\/li>\n\n\n\n<li>Besucher haben Seiten auf ihren Linklisten bzw. Lesezeichen gespeichert.<\/li>\n\n\n\n<li>Diese sind an der bisherigen Stelle nicht verf\u00fcgbar oder es gibt sie gar nicht mehr.<\/li>\n\n\n\n<li>Links zu nicht mehr verf\u00fcgbaren Seiten sind in Brosch\u00fcren etc. oder als QR-Code hinterlegt.<\/li>\n\n\n\n<li>Partner, Kunden, Kollegen und andere Leistungstr\u00e4ger haben in ihren (Print-) Unterlagen noch alte Adressen.<\/li>\n<\/ul>\n\n\n\n<h3 class=\"wp-block-heading\"><strong>Es gibt keine Probleme, sondern nur L\u00f6sungen<\/strong><\/h3>\n\n\n\n<p>Auch <strong>Suchdienste wie Google, Bing und Co<\/strong>. sind sich dar\u00fcber bewusst, dass solche Fehler auftreten k\u00f6nnen. Zahlreiche <strong>tote Links, nicht gefundene Bilder, Java Scripten<\/strong> etc. werden aber zu einer Abwertung f\u00fchren, da angenommen werden muss, dass die Website schlecht gewartet wird.<\/p>\n\n\n\n<div class=\"wp-block-group call-to-action-group d-print-none\"><div class=\"wp-block-group__inner-container\">\n<p class=\"call-to-action-text\">Sie suchen Unterst\u00fctzung f\u00fcr Ihr Projekt im Internet?<br>Sichern Sie sich Ihr kostenfreies Vorgespr\u00e4ch direkt mit mir<\/p>\n\n\n<div class=\"wp-bootstrap-blocks-button\">\n\t<a\n\t\thref=\"https:\/\/www.servicepraxis.com\/kontakt\/\"\n\t\t\t\t\t\tclass=\"btn call-to-action-button btn-secondary\"\n\t>\n\t\tR\u00fcckruf anfordern\t<\/a>\n<\/div>\n<\/div><\/div>\n\n\n\n<p>Ist der Beitrag noch vorhanden, aber nur an eine andere Stelle auf unserer Website verzogen, beispielsweise weil eine neue Produktkategorie angelegt oder ein Blog erweitert wurde, kann eine sogenannte 301-Umleitung angelegt werden. Diese signalisiert dem Browser bzw. dem Bot eines Suchdienstes, dass die <strong>Seite permanent an einen neuen Ort verschoben<\/strong> worden ist. In sehr kleinen Projekten lege ich diese einfach in der .htaccess auf dem Server an, f\u00fcr umfangreiche hat sich ein Plugin bew\u00e4hrt.<\/p>\n\n\n\n<div class=\"wp-block-group card-container-group data-aos_zoom-in data-aos-delay_200 data-aos-duration_400\"><div class=\"wp-block-group__inner-container\">\n<div class=\"wp-block-columns card-container p-0\">\n<div class=\"wp-block-column card d-flex align-items-stretch\">\n<div class=\"wp-block-group card-body\"><div class=\"wp-block-group__inner-container\">\n<h4 class=\"wp-block-heading card-title\">Plugin Redirection f\u00fcr WordPress<\/h4>\n\n\n\n<p class=\"card-text\">Das Plugin z\u00e4hlt in dieser Kategorie zu den beliebtesten Erg\u00e4nzungen f\u00fcr WordPress, auch ich setzte es sofern erforderlich gerne und erfolgreich ein. Mit ihm k\u00f6nnen 301-Weiterleitungen einfach verwaltet, 404-Fehler im Auge behalten und alle losen Enden einer Website zusammengef\u00fcgt werden. Zu den M\u00f6glichkeiten geh\u00f6ren beispielsweise:<\/p>\n\n\n\n<ul class=\"list wp-block-list\">\n<li>Umleitung nach Status, je nachdem ob ein Nutzer an- oder abgemeldet ist.<\/li>\n\n\n\n<li>Weiterleitung, wenn ein Link von einer anderen Seite besucht wurde.<\/li>\n\n\n\n<li>Umleitung einer anderen Domain, wenn dieser innerhalb der gleichen gehostet wird.<\/li>\n\n\n\n<li>Protokollierung von Fehlern, die auf Ihrer Website auftreten.<\/li>\n\n\n\n<li>Probleme k\u00f6nnen dann aufsp\u00fcrt und behoben werden.<\/li>\n\n\n\n<li>Erfassung von Internet Protokoll Adressen von Besuchern ist m\u00f6glich.<\/li>\n\n\n\n<li>Diese wird von mir aus Datenschutzgr\u00fcnden grunds\u00e4tzlich nicht aktiviert.<\/li>\n<\/ul>\n\n\n\n<p class=\"card-text\">Unter anderem kann das Plugin auch so konfiguriert werden, dass es \u00fcberwacht, wenn Permalinks ge\u00e4ndert werden. Es wird dann automatisch eine Weiterleitung auf die neue Adresse erstellt.<\/p>\n<\/div><\/div>\n<\/div>\n<\/div>\n<\/div><\/div>\n\n\n\n<h3 class=\"wp-block-heading\"><strong>Besucher unterst\u00fctzen statt vor den Kopf sto\u00dfen<\/strong><\/h3>\n\n\n\n<p>Neben der Problematik der Suchdienste kommt hinzu, dass das <strong>Vertrauen der Besucher:innen in die Website verspielt<\/strong> wird. Nichts ist schlimmer als diesen mit einer belanglosen Seite vorzuf\u00fchren, dass aus irgendeinem Grund der gew\u00fcnschte Inhalt nicht verf\u00fcgbar ist. Es muss dann schon ein besonderes Interesse vorliegen, damit sich jemand immer noch weiter mit Ihrer Site besch\u00e4ftigt. In der Regel ist er aber <strong>zur Konkurrenz verschwunden<\/strong>! <\/p>\n\n\n\n<p>Ich lege daher Wert auf individuelle Seiten, von denen Nutzer:innen <strong>auch bei einem Fehler schnell zum Ziel<\/strong> kommen \u2013 und das von Anfang an und nicht erst, wenn aufgrund zahlreicher Fehler das Kind im Brunnen liegt.<\/p>\n\n\n\n<div class=\"wp-block-group card-container-group data-aos_zoom-in data-aos-delay_200 data-aos-duration_400\"><div class=\"wp-block-group__inner-container\">\n<div class=\"wp-block-columns card-container p-0\">\n<div class=\"wp-block-column card d-flex align-items-stretch\">\n<div class=\"wp-block-group card-body\"><div class=\"wp-block-group__inner-container\">\n<h4 class=\"wp-block-heading card-title\">Statische Seite<\/h4>\n\n\n\n<p class=\"card-text\">Hat sich der Unternehmenszweck ge\u00e4ndert? Sie orientieren sich komplett neu und geben Ihre bisherige Domain auf? Dann empfehle ich die Domain als Landingpage zu nutzen und diese um eine individuelle, an das Layout angepasste statische Fehlerseite zur erg\u00e4nzen. Dort k\u00f6nnen Sie dann kurz Ihre Kernkompetenzen darstellen und auf die passende Rubrik Ihrer neuen Domain verweisen.<\/p>\n<\/div><\/div>\n<\/div>\n\n\n\n<div class=\"wp-block-column card d-flex align-items-stretch\">\n<div class=\"wp-block-group card-body\"><div class=\"wp-block-group__inner-container\">\n<h4 class=\"wp-block-heading card-title\">\u00dcbersichtsseite<\/h4>\n\n\n\n<p class=\"card-text\">Hat Ihre Website eindeutige Kategorien? Seien es Produkte (z.B. Damen-, Herrenmode und Schuhe) oder Dienstleistungen (Kunst f\u00fcr Unternehmen, Kunst am Bau etc.)? Dann k\u00f6nnen wir diese zusammen mit Bild, textlicher Zusammenfassung und Link Besucher:innen anbieten, um diese zum gew\u00fcnschten Ziel zu f\u00fchren.<\/p>\n<\/div><\/div>\n<\/div>\n<\/div>\n<\/div><\/div>\n\n\n\n<div class=\"wp-block-group card-container-group data-aos_zoom-in data-aos-delay_200 data-aos-duration_400\"><div class=\"wp-block-group__inner-container\">\n<div class=\"wp-block-columns card-container p-0\">\n<div class=\"wp-block-column card d-flex align-items-stretch\">\n<div class=\"wp-block-group card-body\"><div class=\"wp-block-group__inner-container\">\n<h4 class=\"wp-block-heading card-title\">Sitemap<\/h4>\n\n\n\n<p class=\"card-text\">Ihre Website ist mittelgro\u00df? So bis maximal einhundert Beitr\u00e4gen, Seiten oder Produkten? \u00c4hnlich einem Inhaltsverzeichnis eines Buches kann eine Sitemap ausgegeben werden. Einmal programmiert, wird sich diese selbst\u00e4ndig aktualisieren, sobald neue Inhalte hinzukommen oder entfallen.<\/p>\n<\/div><\/div>\n<\/div>\n\n\n\n<div class=\"wp-block-column card d-flex align-items-stretch\">\n<div class=\"wp-block-group card-body\"><div class=\"wp-block-group__inner-container\">\n<h4 class=\"wp-block-heading card-title\">Suche<\/h4>\n\n\n\n<p class=\"card-text\">Umfangreiche Inhalte? Viele Produkte und Dienstleistungen? Zahlreiche Kategorien? In einem solchen Fall verbinde ich eine Fehlerseite mit der M\u00f6glichkeit einer Suchfunktion, sodass auch in diesem Fall Nutzer:innen nur maximal einen weiteren Klick vom gew\u00fcnschten Inhalt entfernt sind. Auch Kombinationen aus \u00dcbersichtsseite und Suche k\u00f6nnen sinnvoll sein.<\/p>\n<\/div><\/div>\n<\/div>\n<\/div>\n<\/div><\/div>\n\n\n\n<p class=\"has-drop-cap d-print-none\">Sie sehen \u2013 Besucher und Nutzer Ihrer Website gl\u00fccklich zu machen, das Ranking beizubehalten oder zu verbessern sowie Suchdienste zu befriedigen ist weder Hexenwerk noch Zauberei. <a style=\"border-bottom: 1px dotted;\" href=\"https:\/\/www.servicepraxis.com\/plugins\/redirections\/fehlerseiten\/\">Fallbeispiele aus meiner Praxis hier<\/a>.<\/p>\n\n\n\n\n","protected":false},"excerpt":{"rendered":"<p>Fehler passieren! Um Abspr\u00fcnge von Besucher:innen auf einer Website zu vermeiden sind individuelle Error404 bzw. Fehlerseiten z.B. mit \u00dcbersicht, Suchfunktion, Linktree oder einer Sitemap f\u00fcr mich selbstverst\u00e4ndlich. Fehler reduzieren, Ranking der Website verbessern Ein Fehler vom Typ 404 ist erst mal kein Grund zur Beunruhigung, da er uns nur anzeigt, dass eine Ressource auf dem [&hellip;]<\/p>\n","protected":false},"author":1,"featured_media":252,"parent":0,"menu_order":15,"comment_status":"closed","ping_status":"closed","template":"","meta":{"_acf_changed":false,"footnotes":""},"tags":[],"class_list":["post-253","page","type-page","status-publish","has-post-thumbnail","hentry"],"acf":[],"_links":{"self":[{"href":"https:\/\/www.servicepraxis.com\/plugins\/wp-json\/wp\/v2\/pages\/253","targetHints":{"allow":["GET"]}}],"collection":[{"href":"https:\/\/www.servicepraxis.com\/plugins\/wp-json\/wp\/v2\/pages"}],"about":[{"href":"https:\/\/www.servicepraxis.com\/plugins\/wp-json\/wp\/v2\/types\/page"}],"author":[{"embeddable":true,"href":"https:\/\/www.servicepraxis.com\/plugins\/wp-json\/wp\/v2\/users\/1"}],"replies":[{"embeddable":true,"href":"https:\/\/www.servicepraxis.com\/plugins\/wp-json\/wp\/v2\/comments?post=253"}],"version-history":[{"count":0,"href":"https:\/\/www.servicepraxis.com\/plugins\/wp-json\/wp\/v2\/pages\/253\/revisions"}],"wp:featuredmedia":[{"embeddable":true,"href":"https:\/\/www.servicepraxis.com\/plugins\/wp-json\/wp\/v2\/media\/252"}],"wp:attachment":[{"href":"https:\/\/www.servicepraxis.com\/plugins\/wp-json\/wp\/v2\/media?parent=253"}],"wp:term":[{"taxonomy":"post_tag","embeddable":true,"href":"https:\/\/www.servicepraxis.com\/plugins\/wp-json\/wp\/v2\/tags?post=253"}],"curies":[{"name":"wp","href":"https:\/\/api.w.org\/{rel}","templated":true}]}}