{"id":246,"date":"2022-08-23T13:21:00","date_gmt":"2022-08-23T11:21:00","guid":{"rendered":"https:\/\/www.servicepraxis.com\/plugins\/?page_id=246"},"modified":"2023-06-10T11:24:58","modified_gmt":"2023-06-10T09:24:58","slug":"blog","status":"publish","type":"page","link":"https:\/\/www.servicepraxis.com\/plugins\/blog\/","title":{"rendered":"Blogs f\u00fcr die Kundenbindung"},"content":{"rendered":"\n<p>Gerne wird der Fokus allein auf die Optimierung der Website f\u00fcr Suchdienste gelegt. Ob das Ranking mit einem Blog verbessert werden kann, gilt als umstritten, jedoch ist ein guter <strong>Blog ein ideales Instrument im Marketingmix<\/strong>.<\/p>\n\n\n\n<p><strong>Blogs, Online Magazine und Hintergrundinformationen<\/strong> k\u00f6nnen als ein zentrales Instrument im Marketingmix f\u00fcr eine zielgruppengerechte Ansprache und als Kommunikationskanal verwendet werden. Sie sollten dabei einen <strong>Mehrwert f\u00fcr den User<\/strong> (z.&nbsp;B. News, Service, Ratgeber) bieten und deren Bed\u00fcrfnisse, Interessen und Erwartungen befriedigen. <\/p>\n\n\n\n<div class=\"wp-block-columns card-container-group data-aos_zoom-in data-aos-delay_200 data-aos-duration_400\">\n<div class=\"wp-block-column card-container p-0\">\n<div class=\"wp-block-group card card-featured-with-border card1x3featuredtxt d-flex align-items-stretch\"><div class=\"wp-block-group__inner-container\">\n<p class=\"card-header\">Kategorien f\u00fcr Beitr\u00e4ge planen<\/p>\n\n\n\n<div class=\"wp-block-group card-body\"><div class=\"wp-block-group__inner-container\">\n<h2 class=\"wp-block-heading card-title\">Exkurs Aktuelles versus Blog<\/h2>\n\n\n\n<p class=\"card-text\">Oftmals w\u00fcnschen sich meine Kund:innen eine Rubrik \u00bbAktuelles\u00ab. Dagegen ist erstmal nichts einzuwenden, sofern die <em>Inhalte auch wirklich einen aktuellen Bezug haben<\/em>, wie z.&nbsp;B. im Falle einer Arztpraxis, die \u00fcber Urlaubszeiten und Vertretungen informiert oder wenn es im Kulturbereich um Ausstellungsank\u00fcndigungen geht. Aber nichts ist f\u00fcr Besucher:innen irritierender, als wenn sich hinter dem Titel nicht der passende Inhalt verbirgt, also z.&nbsp;B. Aktuelles oder News, die schon Jahre alt sind. Schlimm finde ich auch, wenn diese nicht aufsteigend sortiert sind und ich erst ganz nach unten scrollen muss, um den letzten und somit aktuellen Beitrag zu finden. Mein Favorit gerade f\u00fcr l\u00e4ngerlebige Inhalte ist in solchen F\u00e4llen eindeutig ein Blog (den man nat\u00fcrlich nicht so nennen muss).<\/p>\n\n\n\n<p class=\"card-text small\">F\u00fcr Inhalte, die wirklich aktuell sein sollen, empfehle ich immer eine (automatisierte) Aktivierung bzw. Deaktivierung von Beitr\u00e4gen in dieser Kategorie zu einem individuell festlegten Start- und Enddatum. Deaktivierte Seiten \u00bbverschwinden\u00ab automatisch u.&nbsp;a. aus Navigation, Sitemap etc. Diese sind dann jedoch nicht gel\u00f6scht, sondern lassen sich jederzeit auch wieder bearbeiten und zu einem neuen Zeitpunkt reaktivieren bzw. z.&nbsp;B. in ein (News-) Archiv verschieben. Mehr Informationen <a title=\"Blogs und Websites aktuell halten\" style=\"border-bottom: 1px dotted;\" href=\"https:\/\/www.servicepraxis.com\/plugins\/blog\/aktuelles\/\" data-type=\"page\" data-id=\"541\">hier<\/a>.<\/p>\n<\/div><\/div>\n\n\n\n<div class=\"wp-block-group card-footer d-print-none\"><div class=\"wp-block-group__inner-container\">\n<p class=\"card-link\"><a href=\"https:\/\/www.servicepraxis.com\/plugins\/blog\/aktuelles\/\">Zum Artikel<\/a><\/p>\n<\/div><\/div>\n<\/div><\/div>\n<\/div>\n<\/div>\n\n\n\n<h2 class=\"wp-block-heading\">Kundenbeziehung optimieren<\/h2>\n\n\n\n<p>Webblogs von Unternehmen, sogenannte<strong> Cooperate Blogs<\/strong>, geh\u00f6ren mit zu den <strong>effektivsten Kan\u00e4len der digitalen Kundenbeziehung<\/strong> und im <strong>Reputationsmanagement<\/strong>, sei es eine Steigerung der Reichweite und Erh\u00f6hung der Bekanntheit oder die Gewinnung von Neukunden. Zugleich wird der eigene <strong>Expertenstatus<\/strong> unterstrichen.<\/p>\n\n\n\n<h3 class=\"wp-block-heading\"><strong>Langlebige Inhalte statt Eintagsfliegen<\/strong><\/h3>\n\n\n\n<p>Sogenannter <strong>Evergreen Content<\/strong>, also Beitr\u00e4ge zu Themen mit einem eher zeitlosem Charakter (z.&nbsp;B. Ratgeber), sind bei entsprechenden regelm\u00e4\u00dfigen Aktualisierungen langfristig erfolgreicher. Zugleich kann man die eigene Kompetenz bei verst\u00e4ndlichem Vermitteln von Fachwissen bzw. n\u00fctzlichen, ansprechend aufbereiteten Inhalten beweisen. Idealer weiser teilen Sie solche Inhalte auf Ihren sozialen Netzwerken, um die <strong>Reichweite zu erh\u00f6hen<\/strong>. Daneben darf damit gerechnet werden, dass bei entsprechender Relevanz und Interesse auch Nutzer:innen Ihrer Website Ihr <strong>Expertenwissen<\/strong> in ihren eigenen sozialen Medien teilen werden. Um dies (datenschutzkonform) zu erm\u00f6glichen, bietet sich die sogenannte <em>Shariff-L\u00f6sung<\/em> an. Einem technikaffinen Publikum kann der Blog als <em>Feed<\/em> angeboten werden. Dar\u00fcber hinaus liefert WordPress liefert von Haus aus einen entsprechenden Block zur plattform- bzw. domain\u00fcbergreifenden <strong>Content Syndication<\/strong>.<\/p>\n\n\n\n<p>Informationen, wie Feeds bzw. Rich Site Summaries zur Synchronisierung eingesetzt werden k\u00f6nnen (die passende Seite aktualisiert sich dann automatisch mit jedem neu ver\u00f6ffentlichten Beitrag im Feed), habe ich \u27a4 <a href=\"https:\/\/www.servicepraxis.com\/feeds\/\">unter www.servicepraxis.com\/feeds<\/a> zusammengestellt.<\/p>\n\n\n\n<h3 class=\"wp-block-heading\">Optimierung des Blogs f\u00fcr Suchmaschinen<\/h3>\n\n\n\n<p>In einem Blog gelten die \u00fcblichen Regeln wie f\u00fcr die gesamte Website, auch wenn manchmal vernachl\u00e4ssigt, wie die <strong>Konzentration auf ein Keyword als inhaltliches Ziel<\/strong>, der einzelne Beitrag vermag die Suchanfrage des Benutzers zu beantworten und die Basics wie Title Tag und Meta Description sollten im entsprechenden Tool ausgef\u00fcllt werden.<\/p>\n\n\n\n<h3 class=\"wp-block-heading\"><strong>In Themen statt in Suchbegriffen denken<\/strong><\/h3>\n\n\n\n<p>Ziel einer Suchmaschine wie Google ist nicht einzelne Schl\u00fcsselbegriffe zu finden, sondern ganze <em>Themenkomplexe zu erkennen und zu verstehen<\/em>, sodass es \u00fcberaus hilfreich sein kann, diese sogenannten Topics als einzelne Artikel in den Blog zu integrieren. Der Fokus sollte nicht auf ein oder zwei Varianten von wom\u00f6glich Hunderten eines Suchbegriffs liegen, sondern auf dem gesamten Thema mit relevanten Inhalten, die dann die Website st\u00e4rken. Entwickeln Sie daher eine <strong>Content-Strategie,<\/strong> bei der Sie unter anderem festlegen, f\u00fcr wen wer wo wann welche Inhalte erstellt.<\/p>\n\n\n\n<h3 class=\"wp-block-heading\">Blog als WordPress Multisite integrieren<\/h3>\n\n\n\n<p>Letztlich handelt es sich bei einer <a title=\"WordPress Multisite\" style=\"border-bottom: 1px dotted;\" href=\"https:\/\/www.servicepraxis.com\/plugins\/multisite\/\" data-type=\"page\" data-id=\"493\">Multisite<\/a> um ein <strong>Netzwerk aus Websites<\/strong> unter WordPress (ggf. mit verschiedenen Domainnamen), mit dem beispielsweise die <em>Unternehmensseiten vom Blog getrennt<\/em> werden k\u00f6nnen. Dies bietet sich insbesondere dann an, wenn Design und Layout unterschiedlich sind, ansonsten aber u.&nbsp;a. die gleichen Plugins genutzt werden.<\/p>\n\n\n\n<div class=\"wp-block-group card-container-group data-aos_zoom-in data-aos-delay_200 data-aos-duration_400 d-print-none\"><div class=\"wp-block-group__inner-container\">\n<div class=\"wp-block-columns card-container p-0\">\n<div class=\"wp-block-column card d-flex align-items-stretch\">\n<div class=\"wp-block-group card-body\"><div class=\"wp-block-group__inner-container\">\n<p class=\"has-drop-cap\">Fallbeispiel meiner Kundin Eva Mueller Kunstberatung, wo wir \u00fcber sechshundert Ausgaben des sonnt\u00e4glichen Newsletters, die &#8220;Visionary Sunday Post&#8221; innerhalb einer Multisite-Umgebung in eine Art Blog integriert haben. Tagesaktuelle Beitr\u00e4ge z.B. zu Ausstellungen oder Veranstaltungen setzt die Kundin regelm\u00e4\u00dfig auf den Status &#8220;Entwurf&#8221; bzw. &#8220;Privat&#8221; f\u00fcr den Fall, dass dieser doch noch einmal gebraucht wird, sodass \u00fcberwiegend Evergreen Content angeboten wird \u279a <a href=\"https:\/\/www.kunstberatung.de\/newsletter\/\" target=\"_blank\" rel=\"noopener\">www.kunstberatung.de\/newsletter<\/a>.<\/p>\n<\/div><\/div>\n<\/div>\n<\/div>\n<\/div><\/div>\n\n\n\n\n","protected":false},"excerpt":{"rendered":"<p>Gerne wird der Fokus allein auf die Optimierung der Website f\u00fcr Suchdienste gelegt. Ob das Ranking mit einem Blog verbessert werden kann, gilt als umstritten, jedoch ist ein guter Blog ein ideales Instrument im Marketingmix. Blogs, Online Magazine und Hintergrundinformationen k\u00f6nnen als ein zentrales Instrument im Marketingmix f\u00fcr eine zielgruppengerechte Ansprache und als Kommunikationskanal verwendet [&hellip;]<\/p>\n","protected":false},"author":1,"featured_media":245,"parent":0,"menu_order":12,"comment_status":"closed","ping_status":"closed","template":"","meta":{"_acf_changed":false,"footnotes":""},"tags":[],"class_list":["post-246","page","type-page","status-publish","has-post-thumbnail","hentry"],"acf":[],"_links":{"self":[{"href":"https:\/\/www.servicepraxis.com\/plugins\/wp-json\/wp\/v2\/pages\/246","targetHints":{"allow":["GET"]}}],"collection":[{"href":"https:\/\/www.servicepraxis.com\/plugins\/wp-json\/wp\/v2\/pages"}],"about":[{"href":"https:\/\/www.servicepraxis.com\/plugins\/wp-json\/wp\/v2\/types\/page"}],"author":[{"embeddable":true,"href":"https:\/\/www.servicepraxis.com\/plugins\/wp-json\/wp\/v2\/users\/1"}],"replies":[{"embeddable":true,"href":"https:\/\/www.servicepraxis.com\/plugins\/wp-json\/wp\/v2\/comments?post=246"}],"version-history":[{"count":0,"href":"https:\/\/www.servicepraxis.com\/plugins\/wp-json\/wp\/v2\/pages\/246\/revisions"}],"wp:featuredmedia":[{"embeddable":true,"href":"https:\/\/www.servicepraxis.com\/plugins\/wp-json\/wp\/v2\/media\/245"}],"wp:attachment":[{"href":"https:\/\/www.servicepraxis.com\/plugins\/wp-json\/wp\/v2\/media?parent=246"}],"wp:term":[{"taxonomy":"post_tag","embeddable":true,"href":"https:\/\/www.servicepraxis.com\/plugins\/wp-json\/wp\/v2\/tags?post=246"}],"curies":[{"name":"wp","href":"https:\/\/api.w.org\/{rel}","templated":true}]}}