{"id":43,"date":"2024-11-20T08:38:05","date_gmt":"2024-11-20T07:38:05","guid":{"rendered":"https:\/\/www.servicepraxis.com\/members\/?page_id=43"},"modified":"2025-05-17T13:56:02","modified_gmt":"2025-05-17T11:56:02","slug":"support","status":"publish","type":"page","link":"https:\/\/www.servicepraxis.com\/members\/support\/","title":{"rendered":"Kontakt"},"content":{"rendered":"Anfrage als Gast Du brauchst fix unsere Hilfe? Dann bist du hier genau richtig! Einfach das Formular ausf\u00fcllen, und wir melden uns blitzschnell bei dir. Und f\u00fcr alle, die schon <a href=\"https:\/\/www.servicepraxis.com\/members\/support\/\" class=\"more-link\">(mehr\u00a0&hellip;)<\/a>","protected":false},"excerpt":{"rendered":"<p>Du brauchst fix unsere Hilfe? Dann bist du hier genau richtig! Einfach das Formular ausf\u00fcllen, und wir melden uns blitzschnell bei dir. Und f\u00fcr alle, die schon zur Community geh\u00f6ren: (mehr\u00a0&hellip;)<\/p>\n","protected":false},"author":1,"featured_media":0,"parent":0,"menu_order":0,"comment_status":"closed","ping_status":"closed","template":"","meta":{"_acf_changed":true,"footnotes":""},"tags":[],"class_list":["post-43","page","type-page","status-publish","hentry"],"acf":[],"_links":{"self":[{"href":"https:\/\/www.servicepraxis.com\/members\/wp-json\/wp\/v2\/pages\/43","targetHints":{"allow":["GET"]}}],"collection":[{"href":"https:\/\/www.servicepraxis.com\/members\/wp-json\/wp\/v2\/pages"}],"about":[{"href":"https:\/\/www.servicepraxis.com\/members\/wp-json\/wp\/v2\/types\/page"}],"author":[{"embeddable":true,"href":"https:\/\/www.servicepraxis.com\/members\/wp-json\/wp\/v2\/users\/1"}],"replies":[{"embeddable":true,"href":"https:\/\/www.servicepraxis.com\/members\/wp-json\/wp\/v2\/comments?post=43"}],"version-history":[{"count":0,"href":"https:\/\/www.servicepraxis.com\/members\/wp-json\/wp\/v2\/pages\/43\/revisions"}],"wp:attachment":[{"href":"https:\/\/www.servicepraxis.com\/members\/wp-json\/wp\/v2\/media?parent=43"}],"wp:term":[{"taxonomy":"post_tag","embeddable":true,"href":"https:\/\/www.servicepraxis.com\/members\/wp-json\/wp\/v2\/tags?post=43"}],"curies":[{"name":"wp","href":"https:\/\/api.w.org\/{rel}","templated":true}]}}