{"id":2,"date":"2024-11-10T11:53:56","date_gmt":"2024-11-10T10:53:56","guid":{"rendered":"https:\/\/www.servicepraxis.com\/members\/?page_id=2"},"modified":"2025-06-28T07:55:56","modified_gmt":"2025-06-28T05:55:56","slug":"beispiel-seite","status":"publish","type":"page","link":"https:\/\/www.servicepraxis.com\/members\/","title":{"rendered":"Mitgliederbereiche in WordPress"},"content":{"rendered":"WordPress bietet eine \u00e4u\u00dferst vielseitige und leistungsstarke Plattform, die es auch erm\u00f6glicht, Inhalte gezielt nur f\u00fcr registrierte Nutzer:innen zug\u00e4nglich zu machen. Diese Funktionalit\u00e4t ist besonders wertvoll, wenn es darum geht, <a href=\"https:\/\/www.servicepraxis.com\/members\/\" class=\"more-link\">(mehr\u00a0&hellip;)<\/a>","protected":false},"excerpt":{"rendered":"<p>Im Folgenden gehen wir auf die grundlegenden M\u00f6glichkeiten und Vorteile solcher Systeme f\u00fcr eine Mitglieder-Website ein und erl\u00e4utern, wie sie effektiv genutzt werden k\u00f6nnen, um Nutzerrechte zu verwalten und deine (mehr\u00a0&hellip;)<\/p>\n","protected":false},"author":1,"featured_media":0,"parent":0,"menu_order":0,"comment_status":"closed","ping_status":"open","template":"","meta":{"_acf_changed":false,"footnotes":""},"tags":[],"class_list":["post-2","page","type-page","status-publish","hentry"],"acf":[],"_links":{"self":[{"href":"https:\/\/www.servicepraxis.com\/members\/wp-json\/wp\/v2\/pages\/2","targetHints":{"allow":["GET"]}}],"collection":[{"href":"https:\/\/www.servicepraxis.com\/members\/wp-json\/wp\/v2\/pages"}],"about":[{"href":"https:\/\/www.servicepraxis.com\/members\/wp-json\/wp\/v2\/types\/page"}],"author":[{"embeddable":true,"href":"https:\/\/www.servicepraxis.com\/members\/wp-json\/wp\/v2\/users\/1"}],"replies":[{"embeddable":true,"href":"https:\/\/www.servicepraxis.com\/members\/wp-json\/wp\/v2\/comments?post=2"}],"version-history":[{"count":0,"href":"https:\/\/www.servicepraxis.com\/members\/wp-json\/wp\/v2\/pages\/2\/revisions"}],"wp:attachment":[{"href":"https:\/\/www.servicepraxis.com\/members\/wp-json\/wp\/v2\/media?parent=2"}],"wp:term":[{"taxonomy":"post_tag","embeddable":true,"href":"https:\/\/www.servicepraxis.com\/members\/wp-json\/wp\/v2\/tags?post=2"}],"curies":[{"name":"wp","href":"https:\/\/api.w.org\/{rel}","templated":true}]}}