{"id":197,"date":"2024-12-19T10:48:32","date_gmt":"2024-12-19T09:48:32","guid":{"rendered":"https:\/\/www.servicepraxis.com\/members\/?page_id=197"},"modified":"2025-05-17T07:14:06","modified_gmt":"2025-05-17T05:14:06","slug":"archiv","status":"publish","type":"page","link":"https:\/\/www.servicepraxis.com\/members\/archiv\/","title":{"rendered":"Archiv"},"content":{"rendered":"\n<div class=\"wp-block-group text\"><div class=\"wp-block-group__inner-container is-layout-constrained wp-block-group-is-layout-constrained\">\n<p>Das Beispiel aus der Praxis zeigt, wie Beitr\u00e4ge (auf Wunsch auch nur aus bestimmten Kategorien) in WordPress mit einem Shortcode auf einer beliebigen Seite ausgeben k\u00f6nnen. Die Posts werden dabei \u00fcbersichtlich <strong>nach Jahr und Monat gruppiert<\/strong> angezeigt. Die Beitr\u00e4ge aus den gew\u00fcnschten Kategorien sind nach Erscheinungsjahr gegliedert und innerhalb eines Jahres nach Monaten sortiert. Die Paginierung am Ende erlaubt es, zwischen Seiten zu wechseln, wenn viele Beitr\u00e4ge vorhanden sind. Mittels einem optionalem Shortcode l\u00e4sst sich diese Struktur auf jeder beliebigen Seite einf\u00fcgen. Mit dieser L\u00f6sung wird eine klare \u00dcbersicht \u00fcber die ver\u00f6ffentlichten Beitr\u00e4ge erm\u00f6glicht. Besucher:innen bietet sie eine bessere Orientierung \u2013 ideal f\u00fcr archivierte Inhalte oder Newsbereiche!<\/p>\n<\/div><\/div>\n\n\n\n<div class=\"wp-block-group intro\"><div class=\"wp-block-group__inner-container is-layout-constrained wp-block-group-is-layout-constrained\">\n<p>WordPress als leistungsstarke Plattform, um Inhalte gezielt nur f\u00fcr registrierte Nutzer:innen zug\u00e4nglich zu machen. Wir gehen auf die grundlegenden Mechanismen solcher Systeme ein und erl\u00e4utert, wie diese zur Verwaltung von Nutzerrechten und zum Schutz von Inhalten eingesetzt werden k\u00f6nnen, um sowohl die Benutzererfahrung zu verbessern als auch die Sicherheit zu gew\u00e4hrleisten. Aktuelle Themen und Artikel umfassen unter anderem den sicheren Umgang mit Mediendateien, Datenschutz im Mitgliedermanagement und die Grundlagen von Mitgliedschaftssystemen.<\/p>\n<\/div><\/div>\n\n\n<div class=\"custom-category-posts d-print-none\"><div class=\"h1 ribbon\">2025<\/div><div class=\"h2 mb-2\">Juni<\/div><hr class=\"wp-block-separator has-alpha-channel-opacity d-print-none\"><div class=\"post-group\"><section id=\"post-560\" class=\"pb-3 post-560 post type-post status-publish format-standard hentry category-blog tag-wartung-und-optimierung\"><h3><a href=\"https:\/\/www.servicepraxis.com\/members\/blog\/barrierefreiheit\/\">Barrierefreiheit<\/a><\/h3><p><a href=\"https:\/\/www.servicepraxis.com\/members\/blog\/barrierefreiheit\/\">Nun ist es da, das Barrierefreiheitsst\u00e4rkungsgesetz. Das sperrige Wort setzt letztlich nur eine europ\u00e4ische Richtlinie um und hat ein klares Ziel: Digitale Angebote m\u00fcssen barrierefrei werden. Das bedeutet konkret, dass Menschen mit Behinderungen Websites und E-Mails genauso gut nutzen k\u00f6nnen m\u00fcssen wie alle anderen. <\/a><\/p><\/section><section id=\"post-522\" class=\"pb-3 post-522 post type-post status-publish format-standard hentry category-memberarea tag-mitgliederbindung\"><h3><a href=\"https:\/\/www.servicepraxis.com\/members\/memberarea\/handlungsaufforderungen\/\">Handlungsaufforderungen auf Websites<\/a><\/h3><p><a href=\"https:\/\/www.servicepraxis.com\/members\/memberarea\/handlungsaufforderungen\/\">Sowohl Exit-Intent Pop-ups als auch Scroll-Triggered Formulare sind prim\u00e4r dazu da, starke Handlungsaufforderungen (Call to Action) zu pr\u00e4sentieren. Der Gedanke dahinter ist, Nutzer:innen in auf der Website zu halten oder zu einer gew\u00fcnschten Aktion zu bewegen, bevor diese die Seite unter Umst\u00e4nden verlassen.<\/a><\/p><\/section><\/div><div class=\"h2 mb-2\">Mai<\/div><hr class=\"wp-block-separator has-alpha-channel-opacity d-print-none\"><div class=\"post-group\"><section id=\"post-496\" class=\"pb-3 post-496 post type-post status-publish format-standard hentry category-membership tag-formulare-in-wordpress\"><h3><a href=\"https:\/\/www.servicepraxis.com\/members\/membership\/formulare-in-mitglieder-websites\/\">Formulare in Websites f\u00fcr Mitglieder<\/a><\/h3><p><a href=\"https:\/\/www.servicepraxis.com\/members\/membership\/formulare-in-mitglieder-websites\/\">Wir legen Wert auf unkomplizierte Abl\u00e4ufe! Insbesondere dann, wenn es um einfache Kontaktaufnahme, Supportanfragen oder den Zugang zu spannenden Veranstaltungen auf einer Website mit einem Bereich f\u00fcr Mitglieder mittels intelligenter Formularen geht.<\/a><\/p><\/section><\/div><div class=\"h2 mb-2\">April<\/div><hr class=\"wp-block-separator has-alpha-channel-opacity d-print-none\"><div class=\"post-group\"><section id=\"post-394\" class=\"pb-3 post-394 post type-post status-publish format-standard hentry category-membership tag-mitglieder-websites tag-mitgliederbindung\"><h3><a href=\"https:\/\/www.servicepraxis.com\/members\/membership\/newsletter\/\">Personalisierte Benachrichtigungen<\/a><\/h3><p><a href=\"https:\/\/www.servicepraxis.com\/members\/membership\/newsletter\/\">Wir m\u00f6chten, dass deine Nutzer mehr lesen, was sie lieben \u2013 und weniger verwalten m\u00fcssen. Statt manuell nach neuen Artikeln zu suchen oder generelle Newsletter zu durchforsten, bringen wir die passenden Inhalte direkt zu deinen Mitgliedern.<\/a><\/p><\/section><\/div><div class=\"h2 mb-2\">M\u00e4rz<\/div><hr class=\"wp-block-separator has-alpha-channel-opacity d-print-none\"><div class=\"post-group\"><section id=\"post-376\" class=\"pb-3 post-376 post type-post status-publish format-standard hentry category-blog\"><h3><a href=\"https:\/\/www.servicepraxis.com\/members\/blog\/mitgliederverwaltung\/\">Mitgliederverwaltung Upgrade<\/a><\/h3><p><a href=\"https:\/\/www.servicepraxis.com\/members\/blog\/mitgliederverwaltung\/\">Mit der Ver\u00f6ffentlichung im Februar 2025 gibt es eine Reihe von \u00c4nderungen sowie neue Funktionen und Verbesserungen, die das Benutzererlebnis und die Verwaltung von Mitgliederseiten auf WordPress optimieren.<\/a><\/p><\/section><\/div><\/div><nav class=\"navigation pagination d-print-none\"><span aria-current=\"page\" class=\"page-numbers current\">1<\/span>\n<a class=\"page-numbers\" href=\"https:\/\/www.servicepraxis.com\/members\/wp-json\/wp\/v2\/pages\/197\/page\/2\/\">2<\/a>\n<a class=\"page-numbers\" href=\"https:\/\/www.servicepraxis.com\/members\/wp-json\/wp\/v2\/pages\/197\/page\/3\/\">3<\/a>\n<a class=\"page-numbers\" href=\"https:\/\/www.servicepraxis.com\/members\/wp-json\/wp\/v2\/pages\/197\/page\/4\/\">4<\/a>\n<a class=\"next page-numbers\" href=\"https:\/\/www.servicepraxis.com\/members\/wp-json\/wp\/v2\/pages\/197\/page\/2\/\">N\u00e4chste &raquo;<\/a><\/nav>\n\n\n\n<div class=\"wp-block-group text\"><div class=\"wp-block-group__inner-container is-layout-constrained wp-block-group-is-layout-constrained\">\n<p class=\"mt-5\">Die Seite <a href=\"https:\/\/www.eidlitz.de\/newsarchiv\/\" target=\"_blank\" rel=\"noreferrer noopener\">www.eidlitz.de\/newsarchiv<\/a> zeigt, wie strukturierte Newsarchive umgesetzt werden k\u00f6nnen. Alle Beitr\u00e4ge, die jeweils komplett angezeigt werden, sind nach Jahr gruppiert, sodass Besucher schnell relevante Inhalte finden k\u00f6nnen. Dieses Archiv kombiniert<strong> funktionale Ordnung<\/strong> mit <strong>klarer \u00c4sthetik<\/strong>. Es ist ideal f\u00fcr Websites, die viele Inhalte pr\u00e4sentieren und trotzdem Wert auf eine benutzerfreundliche Darstellung legen, denn es passt sich optimal an verschiedene Bildschirmgr\u00f6\u00dfen an und bleibt auch auf mobilen Ger\u00e4ten \u00fcbersichtlich.<\/p>\n<\/div><\/div>\n","protected":false},"excerpt":{"rendered":"<p>Das Beispiel aus der Praxis zeigt, wie Beitr\u00e4ge (auf Wunsch auch nur aus bestimmten Kategorien) in WordPress mit einem Shortcode auf einer beliebigen Seite ausgeben k\u00f6nnen. Die Posts werden dabei \u00fcbersichtlich nach Jahr und Monat gruppiert angezeigt. Die Beitr\u00e4ge aus den gew\u00fcnschten Kategorien sind nach Erscheinungsjahr gegliedert und innerhalb eines Jahres nach Monaten sortiert. Die [&hellip;]<\/p>\n","protected":false},"author":1,"featured_media":0,"parent":0,"menu_order":0,"comment_status":"closed","ping_status":"closed","template":"","meta":{"_acf_changed":true,"footnotes":""},"tags":[],"class_list":["post-197","page","type-page","status-publish","hentry"],"acf":[],"_links":{"self":[{"href":"https:\/\/www.servicepraxis.com\/members\/wp-json\/wp\/v2\/pages\/197","targetHints":{"allow":["GET"]}}],"collection":[{"href":"https:\/\/www.servicepraxis.com\/members\/wp-json\/wp\/v2\/pages"}],"about":[{"href":"https:\/\/www.servicepraxis.com\/members\/wp-json\/wp\/v2\/types\/page"}],"author":[{"embeddable":true,"href":"https:\/\/www.servicepraxis.com\/members\/wp-json\/wp\/v2\/users\/1"}],"replies":[{"embeddable":true,"href":"https:\/\/www.servicepraxis.com\/members\/wp-json\/wp\/v2\/comments?post=197"}],"version-history":[{"count":0,"href":"https:\/\/www.servicepraxis.com\/members\/wp-json\/wp\/v2\/pages\/197\/revisions"}],"wp:attachment":[{"href":"https:\/\/www.servicepraxis.com\/members\/wp-json\/wp\/v2\/media?parent=197"}],"wp:term":[{"taxonomy":"post_tag","embeddable":true,"href":"https:\/\/www.servicepraxis.com\/members\/wp-json\/wp\/v2\/tags?post=197"}],"curies":[{"name":"wp","href":"https:\/\/api.w.org\/{rel}","templated":true}]}}