{"id":259,"date":"2023-04-30T12:00:37","date_gmt":"2023-04-30T10:00:37","guid":{"rendered":"https:\/\/www.servicepraxis.com\/faq\/?page_id=259"},"modified":"2023-04-30T12:00:39","modified_gmt":"2023-04-30T10:00:39","slug":"index","status":"publish","type":"page","link":"https:\/\/www.servicepraxis.com\/faq\/index\/","title":{"rendered":"Kunden fragen Experten antworten"},"content":{"rendered":"\n<p>L\u00f6sungen zu Problemen und Herausforderungen, denen sich nicht nur meine Kund:innen stellen, sondern die mir selbst im Laufe eines Projekts oft genug begegnen. Von Grundlagen \u00fcber Auswahl der passenden Erg\u00e4nzungen f\u00fcr WordPress bis hin zur Suchdienstoptimierung. Die wichtigsten Fragen und Antworten nach Themen von A bis Z.<\/p>\n","protected":false},"excerpt":{"rendered":"<p>L\u00f6sungen zu Problemen und Herausforderungen, denen sich nicht nur meine Kund:innen stellen, sondern die mir selbst im Laufe eines Projekts oft genug begegnen. Von Grundlagen \u00fcber Auswahl der passenden Erg\u00e4nzungen f\u00fcr WordPress bis hin zur Suchdienstoptimierung. Die wichtigsten Fragen und Antworten nach Themen von A bis Z.<\/p>\n","protected":false},"author":1,"featured_media":10,"parent":0,"menu_order":3,"comment_status":"closed","ping_status":"closed","template":"","meta":{"_acf_changed":false,"footnotes":""},"tags":[],"class_list":["post-259","page","type-page","status-publish","has-post-thumbnail","hentry"],"acf":[],"_links":{"self":[{"href":"https:\/\/www.servicepraxis.com\/faq\/wp-json\/wp\/v2\/pages\/259","targetHints":{"allow":["GET"]}}],"collection":[{"href":"https:\/\/www.servicepraxis.com\/faq\/wp-json\/wp\/v2\/pages"}],"about":[{"href":"https:\/\/www.servicepraxis.com\/faq\/wp-json\/wp\/v2\/types\/page"}],"author":[{"embeddable":true,"href":"https:\/\/www.servicepraxis.com\/faq\/wp-json\/wp\/v2\/users\/1"}],"replies":[{"embeddable":true,"href":"https:\/\/www.servicepraxis.com\/faq\/wp-json\/wp\/v2\/comments?post=259"}],"version-history":[{"count":0,"href":"https:\/\/www.servicepraxis.com\/faq\/wp-json\/wp\/v2\/pages\/259\/revisions"}],"wp:featuredmedia":[{"embeddable":true,"href":"https:\/\/www.servicepraxis.com\/faq\/wp-json\/wp\/v2\/media\/10"}],"wp:attachment":[{"href":"https:\/\/www.servicepraxis.com\/faq\/wp-json\/wp\/v2\/media?parent=259"}],"wp:term":[{"taxonomy":"post_tag","embeddable":true,"href":"https:\/\/www.servicepraxis.com\/faq\/wp-json\/wp\/v2\/tags?post=259"}],"curies":[{"name":"wp","href":"https:\/\/api.w.org\/{rel}","templated":true}]}}