{"id":2,"date":"2022-10-24T14:46:08","date_gmt":"2022-10-24T12:46:08","guid":{"rendered":"https:\/\/www.servicepraxis.com\/faq\/?page_id=2"},"modified":"2023-04-01T11:46:33","modified_gmt":"2023-04-01T09:46:33","slug":"beispiel-seite","status":"publish","type":"page","link":"https:\/\/www.servicepraxis.com\/faq\/","title":{"rendered":"Frequently Asked Questions"},"content":{"rendered":"\n<p>Auch im Internet k\u00f6nnen Erfolge nur durch sorgf\u00e4ltige Vorbereitung, Planung und Durchf\u00fchrung erreicht werden. Daher werden in Zusammenarbeit mit den Kund:innen Webkonzepte entwickelt, die den Anforderungen des Markts und seiner Marktteilnehmer gerecht werden, um gemeinsam die gesteckten Ziele zu erreichen. <a style=\"border-bottom: 1px dotted;\" href=\"https:\/\/www.servicepraxis.com\/faq\/faqs\/\">Antworten auf die h\u00e4ufigsten Fragen<\/a>:<\/p>\n\n\n\n<div class=\"wp-block-columns card-container-group data-aos_zoom-in data-aos-delay_200 data-aos-duration_400\">\n<div class=\"wp-block-column card-container p-0\" style=\"flex-basis:100%\">\n<div class=\"wp-block-columns card-container p-0\">\n<div class=\"wp-block-column card card2x30zu70txtlink d-flex align-items-stretch\" style=\"flex-basis:33.33%\">\n<div class=\"wp-block-group card-body\"><div class=\"wp-block-group__inner-container\">\n<h3 class=\"card-title wp-block-heading\">WordPress<\/h3>\n\n\n\n<p class=\"card-text\">\u00dcber vierzig Prozent des Internets wird heute von WordPress angetrieben, als Content-Management-System hat es einen Marktanteil von mehr als sechzig Prozent.<\/p>\n<\/div><\/div>\n\n\n\n<div class=\"wp-block-group card-footer\"><div class=\"wp-block-group__inner-container\">\n<p class=\"card-link d-print-none\"><a href=\"https:\/\/www.servicepraxis.com\/faq\/ufaq-category\/wordpress\/\">Mehr<\/a><\/p>\n<\/div><\/div>\n<\/div>\n\n\n\n<div class=\"wp-block-column card card2x30zu70txtlink d-flex align-items-stretch\" style=\"flex-basis:33.33%\">\n<div class=\"wp-block-group card-body\"><div class=\"wp-block-group__inner-container\">\n<h3 class=\"card-title wp-block-heading\">Plugins<\/h3>\n\n\n\n<p class=\"card-text\">Der Erfolg von WordPress hat dazu gef\u00fchrt, dass es nunmehr fast 60.000 Erweiterungen zu nahezu jedem Thema und jeder ben\u00f6tigten Funktionalit\u00e4t gibt.<\/p>\n<\/div><\/div>\n\n\n\n<div class=\"wp-block-group card-footer\"><div class=\"wp-block-group__inner-container\">\n<p class=\"card-link d-print-none\"><a href=\"https:\/\/www.servicepraxis.com\/faq\/ufaq-category\/plugins\/\">Mehr<\/a><\/p>\n<\/div><\/div>\n<\/div>\n\n\n\n<div class=\"wp-block-column card card2x30zu70txtlink d-flex align-items-stretch\" style=\"flex-basis:33.33%\">\n<div class=\"wp-block-group card-body\"><div class=\"wp-block-group__inner-container\">\n<h3 class=\"card-title wp-block-heading\">Datenschutz<\/h3>\n\n\n\n<p class=\"card-text\">Kein Buch mit sieben Siegeln! Urheberrecht, Datenschutz, aber auch Datensparsamkeit auf allen von mir realisierten Webprojekten sind mir ein besonderes Anliegen.<\/p>\n<\/div><\/div>\n\n\n\n<div class=\"wp-block-group card-footer\"><div class=\"wp-block-group__inner-container\">\n<p class=\"card-link d-print-none\"><a href=\"https:\/\/www.servicepraxis.com\/faq\/ufaq-category\/datenschutz\/\">Mehr<\/a><\/p>\n<\/div><\/div>\n<\/div>\n<\/div>\n<\/div>\n<\/div>\n\n\n\n<div class=\"wp-block-columns card-container-group data-aos_zoom-in data-aos-delay_200 data-aos-duration_400\">\n<div class=\"wp-block-column card-container p-0\" style=\"flex-basis:100%\">\n<div class=\"wp-block-columns card-container p-0\">\n<div class=\"wp-block-column card card2x30zu70txtlink d-flex align-items-stretch\" style=\"flex-basis:33.33%\">\n<div class=\"wp-block-group card-body\"><div class=\"wp-block-group__inner-container\">\n<h3 class=\"card-title wp-block-heading\">Cookies<\/h3>\n\n\n\n<p class=\"card-text\">Manchmal unvermeidlich, aber eigentlich sind mir Kekse zum Kaffee lieber. Ziel ist es, wann immer m\u00f6glich, die kleinen Datensammler auf ein Minimum zu reduzieren.<\/p>\n<\/div><\/div>\n\n\n\n<div class=\"wp-block-group card-footer\"><div class=\"wp-block-group__inner-container\">\n<p class=\"card-link d-print-none\"><a href=\"https:\/\/www.servicepraxis.com\/faq\/ufaq-category\/cookies\/\">Mehr<\/a><\/p>\n<\/div><\/div>\n<\/div>\n\n\n\n<div class=\"wp-block-column card card2x30zu70txtlink d-flex align-items-stretch\" style=\"flex-basis:33.33%\">\n<div class=\"wp-block-group card-body\"><div class=\"wp-block-group__inner-container\">\n<h3 class=\"card-title wp-block-heading\">Optimierung<\/h3>\n\n\n\n<p class=\"card-text\">Ziel einer Suchmaschine wie Google ist nicht einzelne Schl\u00fcsselbegriffe zu finden, sondern ganze Themenkomplexe zu erkennen und zu verstehen.<\/p>\n<\/div><\/div>\n\n\n\n<div class=\"wp-block-group card-footer\"><div class=\"wp-block-group__inner-container\">\n<p class=\"card-link d-print-none\"><a href=\"https:\/\/www.servicepraxis.com\/faq\/ufaq-category\/seo\/\">Mehr<\/a><\/p>\n<\/div><\/div>\n<\/div>\n\n\n\n<div class=\"wp-block-column card card2x30zu70txtlink d-flex align-items-stretch\" style=\"flex-basis:33.33%\">\n<div class=\"wp-block-group card-body\"><div class=\"wp-block-group__inner-container\">\n<h3 class=\"card-title wp-block-heading\">Snippets<\/h3>\n\n\n\n<p class=\"card-text\">Snippets sind Ihr Aush\u00e4ngeschild auf der Suchergebnisseite  schlechthin und wichtiger Bestandteil jeder Art von Content-Marketing.<\/p>\n<\/div><\/div>\n\n\n\n<div class=\"wp-block-group card-footer\"><div class=\"wp-block-group__inner-container\">\n<p class=\"card-link d-print-none\"><a href=\"https:\/\/www.servicepraxis.com\/faq\/ufaq-category\/snippets\/\">Mehr<\/a><\/p>\n<\/div><\/div>\n<\/div>\n<\/div>\n<\/div>\n<\/div>\n\n\n\n<div class=\"wp-block-columns card-container-group data-aos_zoom-in data-aos-delay_200 data-aos-duration_400\">\n<div class=\"wp-block-column card-container p-0\" style=\"flex-basis:100%\">\n<div class=\"wp-block-columns card-container p-0\">\n<div class=\"wp-block-column card card2x30zu70txtlink d-flex align-items-stretch\" style=\"flex-basis:33.33%\">\n<div class=\"wp-block-group card-body\"><div class=\"wp-block-group__inner-container\">\n<h3 class=\"card-title wp-block-heading\">H\u00e4ufige Irrt\u00fcmer<\/h3>\n\n\n\n<p class=\"card-text\">Fakt, Fake oder Mythos? Die h\u00e4ufigsten Irrt\u00fcmer rund um Webseiten aus der Praxis, die mir im Alltag begegnen bzw. mit denen meine Kund:innen konfrontiert werden.<\/p>\n<\/div><\/div>\n\n\n\n<div class=\"wp-block-group card-footer\"><div class=\"wp-block-group__inner-container\">\n<p class=\"card-link d-print-none\"><a href=\"https:\/\/www.servicepraxis.com\/faq\/ufaq-category\/faktencheck\/\">Mehr<\/a><\/p>\n<\/div><\/div>\n<\/div>\n\n\n\n<div class=\"wp-block-column card card2x30zu70txtlink d-flex align-items-stretch\" style=\"flex-basis:33.33%\">\n<div class=\"wp-block-group card-body\"><div class=\"wp-block-group__inner-container\">\n<h3 class=\"card-title wp-block-heading\">Internet-Marketing<\/h3>\n\n\n\n<p class=\"card-text\">Durch inhaltliche Updates und Optimierung erhalten Sie die Website auf dem neusten Stand, geben Besucher:innen Anreize sie immer wieder zu besuchen.<\/p>\n<\/div><\/div>\n\n\n\n<div class=\"wp-block-group card-footer\"><div class=\"wp-block-group__inner-container\">\n<p class=\"card-link d-print-none\"><a href=\"https:\/\/www.servicepraxis.com\/faq\/ufaq-category\/internetmarketing\/\">Mehr<\/a><\/p>\n<\/div><\/div>\n<\/div>\n\n\n\n<div class=\"wp-block-column card card2x30zu70txtlink d-flex align-items-stretch\" style=\"flex-basis:33.33%\">\n<div class=\"wp-block-group card-body\"><div class=\"wp-block-group__inner-container\">\n<h3 class=\"card-title wp-block-heading\">How To Do<\/h3>\n\n\n\n<p class=\"card-text\">WordPress in der Praxis mit Beispielen und einfachen How-To Anleitungen ggf. mit Video als Service f\u00fcr den Arbeitsalltag mit der eigenen Website.<\/p>\n<\/div><\/div>\n\n\n\n<div class=\"wp-block-group card-footer\"><div class=\"wp-block-group__inner-container\">\n<p class=\"card-link d-print-none\"><a href=\"https:\/\/www.servicepraxis.com\/faq\/how-to\/\">Mehr<\/a><\/p>\n<\/div><\/div>\n<\/div>\n<\/div>\n<\/div>\n<\/div>\n","protected":false},"excerpt":{"rendered":"<p>Auch im Internet k\u00f6nnen Erfolge nur durch sorgf\u00e4ltige Vorbereitung, Planung und Durchf\u00fchrung erreicht werden. Daher werden in Zusammenarbeit mit den Kund:innen Webkonzepte entwickelt, die den Anforderungen des Markts und seiner Marktteilnehmer gerecht werden, um gemeinsam die gesteckten Ziele zu erreichen. Antworten auf die h\u00e4ufigsten Fragen: WordPress \u00dcber vierzig Prozent des Internets wird heute von WordPress [&hellip;]<\/p>\n","protected":false},"author":1,"featured_media":10,"parent":0,"menu_order":1,"comment_status":"closed","ping_status":"open","template":"","meta":{"_acf_changed":false,"footnotes":""},"tags":[],"class_list":["post-2","page","type-page","status-publish","has-post-thumbnail","hentry"],"acf":[],"_links":{"self":[{"href":"https:\/\/www.servicepraxis.com\/faq\/wp-json\/wp\/v2\/pages\/2","targetHints":{"allow":["GET"]}}],"collection":[{"href":"https:\/\/www.servicepraxis.com\/faq\/wp-json\/wp\/v2\/pages"}],"about":[{"href":"https:\/\/www.servicepraxis.com\/faq\/wp-json\/wp\/v2\/types\/page"}],"author":[{"embeddable":true,"href":"https:\/\/www.servicepraxis.com\/faq\/wp-json\/wp\/v2\/users\/1"}],"replies":[{"embeddable":true,"href":"https:\/\/www.servicepraxis.com\/faq\/wp-json\/wp\/v2\/comments?post=2"}],"version-history":[{"count":0,"href":"https:\/\/www.servicepraxis.com\/faq\/wp-json\/wp\/v2\/pages\/2\/revisions"}],"wp:featuredmedia":[{"embeddable":true,"href":"https:\/\/www.servicepraxis.com\/faq\/wp-json\/wp\/v2\/media\/10"}],"wp:attachment":[{"href":"https:\/\/www.servicepraxis.com\/faq\/wp-json\/wp\/v2\/media?parent=2"}],"wp:term":[{"taxonomy":"post_tag","embeddable":true,"href":"https:\/\/www.servicepraxis.com\/faq\/wp-json\/wp\/v2\/tags?post=2"}],"curies":[{"name":"wp","href":"https:\/\/api.w.org\/{rel}","templated":true}]}}