{"id":3,"date":"2023-05-17T10:00:58","date_gmt":"2023-05-17T08:00:58","guid":{"rendered":"https:\/\/www.servicepraxis.com\/ecommerce\/?page_id=14"},"modified":"2023-06-03T09:52:13","modified_gmt":"2023-06-03T07:52:13","slug":"shops","status":"publish","type":"page","link":"https:\/\/www.servicepraxis.com\/ecommerce\/","title":{"rendered":"E-Commerce und Shops mit WordPress"},"content":{"rendered":"\n<p>F\u00fcr E-Commerce bzw. Shops steht das Plugin WooCommerce bzw. Germanized f\u00fcr Woo Commerce zur Verf\u00fcgung (sowie sogenannte Pro-Versionen gegen Geb\u00fchr), f\u00fcr geschlossene Bereiche, Mitgliederverwaltung u.&nbsp;\u00e4. Ultimate Member, f\u00fcr Lernplattformen z.&nbsp;B. Learn Press u.&nbsp;v.&nbsp;m.<\/p>\n\n\n\n<div class=\"wp-block-group call-to-action-group d-print-none\"><div class=\"wp-block-group__inner-container is-layout-flow wp-block-group-is-layout-flow\">\n<p class=\"call-to-action-text\">Erstellen Sie genau die E-Commerce-Website, die Sie sich w\u00fcnschen, mit WooCommerce \u2013 einer anpassbaren, auf WordPress aufbauenden Open-Source-E-Commerce-Plattform.<\/p>\n\n\n\n<div class=\"mb-2 d-print-none wp-bootstrap-blocks-button\">\n<a title=\"Warenkorbsyteme f\u00fcr WordPress\" href=\"https:\/\/www.servicepraxis.com\/ecommerce\/woocommerce\/\" class=\"btn call-to-action-button btn-secondary\" style=\"text-transform: uppercase; background-color: rgba(64,11,11, 1); border-color: #400b0b; color: #ffffff;\"> shops.servicepraxis.com <\/a>\n<\/div>\n<\/div><\/div>\n","protected":false},"excerpt":{"rendered":"<p>F\u00fcr E-Commerce bzw. Shops steht das Plugin WooCommerce bzw. Germanized f\u00fcr Woo Commerce zur Verf\u00fcgung (sowie sogenannte Pro-Versionen gegen Geb\u00fchr), f\u00fcr geschlossene Bereiche, Mitgliederverwaltung u.&nbsp;\u00e4. Ultimate Member, f\u00fcr Lernplattformen z.&nbsp;B. Learn Press u.&nbsp;v.&nbsp;m. Erstellen Sie genau die E-Commerce-Website, die Sie sich w\u00fcnschen, mit WooCommerce \u2013 einer anpassbaren, auf WordPress aufbauenden Open-Source-E-Commerce-Plattform. shops.servicepraxis.com<\/p>\n","protected":false},"author":1,"featured_media":5,"parent":0,"menu_order":0,"comment_status":"closed","ping_status":"closed","template":"","meta":{"_acf_changed":false,"footnotes":""},"class_list":["post-3","page","type-page","status-publish","has-post-thumbnail","hentry"],"acf":[],"_links":{"self":[{"href":"https:\/\/www.servicepraxis.com\/ecommerce\/wp-json\/wp\/v2\/pages\/3","targetHints":{"allow":["GET"]}}],"collection":[{"href":"https:\/\/www.servicepraxis.com\/ecommerce\/wp-json\/wp\/v2\/pages"}],"about":[{"href":"https:\/\/www.servicepraxis.com\/ecommerce\/wp-json\/wp\/v2\/types\/page"}],"author":[{"embeddable":true,"href":"https:\/\/www.servicepraxis.com\/ecommerce\/wp-json\/wp\/v2\/users\/1"}],"replies":[{"embeddable":true,"href":"https:\/\/www.servicepraxis.com\/ecommerce\/wp-json\/wp\/v2\/comments?post=3"}],"version-history":[{"count":0,"href":"https:\/\/www.servicepraxis.com\/ecommerce\/wp-json\/wp\/v2\/pages\/3\/revisions"}],"wp:featuredmedia":[{"embeddable":true,"href":"https:\/\/www.servicepraxis.com\/ecommerce\/wp-json\/wp\/v2\/media\/5"}],"wp:attachment":[{"href":"https:\/\/www.servicepraxis.com\/ecommerce\/wp-json\/wp\/v2\/media?parent=3"}],"curies":[{"name":"wp","href":"https:\/\/api.w.org\/{rel}","templated":true}]}}